{"id":778926,"date":"2025-12-30T09:47:51","date_gmt":"2025-12-30T06:47:51","guid":{"rendered":"https:\/\/roveyayinevi.com.tr\/index.php\/urun\/dunki-turkiye-4-kitap-konak\/"},"modified":"2026-02-03T02:11:50","modified_gmt":"2026-02-02T23:11:50","slug":"dunki-turkiye-4-kitap-konak","status":"publish","type":"product","link":"https:\/\/roveyayinevi.com.tr\/index.php\/urun\/dunki-turkiye-4-kitap-konak\/","title":{"rendered":"D\u00fcnki T\u00fcrkiye 4. Kitap: Konak"},"content":{"rendered":"<p>Sanat adamlar\u0131 ancak yery\u00fcz\u00fcn\u00fc g\u00fczelle\u015ftirebilmek u\u011frunda, \u00e7irkinde bile mevcut olan b\u00fct\u00fcn g\u00fczellikleri insanlar\u0131n g\u00f6n\u00fcl g\u00f6z\u00fcnde yerle\u015ftirmek i\u00e7in \u00e7aba sarfetmek mecburiyetindedirler. Yery\u00fcz\u00fcn\u00fcn g\u00fczelle\u015fmesi d\u00fcnk\u00fc, bug\u00fcnk\u00fc, yar\u0131nki \u00e7abalar\u0131n senteziyle olur. Mesele bu \u00fc\u00e7 \u00e7aban\u0131n sentezini yapabilmek, bug\u00fcn b\u00fct\u00fcn maddi zenginliklerine ra\u011fmen ruh yoksullu\u011funda bunalan insanlara yar\u0131n\u0131n sentezini g\u00f6sterebilmektir. Bu b\u00f6yle olunca da insan ve g\u00fczel mefhumlar\u0131 bir araya gelmi\u015f olur. Bu g\u00f6r\u00fc\u015f a\u00e7\u0131s\u0131ndan da insan\u0131n varl\u0131\u011f\u0131n\u0131n sebebi olarak ortada g\u00fczellik kal\u0131r. G\u00fczel ayn\u0131 zamanda insan\u0131n huzurudur, umududur ve mutlulu\u011fudur. Sanat adam\u0131n\u0131n g\u00f6revi ise huzur, umut ve mutluluk i\u00e7indir. <\/p>\n","protected":false},"excerpt":{"rendered":"<p>Sanat adamlar\u0131 ancak yery\u00fcz\u00fcn\u00fc g\u00fczelle\u015ftirebilmek u\u011frunda, \u00e7irkinde bile mevcut olan b\u00fct\u00fcn g\u00fczellikleri insanlar\u0131n g\u00f6n\u00fcl g\u00f6z\u00fcnde yerle\u015ftirmek i\u00e7in \u00e7aba sarfetmek mecburiyetindedirler. Yery\u00fcz\u00fcn\u00fcn g\u00fczelle\u015fmesi d\u00fcnk\u00fc, bug\u00fcnk\u00fc, yar\u0131nki \u00e7abalar\u0131n<span class=\"excerpt-hellip\"> [\u2026]<\/span><\/p>\n","protected":false},"featured_media":0,"template":"","meta":{"_monsterinsights_skip_tracking":false,"_monsterinsights_sitenote_active":false,"_monsterinsights_sitenote_note":"","_monsterinsights_sitenote_category":0},"product_brand":[],"product_cat":[12291,12292],"product_tag":[],"class_list":{"0":"post-778926","1":"product","2":"type-product","3":"status-publish","5":"product_cat-edebiyat","6":"product_cat-turk-edebiyati","7":"pa_cilt-ciltsiz","8":"pa_tur-kitap","9":"pa_yayinevi-irfan-yayincilik","10":"pa_yazar-mustafa-necati-sepetcioglu","12":"first","13":"instock","14":"sale","15":"shipping-taxable","16":"purchasable","17":"product-type-simple"},"_links":{"self":[{"href":"https:\/\/roveyayinevi.com.tr\/index.php\/wp-json\/wp\/v2\/product\/778926","targetHints":{"allow":["GET"]}}],"collection":[{"href":"https:\/\/roveyayinevi.com.tr\/index.php\/wp-json\/wp\/v2\/product"}],"about":[{"href":"https:\/\/roveyayinevi.com.tr\/index.php\/wp-json\/wp\/v2\/types\/product"}],"wp:attachment":[{"href":"https:\/\/roveyayinevi.com.tr\/index.php\/wp-json\/wp\/v2\/media?parent=778926"}],"wp:term":[{"taxonomy":"product_brand","embeddable":true,"href":"https:\/\/roveyayinevi.com.tr\/index.php\/wp-json\/wp\/v2\/product_brand?post=778926"},{"taxonomy":"product_cat","embeddable":true,"href":"https:\/\/roveyayinevi.com.tr\/index.php\/wp-json\/wp\/v2\/product_cat?post=778926"},{"taxonomy":"product_tag","embeddable":true,"href":"https:\/\/roveyayinevi.com.tr\/index.php\/wp-json\/wp\/v2\/product_tag?post=778926"}],"curies":[{"name":"wp","href":"https:\/\/api.w.org\/{rel}","templated":true}]}}