{"id":778923,"date":"2025-12-30T09:47:41","date_gmt":"2025-12-30T06:47:41","guid":{"rendered":"https:\/\/roveyayinevi.com.tr\/index.php\/urun\/buyulu-kucuk-kitaplar-bay-uzuncizme\/"},"modified":"2025-12-30T09:47:41","modified_gmt":"2025-12-30T06:47:41","slug":"buyulu-kucuk-kitaplar-bay-uzuncizme","status":"publish","type":"product","link":"https:\/\/roveyayinevi.com.tr\/index.php\/urun\/buyulu-kucuk-kitaplar-bay-uzuncizme\/","title":{"rendered":"B\u00fcy\u00fcl\u00fc K\u00fc\u00e7\u00fck Kitaplar &#8211; Bay Uzun\u00e7izme"},"content":{"rendered":"<p>\u00dc\u00e7 heyecanl\u0131 \u00f6yk\u00fc ve bir h\u0131nz\u0131r bir kedi!\u00c7ok sevilen \u201cB\u00fcy\u00fcl\u00fc K\u00fc\u00e7\u00fck Kitaplar\u201d dizisinin \u00fc\u00e7\u00fcnc\u00fc kitab\u0131n\u0131n i\u00e7inde h\u0131nz\u0131r bir kedi dolan\u0131yor. Okumaya yeni ba\u015flayan \u00e7ocuklar\u0131n okuma keyfi kazanmalar\u0131n\u0131 ama\u00e7layan, her kitab\u0131 farkl\u0131 bir yazar ve ill\u00fcstrat\u00f6r taraf\u0131ndan haz\u0131rlanan bu \u00f6zg\u00fcn dizi, \u00e7ocuklar\u0131n duygu, d\u00fc\u015f\u00fcnce ve hayal g\u00fc\u00e7lerinin geli\u015fimini destekleyici unsurlar olarak kullan\u0131lan fantastik \u00f6\u011felerle kurgulan\u0131yor. Okumay\u0131 kolayla\u015ft\u0131ran sayfa d\u00fczeni ve etkili siyah-beyaz resimleriyle, \u00e7ocuklar\u0131n kitap okuma iste\u011fini ve h\u0131z\u0131n\u0131 art\u0131r\u0131c\u0131 nitelikte.Bay Uzun\u00e7izme, s\u0131radan bir kedi gibi g\u00f6r\u00fcnmekle birlikte, Selina\u2019n\u0131n ailesiyle ya\u015famaya ba\u015flad\u0131\u011f\u0131nda \u015fa\u015f\u0131rt\u0131c\u0131, heyecanl\u0131 ve b\u00fcy\u00fcl\u00fc olaylar birbirini izler. \u00d6nce k\u00fc\u00e7\u00fck, beyaz fil Mendil ortaya \u00e7\u0131kar. Sonra pis kokan bir h\u0131rs\u0131zla ilgili heyecanl\u0131 bir ser\u00fcven ya\u015fan\u0131r. Sonunda da t\u00fcm ailenin \u00e7ok g\u00fczel (!) zaman ge\u00e7irdi\u011fi bir deniz k\u0131y\u0131s\u0131 tatili\u2026 Ancak, dikkat! \u00dc\u00e7 \u00f6yk\u00fcde de \u00e7evrede b\u00fcy\u00fcl\u00fc bir kedi dola\u015fmaktad\u0131r\u2026\ufffc<\/p>\n","protected":false},"excerpt":{"rendered":"<p>\u00dc\u00e7 heyecanl\u0131 \u00f6yk\u00fc ve bir h\u0131nz\u0131r bir kedi!\u00c7ok sevilen \u201cB\u00fcy\u00fcl\u00fc K\u00fc\u00e7\u00fck Kitaplar\u201d dizisinin \u00fc\u00e7\u00fcnc\u00fc kitab\u0131n\u0131n i\u00e7inde h\u0131nz\u0131r bir kedi dolan\u0131yor. Okumaya yeni ba\u015flayan \u00e7ocuklar\u0131n okuma keyfi<span class=\"excerpt-hellip\"> [\u2026]<\/span><\/p>\n","protected":false},"featured_media":0,"template":"","meta":{"_monsterinsights_skip_tracking":false,"_monsterinsights_sitenote_active":false,"_monsterinsights_sitenote_note":"","_monsterinsights_sitenote_category":0},"product_brand":[],"product_cat":[12274,12284],"product_tag":[],"class_list":{"0":"post-778923","1":"product","2":"type-product","3":"status-publish","5":"product_cat-cocuk-ve-genclik-kitaplari","6":"product_cat-hikayeler","7":"pa_cilt-ciltsiz","8":"pa_tur-kitap","9":"pa_yayinevi-gunisigi-kitapligi","10":"pa_yazar-ann-ruffell","12":"first","13":"instock","14":"sale","15":"shipping-taxable","16":"purchasable","17":"product-type-simple"},"_links":{"self":[{"href":"https:\/\/roveyayinevi.com.tr\/index.php\/wp-json\/wp\/v2\/product\/778923","targetHints":{"allow":["GET"]}}],"collection":[{"href":"https:\/\/roveyayinevi.com.tr\/index.php\/wp-json\/wp\/v2\/product"}],"about":[{"href":"https:\/\/roveyayinevi.com.tr\/index.php\/wp-json\/wp\/v2\/types\/product"}],"wp:attachment":[{"href":"https:\/\/roveyayinevi.com.tr\/index.php\/wp-json\/wp\/v2\/media?parent=778923"}],"wp:term":[{"taxonomy":"product_brand","embeddable":true,"href":"https:\/\/roveyayinevi.com.tr\/index.php\/wp-json\/wp\/v2\/product_brand?post=778923"},{"taxonomy":"product_cat","embeddable":true,"href":"https:\/\/roveyayinevi.com.tr\/index.php\/wp-json\/wp\/v2\/product_cat?post=778923"},{"taxonomy":"product_tag","embeddable":true,"href":"https:\/\/roveyayinevi.com.tr\/index.php\/wp-json\/wp\/v2\/product_tag?post=778923"}],"curies":[{"name":"wp","href":"https:\/\/api.w.org\/{rel}","templated":true}]}}