{"id":778922,"date":"2025-12-30T09:47:07","date_gmt":"2025-12-30T06:47:07","guid":{"rendered":"https:\/\/roveyayinevi.com.tr\/index.php\/urun\/tarihten-yaprak-yaprak-pinar-yazilari\/"},"modified":"2026-04-16T02:07:13","modified_gmt":"2026-04-15T23:07:13","slug":"tarihten-yaprak-yaprak-pinar-yazilari","status":"publish","type":"product","link":"https:\/\/roveyayinevi.com.tr\/index.php\/urun\/tarihten-yaprak-yaprak-pinar-yazilari\/","title":{"rendered":"Tarihten Yaprak Yaprak P\u0131nar Yaz\u0131lar\u0131"},"content":{"rendered":"<p>P\u0131nar dergisi, 1970&#8217;li 80&#8217;li y\u0131llarda Yeniden Milli M\u00fccadele Hareketi\u2019nin k\u00fclt\u00fcr ve sanat dergisiydi. Dergi, T\u00fcrk k\u00fclt\u00fcr hayat\u0131na medeniyet eksenli katk\u0131lar sa\u011flad\u0131. P\u0131nar dergisi yazarlar\u0131ndan Veli \u015eirin, bu d\u00f6neme ait yaz\u0131lar\u0131n\u0131 ve tan\u0131kl\u0131klar\u0131n\u0131 P\u0131nar Yaz\u0131lar\u0131 adl\u0131 eserinde okuyucular\u0131yla payla\u015f\u0131yor. \ufffcTan\u0131t\u0131m Metni<\/p>\n","protected":false},"excerpt":{"rendered":"<p>P\u0131nar dergisi, 1970&#8217;li 80&#8217;li y\u0131llarda Yeniden Milli M\u00fccadele Hareketi\u2019nin k\u00fclt\u00fcr ve sanat dergisiydi. Dergi, T\u00fcrk k\u00fclt\u00fcr hayat\u0131na medeniyet eksenli katk\u0131lar sa\u011flad\u0131. P\u0131nar dergisi yazarlar\u0131ndan Veli \u015eirin,<span class=\"excerpt-hellip\"> [\u2026]<\/span><\/p>\n","protected":false},"featured_media":0,"template":"","meta":{"_monsterinsights_skip_tracking":false,"_monsterinsights_sitenote_active":false,"_monsterinsights_sitenote_note":"","_monsterinsights_sitenote_category":0},"product_brand":[],"product_cat":[12304,13493],"product_tag":[],"class_list":{"0":"post-778922","1":"product","2":"type-product","3":"status-publish","5":"product_cat-tarih","6":"product_cat-turkiye-ve-cumhuriyet-tarihi","7":"pa_cilt-ciltsiz","8":"pa_tur-kitap","9":"pa_yayinevi-biyografi-net-yayincilik","10":"pa_yazar-veli-sirin","12":"first","13":"instock","14":"sale","15":"shipping-taxable","16":"purchasable","17":"product-type-simple"},"_links":{"self":[{"href":"https:\/\/roveyayinevi.com.tr\/index.php\/wp-json\/wp\/v2\/product\/778922","targetHints":{"allow":["GET"]}}],"collection":[{"href":"https:\/\/roveyayinevi.com.tr\/index.php\/wp-json\/wp\/v2\/product"}],"about":[{"href":"https:\/\/roveyayinevi.com.tr\/index.php\/wp-json\/wp\/v2\/types\/product"}],"wp:attachment":[{"href":"https:\/\/roveyayinevi.com.tr\/index.php\/wp-json\/wp\/v2\/media?parent=778922"}],"wp:term":[{"taxonomy":"product_brand","embeddable":true,"href":"https:\/\/roveyayinevi.com.tr\/index.php\/wp-json\/wp\/v2\/product_brand?post=778922"},{"taxonomy":"product_cat","embeddable":true,"href":"https:\/\/roveyayinevi.com.tr\/index.php\/wp-json\/wp\/v2\/product_cat?post=778922"},{"taxonomy":"product_tag","embeddable":true,"href":"https:\/\/roveyayinevi.com.tr\/index.php\/wp-json\/wp\/v2\/product_tag?post=778922"}],"curies":[{"name":"wp","href":"https:\/\/api.w.org\/{rel}","templated":true}]}}