{"id":778916,"date":"2025-12-30T09:46:11","date_gmt":"2025-12-30T06:46:11","guid":{"rendered":"https:\/\/roveyayinevi.com.tr\/index.php\/urun\/iceriden-kiyidan-konusmalar\/"},"modified":"2026-01-22T02:12:34","modified_gmt":"2026-01-21T23:12:34","slug":"iceriden-kiyidan-konusmalar","status":"publish","type":"product","link":"https:\/\/roveyayinevi.com.tr\/index.php\/urun\/iceriden-kiyidan-konusmalar\/","title":{"rendered":"\u0130\u00e7eriden K\u0131y\u0131dan Konu\u015fmalar"},"content":{"rendered":"<p>Asl\u0131nda insan kalbini sarmamal\u0131, h\u00fckm\u00fc bir g\u00fcn s\u00fcren gazete ka\u011f\u0131tlar\u0131na. D\u00f6nen rotatife kapt\u0131rmamal\u0131 insan ince s\u00f6z\u00fc, k\u0131r\u0131lgan c\u00fcmleyi. Ama ben yapt\u0131m; i\u00e7imin en kuytusundan ge\u00e7enleri bazen, gazetelere yazd\u0131m. Belki de s\u0131rf bu y\u00fczden hi\u00e7bir zaman ger\u00e7ekten k\u00f6\u015fe yazar\u0131 olamayacakt\u0131m. Hep  ba\u015fka bir \u015fey  olarak kalacakt\u0131m. Ama bu yaz\u0131lar y\u00fcz\u00fcndendir, hi\u00e7 hesapta yokken, bir gazete, bir sabah, birilerinin kalbine de\u011fdi. Yazan\u0131n i\u00e7erisinden u\u00e7u\u015fup gelen, atlay\u0131p, konup bir gazete sayfas\u0131na, sizin de i\u00e7inize s\u0131zd\u0131. Bunlar i\u015fte, o yaz\u0131lar. Bunlar, \u0130\u00e7eriden yaz\u0131lanlar&#8230; Buzdolab\u0131 kapaklar\u0131na, i\u015fyeri masalar\u0131n\u0131n kenar\u0131na as\u0131lan, insanlardan insanlara postalanan, hatta  K\u0131y\u0131dan  k\u00f6\u015fesinden \u00e7\u0131k\u0131p insanlar aras\u0131nda dola\u015f\u0131rken kimi zaman sahibini kaybeden. Bazen sizi tam da beklenmedik bir yerde yakalay\u0131p ya\u015fatan, hatta bazen size i\u015fi ast\u0131rmay\u0131 bile becerebilen&#8230; Kimi kez tutup kolunuzdan \u00e7ocukluk foto\u011fraflar\u0131n\u0131za g\u00f6t\u00fcren, orada b\u0131rak\u0131veren. Bazen kararlar ald\u0131ran, hatta baz\u0131lar\u0131na \u00fclkeler a\u015f\u0131rtan. Bunlar, o yaz\u0131lar. <\/p>\n","protected":false},"excerpt":{"rendered":"<p>Asl\u0131nda insan kalbini sarmamal\u0131, h\u00fckm\u00fc bir g\u00fcn s\u00fcren gazete ka\u011f\u0131tlar\u0131na. D\u00f6nen rotatife kapt\u0131rmamal\u0131 insan ince s\u00f6z\u00fc, k\u0131r\u0131lgan c\u00fcmleyi. Ama ben yapt\u0131m; i\u00e7imin en kuytusundan ge\u00e7enleri bazen,<span class=\"excerpt-hellip\"> [\u2026]<\/span><\/p>\n","protected":false},"featured_media":0,"template":"","meta":{"_monsterinsights_skip_tracking":false,"_monsterinsights_sitenote_active":false,"_monsterinsights_sitenote_note":"","_monsterinsights_sitenote_category":0},"product_brand":[],"product_cat":[15983,13488],"product_tag":[],"class_list":{"0":"post-778916","1":"product","2":"type-product","3":"status-publish","5":"product_cat-iletisim-ve-medya","6":"product_cat-toplum-ve-insan","7":"pa_tur-kitap","8":"pa_yayinevi-everest-yayinlari","9":"pa_yazar-ece-temelkuran","11":"first","12":"instock","13":"sale","14":"shipping-taxable","15":"purchasable","16":"product-type-simple"},"_links":{"self":[{"href":"https:\/\/roveyayinevi.com.tr\/index.php\/wp-json\/wp\/v2\/product\/778916","targetHints":{"allow":["GET"]}}],"collection":[{"href":"https:\/\/roveyayinevi.com.tr\/index.php\/wp-json\/wp\/v2\/product"}],"about":[{"href":"https:\/\/roveyayinevi.com.tr\/index.php\/wp-json\/wp\/v2\/types\/product"}],"wp:attachment":[{"href":"https:\/\/roveyayinevi.com.tr\/index.php\/wp-json\/wp\/v2\/media?parent=778916"}],"wp:term":[{"taxonomy":"product_brand","embeddable":true,"href":"https:\/\/roveyayinevi.com.tr\/index.php\/wp-json\/wp\/v2\/product_brand?post=778916"},{"taxonomy":"product_cat","embeddable":true,"href":"https:\/\/roveyayinevi.com.tr\/index.php\/wp-json\/wp\/v2\/product_cat?post=778916"},{"taxonomy":"product_tag","embeddable":true,"href":"https:\/\/roveyayinevi.com.tr\/index.php\/wp-json\/wp\/v2\/product_tag?post=778916"}],"curies":[{"name":"wp","href":"https:\/\/api.w.org\/{rel}","templated":true}]}}