{"id":778915,"date":"2025-12-30T09:45:48","date_gmt":"2025-12-30T06:45:48","guid":{"rendered":"https:\/\/roveyayinevi.com.tr\/index.php\/urun\/limit-sizsiniz\/"},"modified":"2026-04-13T02:07:35","modified_gmt":"2026-04-12T23:07:35","slug":"limit-sizsiniz","status":"publish","type":"product","link":"https:\/\/roveyayinevi.com.tr\/index.php\/urun\/limit-sizsiniz\/","title":{"rendered":"Limit Sizsiniz!"},"content":{"rendered":"<p>\u00d6nce kendi kanatlar\u0131na g\u00fcven!B\u00fcy\u00fck ba\u015far\u0131 kalpten gelir, beyinde b\u00fcy\u00fcr, ellerden hayata akar. D\u0131\u015f\u0131m\u0131zdaki limitler, i\u00e7imizdekiler kadar b\u00fcy\u00fcr ya da k\u00fc\u00e7\u00fcl\u00fcrler.Kafesten \u00e7\u0131k\u0131nca de\u011fil, kafesi i\u00e7imizden \u00e7\u0131kar\u0131nca \u00f6zg\u00fcrle\u015firiz.Kendi yolundan, kendi kanatlar\u0131yla, kendi hayaline gidenlere,Kendi g\u00fcc\u00fcyle ba\u015farmay\u0131 anlatan yeni bir &#8216;ba\u015far\u0131 m\u00fcfredat\u0131&#8217;:\ufffc      Ba\u015f + ar\u0131: &#8216;Ba\u015f&#8217; olmak i\u00e7in &#8216;ar\u0131&#8217; gibi \u00e7al\u0131\u015fmak gerekir!\ufffc      Ba\u015far\u0131 sonu\u00e7 al\u0131r susar, ba\u015far\u0131s\u0131zl\u0131k a\u00e7\u0131klama ister.\ufffc      Ba\u015far\u0131 (b)ilgi ister. &#8216;Bilgi&#8217;nin de be\u015fte d\u00f6rd\u00fc &#8216;ilgi&#8217;dir!\ufffc      Sadece iyide de\u011fil, k\u00f6t\u00fc yolda da rekabet vard\u0131r!\ufffc      Her ba\u015far\u0131n\u0131n bir son kullanma tarihi bulunur!\u0130nsanlar \u00fc\u00e7e ayr\u0131l\u0131r: Ger\u00e7ekten ba\u015far\u0131l\u0131lar, ba\u015far\u0131l\u0131y\u0131m diye ge\u00e7inenler ve ba\u015far\u0131l\u0131 insanlar \u00fczerinden ge\u00e7inenler! <\/p>\n","protected":false},"excerpt":{"rendered":"<p>\u00d6nce kendi kanatlar\u0131na g\u00fcven!B\u00fcy\u00fck ba\u015far\u0131 kalpten gelir, beyinde b\u00fcy\u00fcr, ellerden hayata akar. D\u0131\u015f\u0131m\u0131zdaki limitler, i\u00e7imizdekiler kadar b\u00fcy\u00fcr ya da k\u00fc\u00e7\u00fcl\u00fcrler.Kafesten \u00e7\u0131k\u0131nca de\u011fil, kafesi i\u00e7imizden \u00e7\u0131kar\u0131nca \u00f6zg\u00fcrle\u015firiz.Kendi<span class=\"excerpt-hellip\"> [\u2026]<\/span><\/p>\n","protected":false},"featured_media":0,"template":"","meta":{"_monsterinsights_skip_tracking":false,"_monsterinsights_sitenote_active":false,"_monsterinsights_sitenote_note":"","_monsterinsights_sitenote_category":0},"product_brand":[],"product_cat":[12364,12376],"product_tag":[],"class_list":{"0":"post-778915","1":"product","2":"type-product","3":"status-publish","5":"product_cat-genel-konular","6":"product_cat-kisisel-gelisim","7":"pa_cilt-ciltsiz","8":"pa_tur-kitap","9":"pa_yayinevi-alfa-yayinlari","10":"pa_yazar-mumin-sekman","12":"first","13":"instock","14":"sale","15":"shipping-taxable","16":"purchasable","17":"product-type-simple"},"_links":{"self":[{"href":"https:\/\/roveyayinevi.com.tr\/index.php\/wp-json\/wp\/v2\/product\/778915","targetHints":{"allow":["GET"]}}],"collection":[{"href":"https:\/\/roveyayinevi.com.tr\/index.php\/wp-json\/wp\/v2\/product"}],"about":[{"href":"https:\/\/roveyayinevi.com.tr\/index.php\/wp-json\/wp\/v2\/types\/product"}],"wp:attachment":[{"href":"https:\/\/roveyayinevi.com.tr\/index.php\/wp-json\/wp\/v2\/media?parent=778915"}],"wp:term":[{"taxonomy":"product_brand","embeddable":true,"href":"https:\/\/roveyayinevi.com.tr\/index.php\/wp-json\/wp\/v2\/product_brand?post=778915"},{"taxonomy":"product_cat","embeddable":true,"href":"https:\/\/roveyayinevi.com.tr\/index.php\/wp-json\/wp\/v2\/product_cat?post=778915"},{"taxonomy":"product_tag","embeddable":true,"href":"https:\/\/roveyayinevi.com.tr\/index.php\/wp-json\/wp\/v2\/product_tag?post=778915"}],"curies":[{"name":"wp","href":"https:\/\/api.w.org\/{rel}","templated":true}]}}