{"id":778914,"date":"2025-12-30T09:45:46","date_gmt":"2025-12-30T06:45:46","guid":{"rendered":"https:\/\/roveyayinevi.com.tr\/index.php\/urun\/kara-delikler-ve-bebek-evrenler\/"},"modified":"2026-04-16T02:06:21","modified_gmt":"2026-04-15T23:06:21","slug":"kara-delikler-ve-bebek-evrenler","status":"publish","type":"product","link":"https:\/\/roveyayinevi.com.tr\/index.php\/urun\/kara-delikler-ve-bebek-evrenler\/","title":{"rendered":"Kara Delikler ve Bebek Evrenler"},"content":{"rendered":"<p>Olay yaratan \u00e7ok satan kitab\u0131 Zaman\u0131n K\u0131sa Tarihi\u2019nde, Stephen Hawking, kelimenin tam anlam\u0131yla, fizi\u011fe, evrene, ger\u00e7ekli\u011fin kendisine bak\u0131\u015f\u0131m\u0131z\u0131 de\u011fi\u015ftirdi. Kara Delikler ve Bebek Evrenler\u2019de Stephen Hawking\u2019in 1976 ile 1992 y\u0131llar\u0131 aras\u0131nda yazd\u0131\u011f\u0131 baz\u0131 yaz\u0131lar yer al\u0131yor. Yayg\u0131n olarak Einstein\u2019dan beri en parlak teorik fizik\u00e7i say\u0131lan Hawking, bu on \u00fc\u00e7 yaz\u0131 ve bir s\u00f6yle\u015fide, evrenimizi anlamam\u0131za yarayan \u015fa\u015f\u0131rt\u0131c\u0131 bir olanaklar dizisini ortaya \u00e7\u0131kar\u0131yor.Stephen Hawking, evrenin bilinmez ve anla\u015f\u0131lmaz bir \u015fey, insan\u0131n sezebilece\u011fi, fakat hi\u00e7bir zaman tam olarak analiz edemeyece\u011fi veya kavrayamayaca\u011f\u0131 bir \u015fey oldu\u011fu g\u00f6r\u00fc\u015f\u00fcne kat\u0131lmaz. Ona g\u00f6re bu g\u00f6r\u00fc\u015f d\u00f6rt y\u00fcz y\u0131l \u00f6nce Galileo taraf\u0131ndan ba\u015flat\u0131lan ve Newton taraf\u0131ndan devam ettirilen bilimsel devrimlere kar\u015f\u0131 haks\u0131zl\u0131k etmektedir. Onlar evrenin en az\u0131ndan baz\u0131 alanlar\u0131n\u0131n, geli\u015fig\u00fczel \u015fekilde davranmad\u0131klar\u0131n\u0131, kesin matematiksel yasalar taraf\u0131ndan y\u00f6netildiklerini g\u00f6sterdiler. O zamandan beri ge\u00e7en y\u0131llar i\u00e7inde Galileo ve Newton\u2019un \u00e7al\u0131\u015fmalar\u0131n\u0131 evrenin hemen hemen her alan\u0131na yaym\u0131\u015f bulunuyoruz. Hawking\u2019e g\u00f6re evrenin tam bir teorisini ortaya koyabiliriz. O durumda asl\u0131nda  Evrenin Efendileri olaca\u011f\u0131z. <\/p>\n","protected":false},"excerpt":{"rendered":"<p>Olay yaratan \u00e7ok satan kitab\u0131 Zaman\u0131n K\u0131sa Tarihi\u2019nde, Stephen Hawking, kelimenin tam anlam\u0131yla, fizi\u011fe, evrene, ger\u00e7ekli\u011fin kendisine bak\u0131\u015f\u0131m\u0131z\u0131 de\u011fi\u015ftirdi. Kara Delikler ve Bebek Evrenler\u2019de Stephen Hawking\u2019in<span class=\"excerpt-hellip\"> [\u2026]<\/span><\/p>\n","protected":false},"featured_media":0,"template":"","meta":{"_monsterinsights_skip_tracking":false,"_monsterinsights_sitenote_active":false,"_monsterinsights_sitenote_note":"","_monsterinsights_sitenote_category":0},"product_brand":[],"product_cat":[13005,13006],"product_tag":[],"class_list":{"0":"post-778914","1":"product","2":"type-product","3":"status-publish","5":"product_cat-bilim-muhendislik","6":"product_cat-populer-bilim","7":"pa_cilt-ciltsiz","8":"pa_tur-kitap","9":"pa_yayinevi-alfa-yayinlari","10":"pa_yazar-stephen-w-hawking","12":"first","13":"instock","14":"sale","15":"shipping-taxable","16":"purchasable","17":"product-type-simple"},"_links":{"self":[{"href":"https:\/\/roveyayinevi.com.tr\/index.php\/wp-json\/wp\/v2\/product\/778914","targetHints":{"allow":["GET"]}}],"collection":[{"href":"https:\/\/roveyayinevi.com.tr\/index.php\/wp-json\/wp\/v2\/product"}],"about":[{"href":"https:\/\/roveyayinevi.com.tr\/index.php\/wp-json\/wp\/v2\/types\/product"}],"wp:attachment":[{"href":"https:\/\/roveyayinevi.com.tr\/index.php\/wp-json\/wp\/v2\/media?parent=778914"}],"wp:term":[{"taxonomy":"product_brand","embeddable":true,"href":"https:\/\/roveyayinevi.com.tr\/index.php\/wp-json\/wp\/v2\/product_brand?post=778914"},{"taxonomy":"product_cat","embeddable":true,"href":"https:\/\/roveyayinevi.com.tr\/index.php\/wp-json\/wp\/v2\/product_cat?post=778914"},{"taxonomy":"product_tag","embeddable":true,"href":"https:\/\/roveyayinevi.com.tr\/index.php\/wp-json\/wp\/v2\/product_tag?post=778914"}],"curies":[{"name":"wp","href":"https:\/\/api.w.org\/{rel}","templated":true}]}}