{"id":778913,"date":"2025-12-30T09:45:44","date_gmt":"2025-12-30T06:45:44","guid":{"rendered":"https:\/\/roveyayinevi.com.tr\/index.php\/urun\/luzumlu-adam-ishak-alaton\/"},"modified":"2026-04-16T02:06:20","modified_gmt":"2026-04-15T23:06:20","slug":"luzumlu-adam-ishak-alaton","status":"publish","type":"product","link":"https:\/\/roveyayinevi.com.tr\/index.php\/urun\/luzumlu-adam-ishak-alaton\/","title":{"rendered":"L\u00fczumlu Adam \u0130shak Alaton"},"content":{"rendered":"<p>S\u0131rad\u0131\u015f\u0131 Bir Ya\u015fam \u00d6yk\u00fcs\u00fc L\u00fczumlu Adam bir hayat m\u00fccadelesinin anlat\u0131m\u0131&#8230; Bir toplumda az\u0131nl\u0131k olman\u0131n verdi\u011fi y\u00fck, Varl\u0131k Vergisi ve bununla alt\u00fcst olan bir aile.  Ama ne olursa olsun bu zorluklardan y\u0131lmayan kararl\u0131 ve azimli gen\u00e7 bir adam: \u0130shak Alaton. Mehmet G\u00fcndem\u2019in bu kitab\u0131yla ya\u015fad\u0131\u011f\u0131 hayat m\u00fccadelesini, k\u0131r\u0131lma anlar\u0131n\u0131, h\u00fcz\u00fcnlerini, mutluluklar\u0131n\u0131, her ne olursa olsun yeniden ba\u015flama iradesini, sonsuz \u00f6\u011frenme azmini, kendini a\u015fma \u00e7abalar\u0131n\u0131 ve k\u00fc\u00e7\u00fck de olsa hayata iz b\u0131rakma niyetine tan\u0131k oluyoruz \u0130shak Alaton\u2019un.Muhaberat memurlu\u011fuyla ba\u015flad\u0131\u011f\u0131 i\u015f hayat\u0131na \u0130sve\u00e7\u2019te kaynak i\u015f\u00e7ili\u011fiyle devam eden, teknik ressam olarak \u00fclkesine d\u00f6nen, ama teknik diplomas\u0131 olmad\u0131\u011f\u0131 i\u00e7in i\u015f bulamayan ve sonunda kendi i\u015fini kurmaya karar veren \u0130shak Alaton, orta\u011f\u0131 \u00dczeyir Garih\u2019le nas\u0131l tan\u0131\u015ft\u0131klar\u0131n\u0131 ve bug\u00fcnk\u00fc ALARKO Holding\u2019i nas\u0131l kurduklar\u0131n\u0131, verdikleri m\u00fccadeleleri anlat\u0131yor.  Ayr\u0131ca m\u00fctevaz\u0131 aile ya\u015fant\u0131s\u0131n\u0131, \u00e7ocuklar\u0131yla ili\u015fkilerini payla\u015f\u0131yor bizlerle. T\u00fcm bunlar\u0131n gerisinde ise T\u00fcrkiye\u2019nin bir d\u00f6nemine \u0131\u015f\u0131k tutuyor.L\u00fczumlu Adam ini\u015f \u00e7\u0131k\u0131\u015flarla dolu bir ya\u015fam\u0131n anlat\u0131ld\u0131\u011f\u0131 bir ba\u015far\u0131 \u00f6yk\u00fcs\u00fc.   <\/p>\n","protected":false},"excerpt":{"rendered":"<p>S\u0131rad\u0131\u015f\u0131 Bir Ya\u015fam \u00d6yk\u00fcs\u00fc L\u00fczumlu Adam bir hayat m\u00fccadelesinin anlat\u0131m\u0131&#8230; Bir toplumda az\u0131nl\u0131k olman\u0131n verdi\u011fi y\u00fck, Varl\u0131k Vergisi ve bununla alt\u00fcst olan bir aile. Ama ne<span class=\"excerpt-hellip\"> [\u2026]<\/span><\/p>\n","protected":false},"featured_media":0,"template":"","meta":{"_monsterinsights_skip_tracking":false,"_monsterinsights_sitenote_active":false,"_monsterinsights_sitenote_note":"","_monsterinsights_sitenote_category":0},"product_brand":[],"product_cat":[12364],"product_tag":[],"class_list":{"0":"post-778913","1":"product","2":"type-product","3":"status-publish","5":"product_cat-genel-konular","6":"pa_cilt-ciltsiz","7":"pa_tur-kitap","8":"pa_yayinevi-alfa-yayinlari","9":"pa_yazar-mehmet-gundem","11":"first","12":"instock","13":"sale","14":"shipping-taxable","15":"purchasable","16":"product-type-simple"},"_links":{"self":[{"href":"https:\/\/roveyayinevi.com.tr\/index.php\/wp-json\/wp\/v2\/product\/778913","targetHints":{"allow":["GET"]}}],"collection":[{"href":"https:\/\/roveyayinevi.com.tr\/index.php\/wp-json\/wp\/v2\/product"}],"about":[{"href":"https:\/\/roveyayinevi.com.tr\/index.php\/wp-json\/wp\/v2\/types\/product"}],"wp:attachment":[{"href":"https:\/\/roveyayinevi.com.tr\/index.php\/wp-json\/wp\/v2\/media?parent=778913"}],"wp:term":[{"taxonomy":"product_brand","embeddable":true,"href":"https:\/\/roveyayinevi.com.tr\/index.php\/wp-json\/wp\/v2\/product_brand?post=778913"},{"taxonomy":"product_cat","embeddable":true,"href":"https:\/\/roveyayinevi.com.tr\/index.php\/wp-json\/wp\/v2\/product_cat?post=778913"},{"taxonomy":"product_tag","embeddable":true,"href":"https:\/\/roveyayinevi.com.tr\/index.php\/wp-json\/wp\/v2\/product_tag?post=778913"}],"curies":[{"name":"wp","href":"https:\/\/api.w.org\/{rel}","templated":true}]}}