{"id":778911,"date":"2025-12-30T09:45:27","date_gmt":"2025-12-30T06:45:27","guid":{"rendered":"https:\/\/roveyayinevi.com.tr\/index.php\/urun\/aldatmak\/"},"modified":"2026-04-16T02:05:52","modified_gmt":"2026-04-15T23:05:52","slug":"aldatmak","status":"publish","type":"product","link":"https:\/\/roveyayinevi.com.tr\/index.php\/urun\/aldatmak\/","title":{"rendered":"Aldatmak"},"content":{"rendered":"<p>Biraz \u00f6nce konu\u015ftu\u011fu adam\u0131n \u015f\u0131mar\u0131k ald\u0131rmazl\u0131\u011f\u0131ndan, hayatla alay eden kibirli bo\u015f vermi\u015fli\u011finden sonra kocas\u0131n\u0131n bir mevki pe\u015finde ko\u015fusunda kendisini hem utand\u0131ran hem de \u00f6fkelendiren zavall\u0131 bir s\u0131radanl\u0131k, daha k\u00f6t\u00fcs\u00fc rahats\u0131z edici bir ba\u015far\u0131s\u0131zl\u0131k g\u00f6r\u00fcyordu. Kocas\u0131n\u0131n bir ba\u015fka erkekle k\u0131yasland\u0131\u011f\u0131nda b\u00f6ylesine g\u00fc\u00e7s\u00fcz ve \u00f6nemsiz g\u00f6r\u00fcnmesinden i\u00e7i ac\u0131yordu; Haluk o s\u0131radan ihtiras\u0131 ve tekd\u00fcze yak\u0131nmalar\u0131yla onu s\u0131k\u0131yor, hi\u00e7 tan\u0131mad\u0131\u011f\u0131 bir ba\u015fka erke\u011fi neredeyse hastal\u0131kl\u0131 bir \u015fekilde \u00f6zlemesine neden oluyordu. Bir ba\u015fka erke\u011fi \u00f6zlemesine neden oldu\u011fu i\u00e7in kocas\u0131n\u0131 hi\u00e7 affetmeyecekti ve affetmedi. Haluk\u2019un belki bir daha hi\u00e7 hat\u0131rlamad\u0131\u011f\u0131 o k\u0131sa ve \u00f6nemsiz konu\u015fma, aralar\u0131ndaki ili\u015fkiyi onar\u0131lmas\u0131 \u00e7ok zor bir bi\u00e7imde sars\u0131yor, y\u0131llar i\u00e7inde in\u015fa edilmi\u015f bir\u00e7ok duygusal ba\u011f\u0131 koparmasa da \u00f6nemli \u00f6l\u00e7\u00fcde zedeliyordu. Bu duygular\u0131n\u0131n aras\u0131nda, bir yandan da kocas\u0131na nas\u0131l haks\u0131zl\u0131k yapt\u0131\u011f\u0131n\u0131 fark ediyor, utanc\u0131na bir de haks\u0131zl\u0131k yapt\u0131\u011f\u0131n\u0131 d\u00fc\u015f\u00fcnmenin huzursuzlu\u011fu ekleniyordu. Kocas\u0131 belki de Cem\u2019in asla sahip olamayaca\u011f\u0131 ola\u011fan\u00fcst\u00fc bir yetene\u011fe sahipti, hayat\u0131n i\u00e7inde, \u00e7al\u0131\u015farak, d\u00f6v\u00fc\u015fe d\u00f6v\u00fc\u015fe y\u00fckselmi\u015fti; hi\u00e7 kimseye k\u00f6t\u00fcl\u00fck etmezdi, kar\u0131s\u0131n\u0131 k\u0131racak bir hareketi bilerek hi\u00e7bir zaman yapmam\u0131\u015f, her zaman onu ho\u015f tutmaya u\u011fra\u015fm\u0131\u015ft\u0131. \u015eimdi kendi kazanmad\u0131\u011f\u0131 zenginli\u011fine g\u00fcvenen, bu g\u00fcvenle \u015f\u0131maran, hi\u00e7bir \u015feyi kazanmad\u0131\u011f\u0131 i\u00e7in hi\u00e7bir \u015feyi kaybetmekten korkmayan k\u00fcstah ve kibirli bir adam\u0131n hercai serserili\u011finin hayali kar\u015f\u0131s\u0131nda eziliyor, kar\u0131s\u0131n\u0131n g\u00f6z\u00fcnde de\u011fersizle\u015fiyordu. \ufffcTan\u0131t\u0131m Metni<\/p>\n","protected":false},"excerpt":{"rendered":"<p>Biraz \u00f6nce konu\u015ftu\u011fu adam\u0131n \u015f\u0131mar\u0131k ald\u0131rmazl\u0131\u011f\u0131ndan, hayatla alay eden kibirli bo\u015f vermi\u015fli\u011finden sonra kocas\u0131n\u0131n bir mevki pe\u015finde ko\u015fusunda kendisini hem utand\u0131ran hem de \u00f6fkelendiren zavall\u0131 bir<span class=\"excerpt-hellip\"> [\u2026]<\/span><\/p>\n","protected":false},"featured_media":0,"template":"","meta":{"_monsterinsights_skip_tracking":false,"_monsterinsights_sitenote_active":false,"_monsterinsights_sitenote_note":"","_monsterinsights_sitenote_category":0},"product_brand":[],"product_cat":[12291,12292],"product_tag":[],"class_list":{"0":"post-778911","1":"product","2":"type-product","3":"status-publish","5":"product_cat-edebiyat","6":"product_cat-turk-edebiyati","7":"pa_tur-kitap","8":"pa_yayinevi-everest-yayinlari","9":"pa_yazar-ahmet-altan","11":"first","12":"instock","13":"sale","14":"shipping-taxable","15":"purchasable","16":"product-type-simple"},"_links":{"self":[{"href":"https:\/\/roveyayinevi.com.tr\/index.php\/wp-json\/wp\/v2\/product\/778911","targetHints":{"allow":["GET"]}}],"collection":[{"href":"https:\/\/roveyayinevi.com.tr\/index.php\/wp-json\/wp\/v2\/product"}],"about":[{"href":"https:\/\/roveyayinevi.com.tr\/index.php\/wp-json\/wp\/v2\/types\/product"}],"wp:attachment":[{"href":"https:\/\/roveyayinevi.com.tr\/index.php\/wp-json\/wp\/v2\/media?parent=778911"}],"wp:term":[{"taxonomy":"product_brand","embeddable":true,"href":"https:\/\/roveyayinevi.com.tr\/index.php\/wp-json\/wp\/v2\/product_brand?post=778911"},{"taxonomy":"product_cat","embeddable":true,"href":"https:\/\/roveyayinevi.com.tr\/index.php\/wp-json\/wp\/v2\/product_cat?post=778911"},{"taxonomy":"product_tag","embeddable":true,"href":"https:\/\/roveyayinevi.com.tr\/index.php\/wp-json\/wp\/v2\/product_tag?post=778911"}],"curies":[{"name":"wp","href":"https:\/\/api.w.org\/{rel}","templated":true}]}}