{"id":778909,"date":"2025-12-30T09:45:21","date_gmt":"2025-12-30T06:45:21","guid":{"rendered":"https:\/\/roveyayinevi.com.tr\/index.php\/urun\/rezonans-kanunu-2\/"},"modified":"2026-04-16T02:05:50","modified_gmt":"2026-04-15T23:05:50","slug":"rezonans-kanunu-2","status":"publish","type":"product","link":"https:\/\/roveyayinevi.com.tr\/index.php\/urun\/rezonans-kanunu-2\/","title":{"rendered":"Rezonans Kanunu"},"content":{"rendered":"<p>E\u011fer \u015fu ana kadar isteklerimiz ger\u00e7ekle\u015fmediyse, en \u015fiddetli arzular\u0131m\u0131za ula\u015famad\u0131ysa; e\u011fer hayat\u0131m\u0131za hi\u00e7 istemedi\u011fimiz \u015feyler girdiyse, e\u011fer mutsuzsak veya yenilgiya u\u011frad\u0131ysak, b\u00fct\u00fcn bunlar\u0131n sebebini Rezonans Kanununda bulabilirsiniz  Pierre Franckh, bu kitab\u0131nda Rezonans Kanununu kavray\u0131p onu nas\u0131l kullanaca\u011f\u0131m\u0131z\u0131 anlamaya ba\u015flad\u0131\u011f\u0131m\u0131z anda, hayat\u0131m\u0131zdaki her \u015feyin m\u00fcmk\u00fcn olabilece\u011fini anlat\u0131yor. Yazar, hayat\u0131m\u0131z\u0131 kalbimizle de\u011fi\u015ftirebilece\u011fimizin de alt\u0131n\u0131 \u00e7iziyor. D\u00fc\u015f\u00fcnce g\u00fcc\u00fcm\u00fczle maddeye etki edebilir miyiz? Kim olmay\u0131 istiyorsun? \u0130steklerimizi hangi yolla yay\u0131yoruz? \u0130deal partneri ya\u015fam\u0131m\u0131za \u00e7ekmemizi sa\u011flayan en uygun rezonans olan\u0131n\u0131 nas\u0131l olu\u015ftururuz? Rezonans olan\u0131n yaz\u0131l\u0131 ve g\u00f6rsel izlenimlere nas\u0131l tepki verir? E\u011fer istedi\u011fimiz sonu\u00e7lar\u0131 elde etmeye \u00e7al\u0131\u015f\u0131yorsak; d\u00fc\u015f\u00fcncelerimizi, duygular\u0131m\u0131z\u0131 ve inan\u00e7lar\u0131m\u0131z\u0131 g\u00f6zlemleyerek y\u00f6nlendirmeye ba\u015flamal\u0131y\u0131z. \u00c7\u00fcnk\u00fc hissetti\u011fimiz ya da d\u00fc\u015f\u00fcnd\u00fc\u011f\u00fcm\u00fcz her \u015fey, bir rezonans alan\u0131 olu\u015fturur ve biz isteklerimizi y\u00f6netebiliriz. <\/p>\n","protected":false},"excerpt":{"rendered":"<p>E\u011fer \u015fu ana kadar isteklerimiz ger\u00e7ekle\u015fmediyse, en \u015fiddetli arzular\u0131m\u0131za ula\u015famad\u0131ysa; e\u011fer hayat\u0131m\u0131za hi\u00e7 istemedi\u011fimiz \u015feyler girdiyse, e\u011fer mutsuzsak veya yenilgiya u\u011frad\u0131ysak, b\u00fct\u00fcn bunlar\u0131n sebebini Rezonans Kanununda<span class=\"excerpt-hellip\"> [\u2026]<\/span><\/p>\n","protected":false},"featured_media":0,"template":"","meta":{"_monsterinsights_skip_tracking":false,"_monsterinsights_sitenote_active":false,"_monsterinsights_sitenote_note":"","_monsterinsights_sitenote_category":0},"product_brand":[],"product_cat":[12364,12376],"product_tag":[],"class_list":{"0":"post-778909","1":"product","2":"type-product","3":"status-publish","5":"product_cat-genel-konular","6":"product_cat-kisisel-gelisim","7":"pa_tur-kitap","8":"pa_yayinevi-elips-kitap","9":"pa_yazar-pierre-franckh","11":"first","12":"instock","13":"sale","14":"shipping-taxable","15":"purchasable","16":"product-type-simple"},"_links":{"self":[{"href":"https:\/\/roveyayinevi.com.tr\/index.php\/wp-json\/wp\/v2\/product\/778909","targetHints":{"allow":["GET"]}}],"collection":[{"href":"https:\/\/roveyayinevi.com.tr\/index.php\/wp-json\/wp\/v2\/product"}],"about":[{"href":"https:\/\/roveyayinevi.com.tr\/index.php\/wp-json\/wp\/v2\/types\/product"}],"wp:attachment":[{"href":"https:\/\/roveyayinevi.com.tr\/index.php\/wp-json\/wp\/v2\/media?parent=778909"}],"wp:term":[{"taxonomy":"product_brand","embeddable":true,"href":"https:\/\/roveyayinevi.com.tr\/index.php\/wp-json\/wp\/v2\/product_brand?post=778909"},{"taxonomy":"product_cat","embeddable":true,"href":"https:\/\/roveyayinevi.com.tr\/index.php\/wp-json\/wp\/v2\/product_cat?post=778909"},{"taxonomy":"product_tag","embeddable":true,"href":"https:\/\/roveyayinevi.com.tr\/index.php\/wp-json\/wp\/v2\/product_tag?post=778909"}],"curies":[{"name":"wp","href":"https:\/\/api.w.org\/{rel}","templated":true}]}}