{"id":778904,"date":"2025-12-30T09:44:11","date_gmt":"2025-12-30T06:44:11","guid":{"rendered":"https:\/\/roveyayinevi.com.tr\/index.php\/urun\/turkce-ogretiminde-yaratici-drama-uygulamalari\/"},"modified":"2026-04-16T02:05:06","modified_gmt":"2026-04-15T23:05:06","slug":"turkce-ogretiminde-yaratici-drama-uygulamalari","status":"publish","type":"product","link":"https:\/\/roveyayinevi.com.tr\/index.php\/urun\/turkce-ogretiminde-yaratici-drama-uygulamalari\/","title":{"rendered":"T\u00fcrk\u00e7e \u00d6\u011fretiminde Yarat\u0131c\u0131 Drama Uygulamalar\u0131"},"content":{"rendered":"<p>T\u00fcrk\u00e7e \u00d6\u011fretiminde Yarat\u0131c\u0131 Drama Uygulamalar\u0131 <\/p>\n","protected":false},"excerpt":{"rendered":"<p>T\u00fcrk\u00e7e \u00d6\u011fretiminde Yarat\u0131c\u0131 Drama Uygulamalar\u0131<\/p>\n","protected":false},"featured_media":0,"template":"","meta":{"_monsterinsights_skip_tracking":false,"_monsterinsights_sitenote_active":false,"_monsterinsights_sitenote_note":"","_monsterinsights_sitenote_category":0},"product_brand":[],"product_cat":[12274,15842],"product_tag":[],"class_list":{"0":"post-778904","1":"product","2":"type-product","3":"status-publish","5":"product_cat-cocuk-ve-genclik-kitaplari","6":"product_cat-egitici-kitaplar","7":"pa_cilt-ciltsiz","8":"pa_tur-kitap","9":"pa_yayinevi-egiten-kitap","10":"pa_yazar-tolga-erdogan","12":"first","13":"instock","14":"sale","15":"shipping-taxable","16":"purchasable","17":"product-type-simple"},"_links":{"self":[{"href":"https:\/\/roveyayinevi.com.tr\/index.php\/wp-json\/wp\/v2\/product\/778904","targetHints":{"allow":["GET"]}}],"collection":[{"href":"https:\/\/roveyayinevi.com.tr\/index.php\/wp-json\/wp\/v2\/product"}],"about":[{"href":"https:\/\/roveyayinevi.com.tr\/index.php\/wp-json\/wp\/v2\/types\/product"}],"wp:attachment":[{"href":"https:\/\/roveyayinevi.com.tr\/index.php\/wp-json\/wp\/v2\/media?parent=778904"}],"wp:term":[{"taxonomy":"product_brand","embeddable":true,"href":"https:\/\/roveyayinevi.com.tr\/index.php\/wp-json\/wp\/v2\/product_brand?post=778904"},{"taxonomy":"product_cat","embeddable":true,"href":"https:\/\/roveyayinevi.com.tr\/index.php\/wp-json\/wp\/v2\/product_cat?post=778904"},{"taxonomy":"product_tag","embeddable":true,"href":"https:\/\/roveyayinevi.com.tr\/index.php\/wp-json\/wp\/v2\/product_tag?post=778904"}],"curies":[{"name":"wp","href":"https:\/\/api.w.org\/{rel}","templated":true}]}}