{"id":778897,"date":"2025-12-30T09:42:00","date_gmt":"2025-12-30T06:42:00","guid":{"rendered":"https:\/\/roveyayinevi.com.tr\/index.php\/urun\/malakanlar\/"},"modified":"2026-01-29T02:05:55","modified_gmt":"2026-01-28T23:05:55","slug":"malakanlar","status":"publish","type":"product","link":"https:\/\/roveyayinevi.com.tr\/index.php\/urun\/malakanlar\/","title":{"rendered":"Malakanlar"},"content":{"rendered":"<p>Bir k\u00f6yl\u00fc hareketi olarak ortaya \u00e7\u0131ksa da, Malakanizm Orta\u00e7a\u011f k\u00f6yl\u00fc hareketinden farkl\u0131 bir seyir izlemi\u015ftir. Ortaya \u00e7\u0131k\u0131\u015f gerek\u00e7eleri genelde \u00f6nc\u00fclleri ve \u00e7a\u011fda\u015flar\u0131 olan k\u00f6yl\u00fc hareketleriyle ayn\u0131 olsa da, Malakanlar iktidar\u0131 ele ge\u00e7irmek gibi radikal istekler ta\u015f\u0131mam\u0131\u015flar, hatta katliamlar ve s\u00fcrg\u00fcnler kar\u015f\u0131s\u0131nda sessiz kalm\u0131\u015flard\u0131r. Malakanlar\u0131n iktidar kar\u015f\u0131s\u0131ndaki en \u00f6nemli direni\u015fleri  pasifizm  olmu\u015ftur. Zira \u0130sa\u2019n\u0131n \u015fiddet kar\u015f\u0131t\u0131 y\u00f6n\u00fcn\u00fc kendilerine d\u00fcstur edinen Malakanlar, pasifist bir d\u00fcnya g\u00f6r\u00fc\u015f\u00fc in\u015fa etmi\u015flerdir. Bu nedenle \u015fiddettin her t\u00fcrl\u00fcs\u00fc, silah ta\u015f\u0131mak ve kullanmak, hatta militarizmin simgesi olan \u00fcniforma giymek dahi dinlerince yasaklanm\u0131\u015ft\u0131r. Malakanlar i\u00e7in cemaat halinde kolektif ya\u015famlar\u0131n\u0131 s\u00fcrd\u00fcrebilmeleri ve belli y\u00fck\u00fcml\u00fcl\u00fcklerden muaf tutulmalar\u0131 yeterlidir. B\u00f6ylesi bir ya\u015fam sa\u011flayaca\u011f\u0131 umuduyla s\u00fcrg\u00fcnlere dahi boyun e\u011fmi\u015flerdir. S\u00fcrg\u00fcn yerlerinden biri de \u00c7arl\u0131k s\u0131n\u0131rlar\u0131 i\u00e7erisinde yer alan Kars ve \u00e7evresi olmu\u015ftur. 1880-1881 y\u0131llar\u0131nda Kars\u2019a yerle\u015ftirilmeye ba\u015flanan Malakanlar burada 35 k\u00f6y kurmu\u015flard\u0131r. Bu kitapta Malakanizmin ortaya \u00e7\u0131k\u0131\u015f\u0131, \u00c7arl\u0131k ve Ortodoks Kilisesiyle ya\u015fanan sorunlar, s\u00fcrg\u00fcn edili\u015fleri ve s\u00fcrg\u00fcndeki ya\u015famlar\u0131 tarihsel veriler \u0131\u015f\u0131\u011f\u0131nda ele al\u0131nmaktad\u0131r. G\u00fcn\u00fcm\u00fcz Malakan kimli\u011fi ve inanc\u0131na dair bilgiler ise, Azerbaycan\u2019daki en b\u00fcy\u00fck Malakan K\u00f6y\u00fc olan Ivanovko\u2019da ger\u00e7ekle\u015ftirilmi\u015f antropolojik alan ara\u015ft\u0131rmas\u0131 verilerine dayanmaktad\u0131r. <\/p>\n","protected":false},"excerpt":{"rendered":"<p>Bir k\u00f6yl\u00fc hareketi olarak ortaya \u00e7\u0131ksa da, Malakanizm Orta\u00e7a\u011f k\u00f6yl\u00fc hareketinden farkl\u0131 bir seyir izlemi\u015ftir. Ortaya \u00e7\u0131k\u0131\u015f gerek\u00e7eleri genelde \u00f6nc\u00fclleri ve \u00e7a\u011fda\u015flar\u0131 olan k\u00f6yl\u00fc hareketleriyle ayn\u0131<span class=\"excerpt-hellip\"> [\u2026]<\/span><\/p>\n","protected":false},"featured_media":0,"template":"","meta":{"_monsterinsights_skip_tracking":false,"_monsterinsights_sitenote_active":false,"_monsterinsights_sitenote_note":"","_monsterinsights_sitenote_category":0},"product_brand":[],"product_cat":[12965,12337],"product_tag":[],"class_list":{"0":"post-778897","1":"product","2":"type-product","3":"status-publish","5":"product_cat-genel-politika","6":"product_cat-politika-siyaset","7":"pa_cilt-ciltsiz","8":"pa_tur-kitap","9":"pa_yayinevi-utopya-yayinevi","10":"pa_yazar-cakir-ceyhan-suvari","12":"first","13":"instock","14":"sale","15":"shipping-taxable","16":"purchasable","17":"product-type-simple"},"_links":{"self":[{"href":"https:\/\/roveyayinevi.com.tr\/index.php\/wp-json\/wp\/v2\/product\/778897","targetHints":{"allow":["GET"]}}],"collection":[{"href":"https:\/\/roveyayinevi.com.tr\/index.php\/wp-json\/wp\/v2\/product"}],"about":[{"href":"https:\/\/roveyayinevi.com.tr\/index.php\/wp-json\/wp\/v2\/types\/product"}],"wp:attachment":[{"href":"https:\/\/roveyayinevi.com.tr\/index.php\/wp-json\/wp\/v2\/media?parent=778897"}],"wp:term":[{"taxonomy":"product_brand","embeddable":true,"href":"https:\/\/roveyayinevi.com.tr\/index.php\/wp-json\/wp\/v2\/product_brand?post=778897"},{"taxonomy":"product_cat","embeddable":true,"href":"https:\/\/roveyayinevi.com.tr\/index.php\/wp-json\/wp\/v2\/product_cat?post=778897"},{"taxonomy":"product_tag","embeddable":true,"href":"https:\/\/roveyayinevi.com.tr\/index.php\/wp-json\/wp\/v2\/product_tag?post=778897"}],"curies":[{"name":"wp","href":"https:\/\/api.w.org\/{rel}","templated":true}]}}