{"id":778895,"date":"2025-12-30T09:41:01","date_gmt":"2025-12-30T06:41:01","guid":{"rendered":"https:\/\/roveyayinevi.com.tr\/index.php\/urun\/turk-kadin-tarihine-giris\/"},"modified":"2026-04-16T02:02:38","modified_gmt":"2026-04-15T23:02:38","slug":"turk-kadin-tarihine-giris","status":"publish","type":"product","link":"https:\/\/roveyayinevi.com.tr\/index.php\/urun\/turk-kadin-tarihine-giris\/","title":{"rendered":"T\u00fcrk Kad\u0131n Tarihine Giri\u015f"},"content":{"rendered":"<p>Amerikal\u0131 arkeolog Prof. Dr. Jeannine Davis, 1997 y\u0131l\u0131nda bug\u00fcnk\u00fc Ukrayna&#8217;n\u0131n g\u00fcneyinde, \u0130skit b\u00f6lgesinde, tarih\u00ee Amazon mezarlar\u0131nda yapt\u0131\u011f\u0131 kaz\u0131lar sonucu \u00f6nemli bir ke\u015fifte bulunur. Bu ke\u015ffini, televizyonda bir belgesel programda a\u00e7\u0131klad\u0131ktan sonra, sosyal bilimlerin tarih metodunda iki de\u011fi\u015fiklik olur: Birincisi, Avrupa merkezli tarih g\u00f6r\u00fc\u015f\u00fc \u00e7\u00f6ker. \u0130kincisi ise, Avrupal\u0131 tarih\u00e7ilerin \u0131srarla \u00fcst\u00fcn\u00fc \u00f6rtmeye \u00e7al\u0131\u015ft\u0131klar\u0131 ve asla g\u00fcn \u0131\u015f\u0131\u011f\u0131na \u00e7\u0131kmas\u0131n\u0131 istemedikleri, kad\u0131n\u0131n ger\u00e7ek tarihi&#8217; g\u00fcn y\u00fcz\u00fcne \u00e7\u0131kar&#8230;Bu geli\u015fmelerin y\u00f6nlendirmesiyle, geleneksel Avrupa merkezli tarih g\u00f6r\u00fc\u015f\u00fc bir tarafa b\u0131rak\u0131larak, elinizdeki eserde, yeni bir bak\u0131\u015f a\u00e7\u0131s\u0131 (tarih metodu) ile kad\u0131n tarihi&#8217; ara\u015ft\u0131r\u0131lmaktad\u0131r. Kitapta sizi \u015fa\u015f\u0131rtacak bir\u00e7ok yeni tarih\u00ee bulgu ile kar\u015f\u0131la\u015facaks\u0131n\u0131z. \u00d6zellikle kad\u00eem T\u00fcrk tarihinin insan unsuru olarak dayana\u011f\u0131n\u0131n erkeklerden ziyade kad\u0131nlar oldu\u011fu, tarih\u00ee bir ger\u00e7eklik olarak ortaya \u00e7\u0131kmaktad\u0131r.Bu \u00e7er\u00e7evede binlerce y\u0131ll\u0131k kronoloji ad\u0131m ad\u0131m izlenerek, o muazzam Turan tarihinin&#8217; her safhas\u0131nda kad\u0131n&#8217;\u0131n izi s\u00fcr\u00fclmektedir. Yazarla birlikte pe\u015fine d\u00fc\u015ft\u00fc\u011f\u00fcm\u00fcz kad\u0131n\u0131n ayak izleri&#8217;, bizi, eski\u00e7a\u011flardaki topluluklar\u0131n korkulu r\u00fcyas\u0131 Amazonlar&#8217;dan, Osmanl\u0131 devletinin kurulu\u015funda birinci derecede rol oynayan B\u00e2c\u0131y\u00e2n-\u0131 R\u00fbm&#8217;a kadar getirir.S\u00f6z konusu yolculukta di\u011fer co\u011frafyalardaki milletlere de yol u\u011frat\u0131lmaktad\u0131r, dolay\u0131s\u0131yla senkronize (e\u015f zamanl\u0131) olarak, ayr\u0131ca \u0130sl\u00e2m ve bat\u0131 milletlerinde de kad\u0131n bahsine girilmektedir. Elinizdeki eser, kad\u0131n&#8217;\u0131n 7000 y\u0131ll\u0131k tarih\u00ee ser\u00fcveninin mitoloji, belge, bilgi ve y\u00fczlerce kayna\u011fa dayal\u0131, resim ve grav\u00fcrlerle desteklenmi\u015f s\u0131ra d\u0131\u015f\u0131 hik\u00e2yesidir.<\/p>\n","protected":false},"excerpt":{"rendered":"<p>Amerikal\u0131 arkeolog Prof. Dr. Jeannine Davis, 1997 y\u0131l\u0131nda bug\u00fcnk\u00fc Ukrayna&#8217;n\u0131n g\u00fcneyinde, \u0130skit b\u00f6lgesinde, tarih\u00ee Amazon mezarlar\u0131nda yapt\u0131\u011f\u0131 kaz\u0131lar sonucu \u00f6nemli bir ke\u015fifte bulunur. Bu ke\u015ffini, televizyonda<span class=\"excerpt-hellip\"> [\u2026]<\/span><\/p>\n","protected":false},"featured_media":0,"template":"","meta":{"_monsterinsights_skip_tracking":false,"_monsterinsights_sitenote_active":false,"_monsterinsights_sitenote_note":"","_monsterinsights_sitenote_category":0},"product_brand":[],"product_cat":[12304,13650],"product_tag":[],"class_list":{"0":"post-778895","1":"product","2":"type-product","3":"status-publish","5":"product_cat-tarih","6":"product_cat-turk-tarihi-arastirmalari","7":"pa_cilt-ciltsiz","8":"pa_tur-kitap","9":"pa_yayinevi-otuken-nesriyat","10":"pa_yazar-necati-gultepe","12":"first","13":"instock","14":"sale","15":"shipping-taxable","16":"purchasable","17":"product-type-simple"},"_links":{"self":[{"href":"https:\/\/roveyayinevi.com.tr\/index.php\/wp-json\/wp\/v2\/product\/778895","targetHints":{"allow":["GET"]}}],"collection":[{"href":"https:\/\/roveyayinevi.com.tr\/index.php\/wp-json\/wp\/v2\/product"}],"about":[{"href":"https:\/\/roveyayinevi.com.tr\/index.php\/wp-json\/wp\/v2\/types\/product"}],"wp:attachment":[{"href":"https:\/\/roveyayinevi.com.tr\/index.php\/wp-json\/wp\/v2\/media?parent=778895"}],"wp:term":[{"taxonomy":"product_brand","embeddable":true,"href":"https:\/\/roveyayinevi.com.tr\/index.php\/wp-json\/wp\/v2\/product_brand?post=778895"},{"taxonomy":"product_cat","embeddable":true,"href":"https:\/\/roveyayinevi.com.tr\/index.php\/wp-json\/wp\/v2\/product_cat?post=778895"},{"taxonomy":"product_tag","embeddable":true,"href":"https:\/\/roveyayinevi.com.tr\/index.php\/wp-json\/wp\/v2\/product_tag?post=778895"}],"curies":[{"name":"wp","href":"https:\/\/api.w.org\/{rel}","templated":true}]}}