{"id":778894,"date":"2025-12-30T09:40:57","date_gmt":"2025-12-30T06:40:57","guid":{"rendered":"https:\/\/roveyayinevi.com.tr\/index.php\/urun\/ud-alistirmalari-teknik-calismalara-ud-exercises-building-technique\/"},"modified":"2026-04-11T02:03:24","modified_gmt":"2026-04-10T23:03:24","slug":"ud-alistirmalari-teknik-calismalara-ud-exercises-building-technique","status":"publish","type":"product","link":"https:\/\/roveyayinevi.com.tr\/index.php\/urun\/ud-alistirmalari-teknik-calismalara-ud-exercises-building-technique\/","title":{"rendered":"Ud Al\u0131\u015ft\u0131rmalar\u0131 &#8211; Teknik \u00c7al\u0131\u015fmalara\/Ud Exercises: Building Technique"},"content":{"rendered":"<p>\u00d6nce me\u015fk sistemi vard\u0131. Sonra metodlar&#8230; <\/p>\n","protected":false},"excerpt":{"rendered":"<p>\u00d6nce me\u015fk sistemi vard\u0131. Sonra metodlar&#8230;<\/p>\n","protected":false},"featured_media":0,"template":"","meta":{"_monsterinsights_skip_tracking":false,"_monsterinsights_sitenote_active":false,"_monsterinsights_sitenote_note":"","_monsterinsights_sitenote_category":0},"product_brand":[],"product_cat":[14591,14556],"product_tag":[],"class_list":{"0":"post-778894","1":"product","2":"type-product","3":"status-publish","5":"product_cat-genel-kavramlar-kuram-ve-tarihce","6":"product_cat-muzik","7":"pa_tur-kitap","8":"pa_yayinevi-pan-yayincilik","9":"pa_yazar-enver-mete-aslan","11":"first","12":"instock","13":"sale","14":"shipping-taxable","15":"purchasable","16":"product-type-simple"},"_links":{"self":[{"href":"https:\/\/roveyayinevi.com.tr\/index.php\/wp-json\/wp\/v2\/product\/778894","targetHints":{"allow":["GET"]}}],"collection":[{"href":"https:\/\/roveyayinevi.com.tr\/index.php\/wp-json\/wp\/v2\/product"}],"about":[{"href":"https:\/\/roveyayinevi.com.tr\/index.php\/wp-json\/wp\/v2\/types\/product"}],"wp:attachment":[{"href":"https:\/\/roveyayinevi.com.tr\/index.php\/wp-json\/wp\/v2\/media?parent=778894"}],"wp:term":[{"taxonomy":"product_brand","embeddable":true,"href":"https:\/\/roveyayinevi.com.tr\/index.php\/wp-json\/wp\/v2\/product_brand?post=778894"},{"taxonomy":"product_cat","embeddable":true,"href":"https:\/\/roveyayinevi.com.tr\/index.php\/wp-json\/wp\/v2\/product_cat?post=778894"},{"taxonomy":"product_tag","embeddable":true,"href":"https:\/\/roveyayinevi.com.tr\/index.php\/wp-json\/wp\/v2\/product_tag?post=778894"}],"curies":[{"name":"wp","href":"https:\/\/api.w.org\/{rel}","templated":true}]}}