{"id":778890,"date":"2025-12-30T09:40:41","date_gmt":"2025-12-30T06:40:41","guid":{"rendered":"https:\/\/roveyayinevi.com.tr\/index.php\/urun\/kiraci-3\/"},"modified":"2026-04-16T02:02:14","modified_gmt":"2026-04-15T23:02:14","slug":"kiraci-3","status":"publish","type":"product","link":"https:\/\/roveyayinevi.com.tr\/index.php\/urun\/kiraci-3\/","title":{"rendered":"Kirac\u0131"},"content":{"rendered":"<p>Mario Rota; sabahlar\u0131 d\u00fczenli olarak ko\u015fuya \u00e7\u0131kmay\u0131 seven ve dilbilim alan\u0131nda \u00e7al\u0131\u015fan bir akademisyendir. Bir sabah ko\u015fu s\u0131ras\u0131nda bile\u011fi burkulur. Bu k\u00fc\u00e7\u00fck ve \u00f6nemsiz gibi g\u00f6r\u00fcnen olaydan sonra t\u00fcm hayat\u0131 ellerinden kay\u0131p gitmeye ba\u015flar. Topallayarak evine d\u00f6nd\u00fc\u011f\u00fcnde kar\u015f\u0131 daireye ta\u015f\u0131nan yeni kirac\u0131 ile kar\u015f\u0131la\u015f\u0131r. Bu yabanc\u0131 \u00e7ok ge\u00e7meden, \u00f6nce i\u015fini sonra evini son olarak da k\u0131z arkada\u015f\u0131n\u0131 elinden alacakt\u0131r.Kirac\u0131, g\u00fcn\u00fcm\u00fczde \u0130spanyol edebiyat\u0131n\u0131n en \u00f6nemli yazarlar\u0131ndan biri olarak kabul edilen Javier Cercas&#8217;\u0131n erken d\u00f6nem eserlerinden biri. Ger\u00e7ek ile hayal aras\u0131ndaki s\u0131n\u0131r\u0131n gitgide ve ustal\u0131kla buland\u0131r\u0131ld\u0131\u011f\u0131 bu e\u015fsiz hik\u00e2ye, tekinsiz atmosferi ve kara mizah\u0131yla okuru bir girdap gibi i\u00e7ine \u00e7ekerek, has edebiyat\u0131n en \u00e7arp\u0131c\u0131 \u00f6rneklerini verecek olan bir yazar\u0131 m\u00fcjdeliyor.&#8221;Javier Cercas \u00c7a\u011fda\u015f \u0130spanyol edebiyat\u0131n\u0131n en parlak yazarlar\u0131ndan&#8230; \u00d6yk\u00fclerinde ilk bak\u0131\u015fta g\u00f6ze \u00e7arpan mizah anlay\u0131\u015f\u0131 daha sonra yerini derin bir gerilim hissine b\u0131rak\u0131yor. Romanlar\u0131nda hakikat her zaman kurgudan daha az ikna edici, hayallerse hi\u00e7bir zaman ger\u00e7eklerden daha tuhaf de\u011fil.&#8221;<\/p>\n","protected":false},"excerpt":{"rendered":"<p>Mario Rota; sabahlar\u0131 d\u00fczenli olarak ko\u015fuya \u00e7\u0131kmay\u0131 seven ve dilbilim alan\u0131nda \u00e7al\u0131\u015fan bir akademisyendir. Bir sabah ko\u015fu s\u0131ras\u0131nda bile\u011fi burkulur. Bu k\u00fc\u00e7\u00fck ve \u00f6nemsiz gibi g\u00f6r\u00fcnen<span class=\"excerpt-hellip\"> [\u2026]<\/span><\/p>\n","protected":false},"featured_media":0,"template":"","meta":{"_monsterinsights_skip_tracking":false,"_monsterinsights_sitenote_active":false,"_monsterinsights_sitenote_note":"","_monsterinsights_sitenote_category":0},"product_brand":[],"product_cat":[12291,14218],"product_tag":[],"class_list":{"0":"post-778890","1":"product","2":"type-product","3":"status-publish","5":"product_cat-edebiyat","6":"product_cat-italyan-edebiyati","7":"pa_cilt-ciltsiz","8":"pa_tur-kitap","9":"pa_yayinevi-everest-yayinlari","10":"pa_yazar-javier-cercas","12":"first","13":"instock","14":"sale","15":"shipping-taxable","16":"purchasable","17":"product-type-simple"},"_links":{"self":[{"href":"https:\/\/roveyayinevi.com.tr\/index.php\/wp-json\/wp\/v2\/product\/778890","targetHints":{"allow":["GET"]}}],"collection":[{"href":"https:\/\/roveyayinevi.com.tr\/index.php\/wp-json\/wp\/v2\/product"}],"about":[{"href":"https:\/\/roveyayinevi.com.tr\/index.php\/wp-json\/wp\/v2\/types\/product"}],"wp:attachment":[{"href":"https:\/\/roveyayinevi.com.tr\/index.php\/wp-json\/wp\/v2\/media?parent=778890"}],"wp:term":[{"taxonomy":"product_brand","embeddable":true,"href":"https:\/\/roveyayinevi.com.tr\/index.php\/wp-json\/wp\/v2\/product_brand?post=778890"},{"taxonomy":"product_cat","embeddable":true,"href":"https:\/\/roveyayinevi.com.tr\/index.php\/wp-json\/wp\/v2\/product_cat?post=778890"},{"taxonomy":"product_tag","embeddable":true,"href":"https:\/\/roveyayinevi.com.tr\/index.php\/wp-json\/wp\/v2\/product_tag?post=778890"}],"curies":[{"name":"wp","href":"https:\/\/api.w.org\/{rel}","templated":true}]}}