{"id":778889,"date":"2025-12-30T09:40:37","date_gmt":"2025-12-30T06:40:37","guid":{"rendered":"https:\/\/roveyayinevi.com.tr\/index.php\/urun\/cinar-dede\/"},"modified":"2026-04-16T02:02:13","modified_gmt":"2026-04-15T23:02:13","slug":"cinar-dede","status":"publish","type":"product","link":"https:\/\/roveyayinevi.com.tr\/index.php\/urun\/cinar-dede\/","title":{"rendered":"\u00c7\u0131nar Dede"},"content":{"rendered":"<p>\u00c7\u0131nar Dede d\u00f6rt y\u00fcz ya\u015f\u0131n\u0131 a\u015fm\u0131\u015f, art\u0131k d\u00fcnyaya k\u00f6k salm\u0131\u015f bir bilge a\u011fa\u00e7. Zaman\u0131nda yan\u0131 ba\u015f\u0131ndaki \u00e7e\u015fmeden su almaya gelen insanlar\u0131 g\u00f6lgesinde toplay\u0131p bir araya getiren bu koca \u00e7\u0131nar, y\u00fczlerce y\u0131l pek \u00e7ok olaya tan\u0131k olmu\u015f. \u0130nsanlar\u0131 seven bir a\u011fa\u00e7 bu onlara dallar\u0131na konan ku\u015flar\u0131n \u015fark\u0131lar\u0131n\u0131 dinleten, yapraklar\u0131n\u0131n aras\u0131nda dolan\u0131p duran esintiyle masallar anlatan&#8230; Ne var ki insanlardan \u00e7ok da \u00e7eken! Ama insanlar\u0131n sevgiyi, umudu, iyili\u011fi aray\u0131\u015f\u0131nda onlara yol g\u00f6stermekten vazge\u00e7meyen bir Ya\u015fam A\u011fac\u0131. Gelin sar\u0131lal\u0131m \u00c7\u0131nar Dede\u2019nin kocaman g\u00f6vdesine, koklayal\u0131m ya\u015fam\u0131 ve dinleyelim \u00f6yk\u00fcs\u00fcn\u00fc <\/p>\n","protected":false},"excerpt":{"rendered":"<p>\u00c7\u0131nar Dede d\u00f6rt y\u00fcz ya\u015f\u0131n\u0131 a\u015fm\u0131\u015f, art\u0131k d\u00fcnyaya k\u00f6k salm\u0131\u015f bir bilge a\u011fa\u00e7. Zaman\u0131nda yan\u0131 ba\u015f\u0131ndaki \u00e7e\u015fmeden su almaya gelen insanlar\u0131 g\u00f6lgesinde toplay\u0131p bir araya getiren<span class=\"excerpt-hellip\"> [\u2026]<\/span><\/p>\n","protected":false},"featured_media":0,"template":"","meta":{"_monsterinsights_skip_tracking":false,"_monsterinsights_sitenote_active":false,"_monsterinsights_sitenote_note":"","_monsterinsights_sitenote_category":0},"product_brand":[],"product_cat":[12274,12284],"product_tag":[],"class_list":{"0":"post-778889","1":"product","2":"type-product","3":"status-publish","5":"product_cat-cocuk-ve-genclik-kitaplari","6":"product_cat-hikayeler","7":"pa_cilt-ciltsiz","8":"pa_tur-kitap","9":"pa_yayinevi-is-bankasi-kultur-yayinlari","10":"pa_yazar-huseyin-yurttas","12":"first","13":"instock","14":"sale","15":"shipping-taxable","16":"purchasable","17":"product-type-simple"},"_links":{"self":[{"href":"https:\/\/roveyayinevi.com.tr\/index.php\/wp-json\/wp\/v2\/product\/778889","targetHints":{"allow":["GET"]}}],"collection":[{"href":"https:\/\/roveyayinevi.com.tr\/index.php\/wp-json\/wp\/v2\/product"}],"about":[{"href":"https:\/\/roveyayinevi.com.tr\/index.php\/wp-json\/wp\/v2\/types\/product"}],"wp:attachment":[{"href":"https:\/\/roveyayinevi.com.tr\/index.php\/wp-json\/wp\/v2\/media?parent=778889"}],"wp:term":[{"taxonomy":"product_brand","embeddable":true,"href":"https:\/\/roveyayinevi.com.tr\/index.php\/wp-json\/wp\/v2\/product_brand?post=778889"},{"taxonomy":"product_cat","embeddable":true,"href":"https:\/\/roveyayinevi.com.tr\/index.php\/wp-json\/wp\/v2\/product_cat?post=778889"},{"taxonomy":"product_tag","embeddable":true,"href":"https:\/\/roveyayinevi.com.tr\/index.php\/wp-json\/wp\/v2\/product_tag?post=778889"}],"curies":[{"name":"wp","href":"https:\/\/api.w.org\/{rel}","templated":true}]}}