{"id":778888,"date":"2025-12-30T09:39:49","date_gmt":"2025-12-30T06:39:49","guid":{"rendered":"https:\/\/roveyayinevi.com.tr\/index.php\/urun\/canakkale-savaslari-gunlugu\/"},"modified":"2026-04-16T02:02:09","modified_gmt":"2026-04-15T23:02:09","slug":"canakkale-savaslari-gunlugu","status":"publish","type":"product","link":"https:\/\/roveyayinevi.com.tr\/index.php\/urun\/canakkale-savaslari-gunlugu\/","title":{"rendered":"\u00c7anakkale Sava\u015flar\u0131 G\u00fcnl\u00fc\u011f\u00fc"},"content":{"rendered":"<p>Onlar\u0131n kemikleri da\u011f gibi y\u0131\u011f\u0131ld\u0131, kanlar\u0131 dere gibi akt\u0131&#8230; Mermileri t\u00fckenince imanlar\u0131n\u0131 s\u00fcng\u00fclerinin ucunda par\u0131ldatt\u0131lar ve devle\u015ftirler, cins cins takviyeli insan s\u00fcr\u00fclerini g\u00f6\u011f\u00fcsleriyle durdurdular. Ne \u00f6l\u00fcm indiren g\u00f6kler y\u0131ld\u0131rd\u0131 onlar\u0131, ne \u00f6l\u00fc p\u00fcsk\u00fcrten yer&#8230; \u0130stilac\u0131 d\u00fc\u015fmana Bo\u011faz\u2019\u0131 dar ettiler; denizden de, karadan da ge\u00e7it vermediler; sa\u011f kalanlar m\u00fctevaz\u0131 birer g\u00e2zi, topra\u011fa d\u00fc\u015fenlerse Cennet\u2019e Tanr\u0131 konu\u011fu oldular; hem yedi d\u00fcvele nam sald\u0131lari hem nesillerine \u015feref b\u0131rakt\u0131lar&#8230; Onlar\u0131n destan\u0131n\u0131 okuyal\u0131m: \u00d6pelim onlardan kalan Bayra\u011f\u0131m\u0131z\u0131, temizse dudaklar\u0131m\u0131z&#8230; Gezelim \u015fehitliklerini, temizse ayaklar\u0131m\u0131z&#8230; Dua sa\u011fnaklar\u0131m\u0131z eri\u015fsin onlar\u0131n y\u00fcce ruhlar\u0131na; b\u00f6ylece, belki o y\u00fcceli\u011fin s\u0131rr\u0131 da a\u00e7\u0131l\u0131r g\u00f6n\u00fcllerimize, nesillerimize&#8230; <\/p>\n","protected":false},"excerpt":{"rendered":"<p>Onlar\u0131n kemikleri da\u011f gibi y\u0131\u011f\u0131ld\u0131, kanlar\u0131 dere gibi akt\u0131&#8230; Mermileri t\u00fckenince imanlar\u0131n\u0131 s\u00fcng\u00fclerinin ucunda par\u0131ldatt\u0131lar ve devle\u015ftirler, cins cins takviyeli insan s\u00fcr\u00fclerini g\u00f6\u011f\u00fcsleriyle durdurdular. Ne \u00f6l\u00fcm<span class=\"excerpt-hellip\"> [\u2026]<\/span><\/p>\n","protected":false},"featured_media":0,"template":"","meta":{"_monsterinsights_skip_tracking":false,"_monsterinsights_sitenote_active":false,"_monsterinsights_sitenote_note":"","_monsterinsights_sitenote_category":0},"product_brand":[],"product_cat":[12370,12304],"product_tag":[],"class_list":{"0":"post-778888","1":"product","2":"type-product","3":"status-publish","5":"product_cat-arastirma-inceleme","6":"product_cat-tarih","7":"pa_tur-kitap","8":"pa_yayinevi-otuken-nesriyat","9":"pa_yazar-erol-kilinc","11":"first","12":"instock","13":"sale","14":"shipping-taxable","15":"purchasable","16":"product-type-simple"},"_links":{"self":[{"href":"https:\/\/roveyayinevi.com.tr\/index.php\/wp-json\/wp\/v2\/product\/778888","targetHints":{"allow":["GET"]}}],"collection":[{"href":"https:\/\/roveyayinevi.com.tr\/index.php\/wp-json\/wp\/v2\/product"}],"about":[{"href":"https:\/\/roveyayinevi.com.tr\/index.php\/wp-json\/wp\/v2\/types\/product"}],"wp:attachment":[{"href":"https:\/\/roveyayinevi.com.tr\/index.php\/wp-json\/wp\/v2\/media?parent=778888"}],"wp:term":[{"taxonomy":"product_brand","embeddable":true,"href":"https:\/\/roveyayinevi.com.tr\/index.php\/wp-json\/wp\/v2\/product_brand?post=778888"},{"taxonomy":"product_cat","embeddable":true,"href":"https:\/\/roveyayinevi.com.tr\/index.php\/wp-json\/wp\/v2\/product_cat?post=778888"},{"taxonomy":"product_tag","embeddable":true,"href":"https:\/\/roveyayinevi.com.tr\/index.php\/wp-json\/wp\/v2\/product_tag?post=778888"}],"curies":[{"name":"wp","href":"https:\/\/api.w.org\/{rel}","templated":true}]}}