{"id":778887,"date":"2025-12-30T09:39:37","date_gmt":"2025-12-30T06:39:37","guid":{"rendered":"https:\/\/roveyayinevi.com.tr\/index.php\/urun\/hayatimi-yasarken-1-cilt\/"},"modified":"2026-04-16T02:02:01","modified_gmt":"2026-04-15T23:02:01","slug":"hayatimi-yasarken-1-cilt","status":"publish","type":"product","link":"https:\/\/roveyayinevi.com.tr\/index.php\/urun\/hayatimi-yasarken-1-cilt\/","title":{"rendered":"Hayat\u0131m\u0131 Ya\u015farken &#8211; 1.Cilt"},"content":{"rendered":"<p>Emma Goldman 1869\u2019da Litvanya\u2019da do\u011fdu. 20 ya\u015f\u0131nda Amerika\u2019da anar\u015fist harekete kat\u0131ld\u0131. Ad\u0131n\u0131 duyan herkes heyecanlan\u0131rd\u0131, herkesin \u201cK\u0131z\u0131l Emma\u201ds\u0131yd\u0131 o. \u00d6mr\u00fc boyunca devletin her t\u00fcr\u00fcne kar\u015f\u0131 \u00e7\u0131kt\u0131. Birinci D\u00fcnya Sava\u015f\u0131 s\u0131ras\u0131nda sava\u015f aleyhtarl\u0131\u011f\u0131 yapt\u0131. Milliyet\u00e7ili\u011fe kar\u015f\u0131yd\u0131. 1919\u2019da devrimin getirdi\u011fi co\u015fkuyla Sovyetler Birli\u011fi\u2019ne gitti. Lenin\u2019le tart\u0131\u015ft\u0131. Hayal k\u0131r\u0131kl\u0131\u011f\u0131 b\u00fcy\u00fck oldu. Tam bir d\u00fcnya vatanda\u015f\u0131yd\u0131; Fransa, Britanya, Almanya, \u0130sve\u00e7, Hollanda ve Kanada\u2019da ya\u015fad\u0131. Freud\u2019un derslerine kat\u0131ld\u0131. \u0130spanya \u0130\u00e7 Sava\u015f\u0131\u2019nda Anar\u015fistlerin yan\u0131ndayd\u0131. Tanr\u0131tan\u0131mazl\u0131\u011f\u0131, \u00f6zg\u00fcr a\u015fk\u0131 savundu. Do\u011fum kontrol\u00fc i\u00e7in, e\u015fcinsellerin \u00f6zg\u00fcrl\u00fc\u011f\u00fc i\u00e7in m\u00fccadele etti. O bir anar\u015fistti, g\u00f6\u00e7mendi, yahudiydi, kad\u0131nd\u0131. Yolda\u015flar\u0131na \u201cDans edemeyeceksem, devriminiz sizin olsun,\u201d diyen de oydu. 71 ya\u015f\u0131nda \u00f6ld\u00fc\u011f\u00fcnde y\u0131llardan hen\u00fcz 1940\u2019t\u0131, \u0130kinci D\u00fcnya Sava\u015f\u0131 ba\u015flam\u0131\u015ft\u0131. Emma Goldman\u2019\u0131n otobiyografisi, \u00f6zel bir tarihsel ki\u015fili\u011fin tutkulu ve tavizsiz m\u00fccadelesini kaydetmenin d\u0131\u015f\u0131nda, yirminci y\u00fczy\u0131l\u0131n siyasi tarihi a\u00e7\u0131s\u0131ndan da b\u00fcy\u00fck \u00f6nem ta\u015f\u0131r: Bir yandan, y\u00fczy\u0131l \u00f6nce insanlar\u0131n bug\u00fcne k\u0131yasla nas\u0131l geni\u015f bir siyasi ufuk ve umut ta\u015f\u0131d\u0131klar\u0131n\u0131 g\u00f6r\u00fcr\u00fcz; ama di\u011fer yandan, o d\u00f6nemde ortaya at\u0131lm\u0131\u015f sorular bug\u00fcn bile tam cevaplanamam\u0131\u015ft\u0131r, a\u015f\u0131lamam\u0131\u015ft\u0131r. \u0130lk kez 90\u2019l\u0131 y\u0131llarda Kaos Yay\u0131nlar\u0131 ile birlikte yay\u0131mlad\u0131\u011f\u0131m\u0131z iki ciltlik eserin g\u00f6zden ge\u00e7irilmi\u015f yeni bas\u0131m\u0131n\u0131 68 Devrimi\u2019nin 50. y\u0131l\u0131n\u0131 kutlamak \u00fczere yay\u0131ml\u0131yoruz. <\/p>\n","protected":false},"excerpt":{"rendered":"<p>Emma Goldman 1869\u2019da Litvanya\u2019da do\u011fdu. 20 ya\u015f\u0131nda Amerika\u2019da anar\u015fist harekete kat\u0131ld\u0131. Ad\u0131n\u0131 duyan herkes heyecanlan\u0131rd\u0131, herkesin \u201cK\u0131z\u0131l Emma\u201ds\u0131yd\u0131 o. \u00d6mr\u00fc boyunca devletin her t\u00fcr\u00fcne kar\u015f\u0131 \u00e7\u0131kt\u0131.<span class=\"excerpt-hellip\"> [\u2026]<\/span><\/p>\n","protected":false},"featured_media":0,"template":"","meta":{"_monsterinsights_skip_tracking":false,"_monsterinsights_sitenote_active":false,"_monsterinsights_sitenote_note":"","_monsterinsights_sitenote_category":0},"product_brand":[],"product_cat":[14741,13488],"product_tag":[],"class_list":{"0":"post-778887","1":"product","2":"type-product","3":"status-publish","5":"product_cat-kadin-sorunlari-feminizm","6":"product_cat-toplum-ve-insan","7":"pa_cilt-ciltsiz","8":"pa_tur-kitap","9":"pa_yayinevi-metis-yayinlari","10":"pa_yazar-emma-goldman","12":"first","13":"instock","14":"sale","15":"shipping-taxable","16":"purchasable","17":"product-type-simple"},"_links":{"self":[{"href":"https:\/\/roveyayinevi.com.tr\/index.php\/wp-json\/wp\/v2\/product\/778887","targetHints":{"allow":["GET"]}}],"collection":[{"href":"https:\/\/roveyayinevi.com.tr\/index.php\/wp-json\/wp\/v2\/product"}],"about":[{"href":"https:\/\/roveyayinevi.com.tr\/index.php\/wp-json\/wp\/v2\/types\/product"}],"wp:attachment":[{"href":"https:\/\/roveyayinevi.com.tr\/index.php\/wp-json\/wp\/v2\/media?parent=778887"}],"wp:term":[{"taxonomy":"product_brand","embeddable":true,"href":"https:\/\/roveyayinevi.com.tr\/index.php\/wp-json\/wp\/v2\/product_brand?post=778887"},{"taxonomy":"product_cat","embeddable":true,"href":"https:\/\/roveyayinevi.com.tr\/index.php\/wp-json\/wp\/v2\/product_cat?post=778887"},{"taxonomy":"product_tag","embeddable":true,"href":"https:\/\/roveyayinevi.com.tr\/index.php\/wp-json\/wp\/v2\/product_tag?post=778887"}],"curies":[{"name":"wp","href":"https:\/\/api.w.org\/{rel}","templated":true}]}}