{"id":778886,"date":"2025-12-30T09:38:56","date_gmt":"2025-12-30T06:38:56","guid":{"rendered":"https:\/\/roveyayinevi.com.tr\/index.php\/urun\/varolusun-kesfi\/"},"modified":"2026-04-16T02:00:53","modified_gmt":"2026-04-15T23:00:53","slug":"varolusun-kesfi","status":"publish","type":"product","link":"https:\/\/roveyayinevi.com.tr\/index.php\/urun\/varolusun-kesfi\/","title":{"rendered":"Varolu\u015fun Ke\u015ffi"},"content":{"rendered":"<p>Rollo May, kitab\u0131na bir tespitle ba\u015fl\u0131yor: \u0130\u00e7inde ya\u015fad\u0131\u011f\u0131m\u0131z \u00e7a\u011fda bir paradoksla kar\u015f\u0131 kar\u015f\u0131yay\u0131z. Radyo, televizyon ve uydulardan \u00e2deta bardaktan bo\u015fan\u0131rcas\u0131na ya\u011fan bilginin hi\u00e7 bu kadar\u0131n\u0131 g\u00f6rmemi\u015f, kendi varl\u0131\u011f\u0131m\u0131za dair hi\u00e7 bu kadar b\u00fcy\u00fck bir i\u00e7sel belirsizlik ya\u015famam\u0131\u015ft\u0131k. Nesnel hakikat artt\u0131k\u00e7a, i\u00e7sel netli\u011fimiz de o kadar azalmakta.\ufffcTan\u0131t\u0131m Metni<\/p>\n","protected":false},"excerpt":{"rendered":"<p>Rollo May, kitab\u0131na bir tespitle ba\u015fl\u0131yor: \u0130\u00e7inde ya\u015fad\u0131\u011f\u0131m\u0131z \u00e7a\u011fda bir paradoksla kar\u015f\u0131 kar\u015f\u0131yay\u0131z. Radyo, televizyon ve uydulardan \u00e2deta bardaktan bo\u015fan\u0131rcas\u0131na ya\u011fan bilginin hi\u00e7 bu kadar\u0131n\u0131 g\u00f6rmemi\u015f,<span class=\"excerpt-hellip\"> [\u2026]<\/span><\/p>\n","protected":false},"featured_media":0,"template":"","meta":{"_monsterinsights_skip_tracking":false,"_monsterinsights_sitenote_active":false,"_monsterinsights_sitenote_note":"","_monsterinsights_sitenote_category":0},"product_brand":[],"product_cat":[12358,12357],"product_tag":[],"class_list":{"0":"post-778886","1":"product","2":"type-product","3":"status-publish","5":"product_cat-genel-psikoloji","6":"product_cat-psikoloji","7":"pa_cilt-ciltsiz","8":"pa_tur-kitap","9":"pa_yayinevi-okuyan-us-yayin","10":"pa_yazar-rollo-may","12":"first","13":"instock","14":"sale","15":"shipping-taxable","16":"purchasable","17":"product-type-simple"},"_links":{"self":[{"href":"https:\/\/roveyayinevi.com.tr\/index.php\/wp-json\/wp\/v2\/product\/778886","targetHints":{"allow":["GET"]}}],"collection":[{"href":"https:\/\/roveyayinevi.com.tr\/index.php\/wp-json\/wp\/v2\/product"}],"about":[{"href":"https:\/\/roveyayinevi.com.tr\/index.php\/wp-json\/wp\/v2\/types\/product"}],"wp:attachment":[{"href":"https:\/\/roveyayinevi.com.tr\/index.php\/wp-json\/wp\/v2\/media?parent=778886"}],"wp:term":[{"taxonomy":"product_brand","embeddable":true,"href":"https:\/\/roveyayinevi.com.tr\/index.php\/wp-json\/wp\/v2\/product_brand?post=778886"},{"taxonomy":"product_cat","embeddable":true,"href":"https:\/\/roveyayinevi.com.tr\/index.php\/wp-json\/wp\/v2\/product_cat?post=778886"},{"taxonomy":"product_tag","embeddable":true,"href":"https:\/\/roveyayinevi.com.tr\/index.php\/wp-json\/wp\/v2\/product_tag?post=778886"}],"curies":[{"name":"wp","href":"https:\/\/api.w.org\/{rel}","templated":true}]}}