{"id":778884,"date":"2025-12-30T09:38:47","date_gmt":"2025-12-30T06:38:47","guid":{"rendered":"https:\/\/roveyayinevi.com.tr\/index.php\/urun\/kral\/"},"modified":"2026-02-03T02:02:34","modified_gmt":"2026-02-02T23:02:34","slug":"kral","status":"publish","type":"product","link":"https:\/\/roveyayinevi.com.tr\/index.php\/urun\/kral\/","title":{"rendered":"Kral"},"content":{"rendered":"<p>&#8220;\u00c7\u0131ld\u0131rm\u0131\u015f olmal\u0131y\u0131m. Bu s\u00f6zc\u00fckleri uykumda duyuyorum ve her duydu\u011fumda bo\u011faz\u0131m\u0131n gerisinde bir yerde, g\u0131rtla\u011f\u0131n burunla birle\u015fti\u011fi noktada \u2013hani o korktu\u011funuzda kuruyan b\u00f6lgede\u2013 kumru gibi dem \u00e7ekiyorum. Sizi ya\u015fad\u0131\u011f\u0131m\u0131z yere g\u00f6t\u00fcrebilmek i\u00e7in \u00e7\u0131ld\u0131r\u0131yorum&#8230;&#8221; Bir otoyolun kenar\u0131nda, \u015fehir merkezinden on iki, denizdense d\u00f6rt kilometre uzakta, at\u0131lm\u0131\u015f buzdolaplar\u0131, kaza ge\u00e7irmi\u015f kamyonlar, k\u0131r\u0131k lavabolarla dolu bir \u00e7\u00f6pl\u00fck b\u00f6lgesindeyiz. B\u00fcy\u00fck bir Olimpiyat Stadyumunun yap\u0131laca\u011f\u0131ndan s\u00f6z edilen bu yer asl\u0131nda kendili\u011finden olu\u015fmu\u015f bir mahalle. Bir zamanlar b\u00fcy\u00fck bir i\u015fadam\u0131 olan Vico ile sevgilisi Vica&#8217;n\u0131n, buraya ilk yerle\u015fen oldu\u011fu i\u00e7in herkese kendi kanununu dayatan Jack&#8217;in ve her biri kendi ge\u00e7mi\u015fini bir y\u00fck gibi ta\u015f\u0131yan Anna&#8217;n\u0131n, Marcello&#8217;nun, Melek&#8217;in, Liberto&#8217;nun, Joachim&#8217;in, Saul&#8217;\u00fcn, Danny&#8217;nin, Corina&#8217;n\u0131n, Alfonso&#8217;nun s\u0131\u011f\u0131nd\u0131klar\u0131, ya\u015famlar\u0131ndan ellerinde kalan ne varsa korumaya \u00e7al\u0131\u015ft\u0131klar\u0131 &#8220;evleri&#8221;nin yer ald\u0131\u011f\u0131 kendine \u00f6zg\u00fc bir mahalle. Ve bu mahallenin Vica&#8217;ya \u00e2\u015f\u0131k k\u00f6pe\u011fi Kral&#8230; H\u0131rslar ve umutsuzluklar, sevgiler ve kay\u0131ts\u0131zl\u0131klar, varkalma \u00e7abalar\u0131 ve kendini \u00f6l\u00fcme b\u0131rak\u0131\u015f: B\u00fcy\u00fck zenginliklerin yan\u0131 ba\u015f\u0131nda b\u00fcy\u00fck yoksulluklar&#8230; Kral, yeni bir barbarl\u0131k \u00e7a\u011f\u0131n\u0131n, K\u00f6pekler \u00c7a\u011f\u0131&#8217;n\u0131n habercisi mi? YAZAR HAKKINDA 1926\u2019da Londra\u2019da do\u011fdu. \u0130ngilizce yazan en etkili sanat ele\u015ftirmenlerinden biri olan Berger, ayr\u0131ca senaryo yazar\u0131, romanc\u0131, belgesel yazar\u0131 ve ressam olarak da tan\u0131n\u0131yor. 1940\u2019lar\u0131n sonunda Londra\u2019da \u00e7e\u015fitli galerilerde sergiler a\u00e7t\u0131. Bu d\u00f6nemde Kom\u00fcnist Parti ile yak\u0131n ili\u015fki kurdu, sol-kanat haftal\u0131k dergi Tribune i\u00e7in makaleler yazd\u0131. 1948-55 y\u0131llar\u0131 aras\u0131nda resim \u00f6\u011fretirken sanat ele\u015ftirmeni oldu ve 1951\u2019den itibaren New Statesman i\u00e7in on y\u0131l boyunca sanat ele\u015ftirileri yazd\u0131. \u0130lk roman\u0131 1958\u2019de yay\u0131mlanan Zaman\u0131m\u0131z\u0131n Bir Ressam\u0131\u2019d\u0131r. Roman\u0131 G. ile 1972 y\u0131l\u0131nda Booker \u00f6d\u00fcl\u00fcn\u00fc alm\u0131\u015ft\u0131r. 2017\u2019de yitirdi\u011fimiz John Berger, T\u00fcrkiyeli okurlar\u0131n\u0131 uzun y\u0131llard\u0131r derinden etkilemeyi s\u00fcrd\u00fcr\u00fcyor. <\/p>\n","protected":false},"excerpt":{"rendered":"<p>&#8220;\u00c7\u0131ld\u0131rm\u0131\u015f olmal\u0131y\u0131m. Bu s\u00f6zc\u00fckleri uykumda duyuyorum ve her duydu\u011fumda bo\u011faz\u0131m\u0131n gerisinde bir yerde, g\u0131rtla\u011f\u0131n burunla birle\u015fti\u011fi noktada \u2013hani o korktu\u011funuzda kuruyan b\u00f6lgede\u2013 kumru gibi dem \u00e7ekiyorum.<span class=\"excerpt-hellip\"> [\u2026]<\/span><\/p>\n","protected":false},"featured_media":0,"template":"","meta":{"_monsterinsights_skip_tracking":false,"_monsterinsights_sitenote_active":false,"_monsterinsights_sitenote_note":"","_monsterinsights_sitenote_category":0},"product_brand":[],"product_cat":[12291,12866],"product_tag":[],"class_list":{"0":"post-778884","1":"product","2":"type-product","3":"status-publish","5":"product_cat-edebiyat","6":"product_cat-ingiliz-edebiyati","7":"pa_cilt-ciltsiz","8":"pa_tur-kitap","9":"pa_yayinevi-metis-yayinlari","10":"pa_yazar-john-berger","12":"first","13":"instock","14":"sale","15":"shipping-taxable","16":"purchasable","17":"product-type-simple"},"_links":{"self":[{"href":"https:\/\/roveyayinevi.com.tr\/index.php\/wp-json\/wp\/v2\/product\/778884","targetHints":{"allow":["GET"]}}],"collection":[{"href":"https:\/\/roveyayinevi.com.tr\/index.php\/wp-json\/wp\/v2\/product"}],"about":[{"href":"https:\/\/roveyayinevi.com.tr\/index.php\/wp-json\/wp\/v2\/types\/product"}],"wp:attachment":[{"href":"https:\/\/roveyayinevi.com.tr\/index.php\/wp-json\/wp\/v2\/media?parent=778884"}],"wp:term":[{"taxonomy":"product_brand","embeddable":true,"href":"https:\/\/roveyayinevi.com.tr\/index.php\/wp-json\/wp\/v2\/product_brand?post=778884"},{"taxonomy":"product_cat","embeddable":true,"href":"https:\/\/roveyayinevi.com.tr\/index.php\/wp-json\/wp\/v2\/product_cat?post=778884"},{"taxonomy":"product_tag","embeddable":true,"href":"https:\/\/roveyayinevi.com.tr\/index.php\/wp-json\/wp\/v2\/product_tag?post=778884"}],"curies":[{"name":"wp","href":"https:\/\/api.w.org\/{rel}","templated":true}]}}