{"id":778883,"date":"2025-12-30T09:38:42","date_gmt":"2025-12-30T06:38:42","guid":{"rendered":"https:\/\/roveyayinevi.com.tr\/index.php\/urun\/metis-kucuk-filozoflar-serisi-03-bilge-sokratesin-olumu\/"},"modified":"2026-02-03T02:02:32","modified_gmt":"2026-02-02T23:02:32","slug":"metis-kucuk-filozoflar-serisi-03-bilge-sokratesin-olumu","status":"publish","type":"product","link":"https:\/\/roveyayinevi.com.tr\/index.php\/urun\/metis-kucuk-filozoflar-serisi-03-bilge-sokratesin-olumu\/","title":{"rendered":"Metis K\u00fc\u00e7\u00fck Filozoflar Serisi 03 &#8211; Bilge Sokrates&#8217;in \u00d6l\u00fcm\u00fc"},"content":{"rendered":"<p>Metis K\u00fc\u00e7\u00fck Filozoflar Serisi 03 &#8211; Bilge Sokrates&#8217;in \u00d6l\u00fcm\u00fc<\/p>\n","protected":false},"excerpt":{"rendered":"<p>Metis K\u00fc\u00e7\u00fck Filozoflar Serisi 03 &#8211; Bilge Sokrates&#8217;in \u00d6l\u00fcm\u00fc<\/p>\n","protected":false},"featured_media":0,"template":"","meta":{"_monsterinsights_skip_tracking":false,"_monsterinsights_sitenote_active":false,"_monsterinsights_sitenote_note":"","_monsterinsights_sitenote_category":0},"product_brand":[],"product_cat":[12312,12304],"product_tag":[],"class_list":{"0":"post-778883","1":"product","2":"type-product","3":"status-publish","5":"product_cat-diger","6":"product_cat-tarih","7":"pa_cilt-ciltsiz","8":"pa_tur-kitap","9":"pa_yayinevi-metis-yayinlari","10":"pa_yazar-jean-paul-mongin","12":"first","13":"instock","14":"sale","15":"shipping-taxable","16":"purchasable","17":"product-type-simple"},"_links":{"self":[{"href":"https:\/\/roveyayinevi.com.tr\/index.php\/wp-json\/wp\/v2\/product\/778883","targetHints":{"allow":["GET"]}}],"collection":[{"href":"https:\/\/roveyayinevi.com.tr\/index.php\/wp-json\/wp\/v2\/product"}],"about":[{"href":"https:\/\/roveyayinevi.com.tr\/index.php\/wp-json\/wp\/v2\/types\/product"}],"wp:attachment":[{"href":"https:\/\/roveyayinevi.com.tr\/index.php\/wp-json\/wp\/v2\/media?parent=778883"}],"wp:term":[{"taxonomy":"product_brand","embeddable":true,"href":"https:\/\/roveyayinevi.com.tr\/index.php\/wp-json\/wp\/v2\/product_brand?post=778883"},{"taxonomy":"product_cat","embeddable":true,"href":"https:\/\/roveyayinevi.com.tr\/index.php\/wp-json\/wp\/v2\/product_cat?post=778883"},{"taxonomy":"product_tag","embeddable":true,"href":"https:\/\/roveyayinevi.com.tr\/index.php\/wp-json\/wp\/v2\/product_tag?post=778883"}],"curies":[{"name":"wp","href":"https:\/\/api.w.org\/{rel}","templated":true}]}}