{"id":778879,"date":"2025-12-30T09:37:36","date_gmt":"2025-12-30T06:37:36","guid":{"rendered":"https:\/\/roveyayinevi.com.tr\/index.php\/urun\/harname\/"},"modified":"2026-04-16T01:59:57","modified_gmt":"2026-04-15T22:59:57","slug":"harname","status":"publish","type":"product","link":"https:\/\/roveyayinevi.com.tr\/index.php\/urun\/harname\/","title":{"rendered":"Harname"},"content":{"rendered":"<p>S\u00f6zl\u00fck Ve Harname\u2019nin T\u0131pk\u0131bas\u0131m\u0131 \u0130laveli 2 Renk, ResimliE\u015fek\u2026 Merkep\u2026 Karaka\u00e7an\u2026 Har\u2026 Donkey\u2026 Himar\u2026 Her yerde, her dilde onun i\u00e7in kullan\u0131lan ba\u015fka bir kelime mutlaka vard\u0131r. \u0130lahiyattan efsaneye, felsefeden edebiyata, masaldan sinemaya de\u011fin hemen her sahada mutlaka kar\u015f\u0131m\u0131za \u00e7\u0131kar. \u0130nsan zihni mizah\u0131n ve dolayl\u0131 anlat\u0131m\u0131n \u015fiirini sanki onun vas\u0131tas\u0131yla kurar. 15. y\u00fczy\u0131l\u0131n b\u00fcy\u00fck \u015fairi \u015eeyh\u00ee de asl\u0131nda tam bunu yapar. Edebiyat\u0131m\u0131zda Harn\u00e2me ad\u0131yla bir \u015faheser varsa \u015eeyh\u00ee\u2019nin \u00fcst\u00fcn kavray\u0131\u015f\u0131 ve dolayl\u0131 anlat\u0131mdaki ba\u015far\u0131s\u0131 sebebiyledir. Onun bu satirik eseri vesilesiyle hem ya\u015fad\u0131\u011f\u0131 d\u00f6nemi hem de genel anlamda insanl\u0131\u011f\u0131n halini yeniden okuruz. Harn\u00e2me \u015fairin ya\u015fad\u0131\u011f\u0131 toplumun aksayan yanlar\u0131n\u0131, hiciv zek\u00e2s\u0131 ve inceli\u011fi ile elekten ge\u00e7iri\u015fidir. \u015eiir zevki ile e\u011flenceli anlat\u0131m ba\u015f ba\u015fa y\u00fcr\u00fcr burada. T\u00fcrk mizah edebiyat\u0131n\u0131n ilk g\u00fczel ve \u00f6l\u00fcms\u00fcz \u00f6rneklerinden olan ve temiz bir T\u00fcrk\u00e7e ile yaz\u0131l\u0131p 600 y\u0131ll\u0131k yolculuktan sonra g\u00fcn\u00fcm\u00fcze de\u011fin ula\u015fan bu edebi miras\u0131m\u0131z\u0131, asl\u0131 ve g\u00fcn\u00fcm\u00fcz T\u00fcrk\u00e7esi ile birlikte sunuyoruz. Harn\u00e2me d\u00fcnden bug\u00fcne insan\u0131n ortak hallerine \u00e7evrilmi\u015f bir i\u015faret levhas\u0131\u2026 <\/p>\n","protected":false},"excerpt":{"rendered":"<p>S\u00f6zl\u00fck Ve Harname\u2019nin T\u0131pk\u0131bas\u0131m\u0131 \u0130laveli 2 Renk, ResimliE\u015fek\u2026 Merkep\u2026 Karaka\u00e7an\u2026 Har\u2026 Donkey\u2026 Himar\u2026 Her yerde, her dilde onun i\u00e7in kullan\u0131lan ba\u015fka bir kelime mutlaka vard\u0131r. \u0130lahiyattan<span class=\"excerpt-hellip\"> [\u2026]<\/span><\/p>\n","protected":false},"featured_media":0,"template":"","meta":{"_monsterinsights_skip_tracking":false,"_monsterinsights_sitenote_active":false,"_monsterinsights_sitenote_note":"","_monsterinsights_sitenote_category":0},"product_brand":[],"product_cat":[12291,12711],"product_tag":[],"class_list":{"0":"post-778879","1":"product","2":"type-product","3":"status-publish","5":"product_cat-edebiyat","6":"product_cat-roman-oyku","7":"pa_cilt-ciltsiz","8":"pa_tur-kitap","9":"pa_yayinevi-kapi-yayinlari","10":"pa_yazar-seyhi","12":"first","13":"instock","14":"sale","15":"shipping-taxable","16":"purchasable","17":"product-type-simple"},"_links":{"self":[{"href":"https:\/\/roveyayinevi.com.tr\/index.php\/wp-json\/wp\/v2\/product\/778879","targetHints":{"allow":["GET"]}}],"collection":[{"href":"https:\/\/roveyayinevi.com.tr\/index.php\/wp-json\/wp\/v2\/product"}],"about":[{"href":"https:\/\/roveyayinevi.com.tr\/index.php\/wp-json\/wp\/v2\/types\/product"}],"wp:attachment":[{"href":"https:\/\/roveyayinevi.com.tr\/index.php\/wp-json\/wp\/v2\/media?parent=778879"}],"wp:term":[{"taxonomy":"product_brand","embeddable":true,"href":"https:\/\/roveyayinevi.com.tr\/index.php\/wp-json\/wp\/v2\/product_brand?post=778879"},{"taxonomy":"product_cat","embeddable":true,"href":"https:\/\/roveyayinevi.com.tr\/index.php\/wp-json\/wp\/v2\/product_cat?post=778879"},{"taxonomy":"product_tag","embeddable":true,"href":"https:\/\/roveyayinevi.com.tr\/index.php\/wp-json\/wp\/v2\/product_tag?post=778879"}],"curies":[{"name":"wp","href":"https:\/\/api.w.org\/{rel}","templated":true}]}}