{"id":778876,"date":"2025-12-30T09:36:57","date_gmt":"2025-12-30T06:36:57","guid":{"rendered":"https:\/\/roveyayinevi.com.tr\/index.php\/urun\/mantissa\/"},"modified":"2026-04-16T01:59:55","modified_gmt":"2026-04-15T22:59:55","slug":"mantissa","status":"publish","type":"product","link":"https:\/\/roveyayinevi.com.tr\/index.php\/urun\/mantissa\/","title":{"rendered":"Mantissa"},"content":{"rendered":"<p>Yazar ile esin perisi aras\u0131ndaki \u00e7apra\u015f\u0131k ama ayn\u0131 zamanda \u015fiddet ve sevecenlik dolu o kadim ili\u015fkiyi anlat\u0131yor Mantissa\u2019da Fowles. Perinin sanat\u00e7\u0131yla ili\u015fkisi yo\u011fun bir tensellikle donanm\u0131\u015f olsa da, varolan ya\u015fant\u0131 \u00e7ok daha karma\u015f\u0131k bir duygusal gelgite d\u00f6n\u00fc\u015f\u00fcyor. Frans\u0131z Te\u011fmenin Kad\u0131n\u0131, Yarat\u0131k ve B\u00fcy\u00fcc\u00fc gibi ba\u015fyap\u0131tlar\u0131 aras\u0131nda say\u0131labilecek bu roman\u0131nda Fowles alayc\u0131 ve ac\u0131mas\u0131z bak\u0131\u015f\u0131n\u0131 bir fener gibi okurun g\u00f6z\u00fcne tutarken sorular soruyor, sorduruyor. Yazar esinini al\u0131p edebi bir forma d\u00f6n\u00fc\u015ft\u00fcr\u00fcrken periye \u00f6denen bedel nedir ger\u00e7ekte?\ufffcTan\u0131t\u0131m Metni<\/p>\n","protected":false},"excerpt":{"rendered":"<p>Yazar ile esin perisi aras\u0131ndaki \u00e7apra\u015f\u0131k ama ayn\u0131 zamanda \u015fiddet ve sevecenlik dolu o kadim ili\u015fkiyi anlat\u0131yor Mantissa\u2019da Fowles. Perinin sanat\u00e7\u0131yla ili\u015fkisi yo\u011fun bir tensellikle donanm\u0131\u015f<span class=\"excerpt-hellip\"> [\u2026]<\/span><\/p>\n","protected":false},"featured_media":0,"template":"","meta":{"_monsterinsights_skip_tracking":false,"_monsterinsights_sitenote_active":false,"_monsterinsights_sitenote_note":"","_monsterinsights_sitenote_category":0},"product_brand":[],"product_cat":[12291,12866],"product_tag":[],"class_list":{"0":"post-778876","1":"product","2":"type-product","3":"status-publish","5":"product_cat-edebiyat","6":"product_cat-ingiliz-edebiyati","7":"pa_cilt-ciltsiz","8":"pa_tur-kitap","9":"pa_yayinevi-ayrinti-yayinlari","10":"pa_yazar-john-fowles","12":"first","13":"instock","14":"sale","15":"shipping-taxable","16":"purchasable","17":"product-type-simple"},"_links":{"self":[{"href":"https:\/\/roveyayinevi.com.tr\/index.php\/wp-json\/wp\/v2\/product\/778876","targetHints":{"allow":["GET"]}}],"collection":[{"href":"https:\/\/roveyayinevi.com.tr\/index.php\/wp-json\/wp\/v2\/product"}],"about":[{"href":"https:\/\/roveyayinevi.com.tr\/index.php\/wp-json\/wp\/v2\/types\/product"}],"wp:attachment":[{"href":"https:\/\/roveyayinevi.com.tr\/index.php\/wp-json\/wp\/v2\/media?parent=778876"}],"wp:term":[{"taxonomy":"product_brand","embeddable":true,"href":"https:\/\/roveyayinevi.com.tr\/index.php\/wp-json\/wp\/v2\/product_brand?post=778876"},{"taxonomy":"product_cat","embeddable":true,"href":"https:\/\/roveyayinevi.com.tr\/index.php\/wp-json\/wp\/v2\/product_cat?post=778876"},{"taxonomy":"product_tag","embeddable":true,"href":"https:\/\/roveyayinevi.com.tr\/index.php\/wp-json\/wp\/v2\/product_tag?post=778876"}],"curies":[{"name":"wp","href":"https:\/\/api.w.org\/{rel}","templated":true}]}}