{"id":778875,"date":"2025-12-30T09:36:48","date_gmt":"2025-12-30T06:36:48","guid":{"rendered":"https:\/\/roveyayinevi.com.tr\/index.php\/urun\/bir-turk-dunyaya-bedel-iki-turk-lak-lak-eder\/"},"modified":"2026-02-03T02:01:17","modified_gmt":"2026-02-02T23:01:17","slug":"bir-turk-dunyaya-bedel-iki-turk-lak-lak-eder","status":"publish","type":"product","link":"https:\/\/roveyayinevi.com.tr\/index.php\/urun\/bir-turk-dunyaya-bedel-iki-turk-lak-lak-eder\/","title":{"rendered":"Bir T\u00fcrk D\u00fcnyaya Bedel \u0130ki T\u00fcrk Lak Lak Eder"},"content":{"rendered":"<p>Yedi\u011fi yar\u0131m ekmek aras\u0131 d\u00f6nerin son lokmas\u0131yla i\u00e7ti\u011fi ayran\u0131n son f\u0131rt\u0131n\u0131 denk getiren ba\u015fka bir millet yok. \ufffcTan\u0131t\u0131m Metni<\/p>\n","protected":false},"excerpt":{"rendered":"<p>Yedi\u011fi yar\u0131m ekmek aras\u0131 d\u00f6nerin son lokmas\u0131yla i\u00e7ti\u011fi ayran\u0131n son f\u0131rt\u0131n\u0131 denk getiren ba\u015fka bir millet yok. \ufffcTan\u0131t\u0131m Metni<\/p>\n","protected":false},"featured_media":0,"template":"","meta":{"_monsterinsights_skip_tracking":false,"_monsterinsights_sitenote_active":false,"_monsterinsights_sitenote_note":"","_monsterinsights_sitenote_category":0},"product_brand":[],"product_cat":[12291,14825],"product_tag":[],"class_list":{"0":"post-778875","1":"product","2":"type-product","3":"status-publish","5":"product_cat-edebiyat","6":"product_cat-mizah","7":"pa_cilt-ciltsiz","8":"pa_tur-kitap","9":"pa_yayinevi-kashna-kitap-agaci","10":"pa_yazar-erdal-demirkiran","12":"first","13":"instock","14":"sale","15":"shipping-taxable","16":"purchasable","17":"product-type-simple"},"_links":{"self":[{"href":"https:\/\/roveyayinevi.com.tr\/index.php\/wp-json\/wp\/v2\/product\/778875","targetHints":{"allow":["GET"]}}],"collection":[{"href":"https:\/\/roveyayinevi.com.tr\/index.php\/wp-json\/wp\/v2\/product"}],"about":[{"href":"https:\/\/roveyayinevi.com.tr\/index.php\/wp-json\/wp\/v2\/types\/product"}],"wp:attachment":[{"href":"https:\/\/roveyayinevi.com.tr\/index.php\/wp-json\/wp\/v2\/media?parent=778875"}],"wp:term":[{"taxonomy":"product_brand","embeddable":true,"href":"https:\/\/roveyayinevi.com.tr\/index.php\/wp-json\/wp\/v2\/product_brand?post=778875"},{"taxonomy":"product_cat","embeddable":true,"href":"https:\/\/roveyayinevi.com.tr\/index.php\/wp-json\/wp\/v2\/product_cat?post=778875"},{"taxonomy":"product_tag","embeddable":true,"href":"https:\/\/roveyayinevi.com.tr\/index.php\/wp-json\/wp\/v2\/product_tag?post=778875"}],"curies":[{"name":"wp","href":"https:\/\/api.w.org\/{rel}","templated":true}]}}