{"id":778873,"date":"2025-12-30T09:35:57","date_gmt":"2025-12-30T06:35:57","guid":{"rendered":"https:\/\/roveyayinevi.com.tr\/index.php\/urun\/kopegiyle-dolasan-kadin-otuz-yedi-secme-oyku\/"},"modified":"2026-04-16T01:59:24","modified_gmt":"2026-04-15T22:59:24","slug":"kopegiyle-dolasan-kadin-otuz-yedi-secme-oyku","status":"publish","type":"product","link":"https:\/\/roveyayinevi.com.tr\/index.php\/urun\/kopegiyle-dolasan-kadin-otuz-yedi-secme-oyku\/","title":{"rendered":"K\u00f6pe\u011fiyle Dola\u015fan Kad\u0131n Otuz Yedi Se\u00e7me \u00d6yk\u00fc"},"content":{"rendered":"<p>K\u00f6pe\u011fiyle Dola\u015fan Kad\u0131n Otuz Yedi Se\u00e7me \u00d6yk\u00fc<\/p>\n","protected":false},"excerpt":{"rendered":"<p>K\u00f6pe\u011fiyle Dola\u015fan Kad\u0131n Otuz Yedi Se\u00e7me \u00d6yk\u00fc<\/p>\n","protected":false},"featured_media":0,"template":"","meta":{"_monsterinsights_skip_tracking":false,"_monsterinsights_sitenote_active":false,"_monsterinsights_sitenote_note":"","_monsterinsights_sitenote_category":0},"product_brand":[],"product_cat":[12364],"product_tag":[],"class_list":{"0":"post-778873","1":"product","2":"type-product","3":"status-publish","5":"product_cat-genel-konular","6":"pa_cilt-ciltli","7":"pa_tur-kitap","8":"pa_yayinevi-is-bankasi-kultur-yayinlari","9":"pa_yazar-anton-pavlovic-cehov","11":"first","12":"instock","13":"sale","14":"shipping-taxable","15":"purchasable","16":"product-type-simple"},"_links":{"self":[{"href":"https:\/\/roveyayinevi.com.tr\/index.php\/wp-json\/wp\/v2\/product\/778873","targetHints":{"allow":["GET"]}}],"collection":[{"href":"https:\/\/roveyayinevi.com.tr\/index.php\/wp-json\/wp\/v2\/product"}],"about":[{"href":"https:\/\/roveyayinevi.com.tr\/index.php\/wp-json\/wp\/v2\/types\/product"}],"wp:attachment":[{"href":"https:\/\/roveyayinevi.com.tr\/index.php\/wp-json\/wp\/v2\/media?parent=778873"}],"wp:term":[{"taxonomy":"product_brand","embeddable":true,"href":"https:\/\/roveyayinevi.com.tr\/index.php\/wp-json\/wp\/v2\/product_brand?post=778873"},{"taxonomy":"product_cat","embeddable":true,"href":"https:\/\/roveyayinevi.com.tr\/index.php\/wp-json\/wp\/v2\/product_cat?post=778873"},{"taxonomy":"product_tag","embeddable":true,"href":"https:\/\/roveyayinevi.com.tr\/index.php\/wp-json\/wp\/v2\/product_tag?post=778873"}],"curies":[{"name":"wp","href":"https:\/\/api.w.org\/{rel}","templated":true}]}}