{"id":778872,"date":"2025-12-30T09:35:53","date_gmt":"2025-12-30T06:35:53","guid":{"rendered":"https:\/\/roveyayinevi.com.tr\/index.php\/urun\/dunyanin-en-guzel-tarihi\/"},"modified":"2026-04-16T01:59:23","modified_gmt":"2026-04-15T22:59:23","slug":"dunyanin-en-guzel-tarihi","status":"publish","type":"product","link":"https:\/\/roveyayinevi.com.tr\/index.php\/urun\/dunyanin-en-guzel-tarihi\/","title":{"rendered":"D\u00fcnyan\u0131n En G\u00fczel Tarihi"},"content":{"rendered":"<p>Nereden geliyoruz? Neyiz? Nereye gidiyoruz? Ya\u015fad\u0131\u011f\u0131m\u0131z gezegeni \u00f6tekilerden ay\u0131ran \u00f6zellik ne? D\u00fcnya\u2019n\u0131n suyu nereden geliyor? \u0130lk insan\u0131n Afrika\u2019da ortaya \u00e7\u0131kt\u0131\u011f\u0131ndan kesinlikle emin miyiz? \u0130nsano\u011flu sadece maymunlardan ve bakterilerden de\u011fil y\u0131ld\u0131zlardan ve galaksilerden mi t\u00fcredi? \u0130nsan D\u00fcnya\u2019y\u0131 nas\u0131l ele ge\u00e7irdi ve daha ne kadar D\u00fcnya\u2019da ya\u015famay\u0131 s\u00fcrd\u00fcrebilecek? D\u00fcnya\u2019n\u0131n \u00f6mr\u00fc ne zaman sona erecek? 15 milyar y\u0131l \u00f6nce ger\u00e7ekle\u015fen B\u00fcy\u00fck Patlama ile ortaya \u00e7\u0131kan D\u00fcnya\u2019n\u0131n ve insan\u0131n tarihi. D\u00fcnyam\u0131za daha birka\u00e7 milyar y\u0131l \u00f6m\u00fcr bi\u00e7iliyor ama biz miras\u00e7\u0131lar onun ya\u015fam\u0131ndan sorumluyuz. D\u00fcnya\u2019n\u0131n g\u00fczel tarihinin s\u00fcrmesi i\u00e7in&#8230;<\/p>\n","protected":false},"excerpt":{"rendered":"<p>Nereden geliyoruz? Neyiz? Nereye gidiyoruz? Ya\u015fad\u0131\u011f\u0131m\u0131z gezegeni \u00f6tekilerden ay\u0131ran \u00f6zellik ne? D\u00fcnya\u2019n\u0131n suyu nereden geliyor? \u0130lk insan\u0131n Afrika\u2019da ortaya \u00e7\u0131kt\u0131\u011f\u0131ndan kesinlikle emin miyiz? \u0130nsano\u011flu sadece maymunlardan<span class=\"excerpt-hellip\"> [\u2026]<\/span><\/p>\n","protected":false},"featured_media":0,"template":"","meta":{"_monsterinsights_skip_tracking":false,"_monsterinsights_sitenote_active":false,"_monsterinsights_sitenote_note":"","_monsterinsights_sitenote_category":0},"product_brand":[],"product_cat":[12364],"product_tag":[],"class_list":{"0":"post-778872","1":"product","2":"type-product","3":"status-publish","5":"product_cat-genel-konular","6":"pa_cilt-ciltsiz","7":"pa_tur-kitap","8":"pa_yayinevi-is-bankasi-kultur-yayinlari","9":"pa_yazar-hubert-reeves","11":"first","12":"instock","13":"sale","14":"shipping-taxable","15":"purchasable","16":"product-type-simple"},"_links":{"self":[{"href":"https:\/\/roveyayinevi.com.tr\/index.php\/wp-json\/wp\/v2\/product\/778872","targetHints":{"allow":["GET"]}}],"collection":[{"href":"https:\/\/roveyayinevi.com.tr\/index.php\/wp-json\/wp\/v2\/product"}],"about":[{"href":"https:\/\/roveyayinevi.com.tr\/index.php\/wp-json\/wp\/v2\/types\/product"}],"wp:attachment":[{"href":"https:\/\/roveyayinevi.com.tr\/index.php\/wp-json\/wp\/v2\/media?parent=778872"}],"wp:term":[{"taxonomy":"product_brand","embeddable":true,"href":"https:\/\/roveyayinevi.com.tr\/index.php\/wp-json\/wp\/v2\/product_brand?post=778872"},{"taxonomy":"product_cat","embeddable":true,"href":"https:\/\/roveyayinevi.com.tr\/index.php\/wp-json\/wp\/v2\/product_cat?post=778872"},{"taxonomy":"product_tag","embeddable":true,"href":"https:\/\/roveyayinevi.com.tr\/index.php\/wp-json\/wp\/v2\/product_tag?post=778872"}],"curies":[{"name":"wp","href":"https:\/\/api.w.org\/{rel}","templated":true}]}}