{"id":778871,"date":"2025-12-30T09:35:43","date_gmt":"2025-12-30T06:35:43","guid":{"rendered":"https:\/\/roveyayinevi.com.tr\/index.php\/urun\/bicagin-ucu\/"},"modified":"2026-01-29T01:59:53","modified_gmt":"2026-01-28T22:59:53","slug":"bicagin-ucu","status":"publish","type":"product","link":"https:\/\/roveyayinevi.com.tr\/index.php\/urun\/bicagin-ucu\/","title":{"rendered":"B\u0131\u00e7a\u011f\u0131n Ucu"},"content":{"rendered":"<p>Saplant\u0131lar\u0131yla bo\u011fu\u015fan, genelge\u00e7er ahlak kurallar\u0131n\u0131n hor g\u00f6rd\u00fc\u011f\u00fc bir durumu i\u00e7inde hissederek ya\u015fayan, Bayraktar Pa\u015fazadelerin k\u0131z\u0131 Suat&#8230; Kad\u0131nlardan korkan, onlar\u0131 do\u011fru d\u00fcr\u00fcst tan\u0131mayan ve fahi\u015felerin d\u0131\u015f\u0131nda hemen hi\u00e7birisine yana\u015fmam\u0131\u015f, Manisa e\u015fraf\u0131ndan Hac\u0131beyo\u011flu\u2019nun o\u011flu Halim&#8230; Bu iki insan, hapsedilmi\u015f bir ozan\u0131n kurtar\u0131lmas\u0131 i\u00e7in d\u00fczenlenen bir toplant\u0131n\u0131n, k\u0131\u015fk\u0131rt\u0131lm\u0131\u015f halk kalabal\u0131klar\u0131nca bas\u0131l\u0131p, polis\u00e7e da\u011f\u0131t\u0131ld\u0131\u011f\u0131 karga\u015fan\u0131n i\u00e7inde birbirlerine itilirler&#8230; B\u0131\u00e7a\u011f\u0131n Ucu bir cehennemi anlat\u0131yor. Bu cehennem T\u00fcrkiye\u2019deki ayd\u0131nlar\u0131n ya\u015fam\u0131d\u0131r. Roman kahraman Halim\u2019in dedi\u011fi gibi: Gerilime al\u0131\u015ft\u0131k bir tanem, y\u0131llard\u0131r b\u0131\u00e7a\u011f\u0131n ucunu kalbimizin \u00fcst\u00fcnde duyarak ya\u015f\u0131yoruz, koymuyor. Selim \u0130leri Attila \u0130lhan bu roman\u0131yla, yoz ki\u015fileri, \u00e7arp\u0131k d\u00fc\u015f\u00fcnceleri, hasta kafalar\u0131, Pompei\u2019nin son g\u00fcnlerini hat\u0131rlatan Bizans k\u0131l\u0131kl\u0131 bir \u0130stanbul ya\u015fant\u0131s\u0131n\u0131 ba\u015far\u0131yla veriyor. Milliyet Attila \u0130lhan B\u0131\u00e7a\u011f\u0131n Ucu\u2019nda, \u015fiddetin d\u00fc\u015f\u00fcnceyi yozla\u015ft\u0131rarak devlete ve topluma getirdi\u011fi zararlar\u0131, mahvolan ki\u015fisel ya\u015fant\u0131lar\u0131&#8230; su\u00e7lar\u0131 \u00e7a\u011fda\u015f olmak, insan\u0131 sevmek, ya\u015fam\u0131 sevmek olanlara sunulan a\u011f\u0131r cezalar\u0131 anlat\u0131yor. Sadun Tanju \/ Cumhuriyet Atill\u00e2 \u0130lhan 15 Haziran 1925&#8217;te Menemen&#8217;de do\u011fdu. T\u00fcrkiye&#8217;nin en \u00fcretken yazarlar\u0131ndan olan \u0130lhan&#8217;\u0131n gen\u00e7 ya\u015flar\u0131nda ba\u015flad\u0131\u011f\u0131 d\u00fc\u015f\u00fcnme ve yazma ser\u00fcveni 10 Ekim 2005&#8217;te \u00f6l\u00fcms\u00fczl\u00fc\u011fe g\u00f6\u00e7ene kadar s\u00fcrd\u00fc. \u0130lhan&#8217;\u0131n b\u00fct\u00fcn yap\u0131tlar\u0131, T\u00fcrkiye \u0130\u015f Bankas\u0131 K\u00fclt\u00fcr Yay\u0131nlar\u0131&#8217;nca yay\u0131mlanmaktad\u0131r. \ufffcTan\u0131t\u0131m Metni<\/p>\n","protected":false},"excerpt":{"rendered":"<p>Saplant\u0131lar\u0131yla bo\u011fu\u015fan, genelge\u00e7er ahlak kurallar\u0131n\u0131n hor g\u00f6rd\u00fc\u011f\u00fc bir durumu i\u00e7inde hissederek ya\u015fayan, Bayraktar Pa\u015fazadelerin k\u0131z\u0131 Suat&#8230; Kad\u0131nlardan korkan, onlar\u0131 do\u011fru d\u00fcr\u00fcst tan\u0131mayan ve fahi\u015felerin d\u0131\u015f\u0131nda hemen<span class=\"excerpt-hellip\"> [\u2026]<\/span><\/p>\n","protected":false},"featured_media":0,"template":"","meta":{"_monsterinsights_skip_tracking":false,"_monsterinsights_sitenote_active":false,"_monsterinsights_sitenote_note":"","_monsterinsights_sitenote_category":0},"product_brand":[],"product_cat":[12291,12292],"product_tag":[],"class_list":{"0":"post-778871","1":"product","2":"type-product","3":"status-publish","5":"product_cat-edebiyat","6":"product_cat-turk-edebiyati","7":"pa_cilt-ciltsiz","8":"pa_tur-kitap","9":"pa_yayinevi-is-bankasi-kultur-yayinlari","10":"pa_yazar-attila-ilhan","12":"first","13":"instock","14":"sale","15":"shipping-taxable","16":"purchasable","17":"product-type-simple"},"_links":{"self":[{"href":"https:\/\/roveyayinevi.com.tr\/index.php\/wp-json\/wp\/v2\/product\/778871","targetHints":{"allow":["GET"]}}],"collection":[{"href":"https:\/\/roveyayinevi.com.tr\/index.php\/wp-json\/wp\/v2\/product"}],"about":[{"href":"https:\/\/roveyayinevi.com.tr\/index.php\/wp-json\/wp\/v2\/types\/product"}],"wp:attachment":[{"href":"https:\/\/roveyayinevi.com.tr\/index.php\/wp-json\/wp\/v2\/media?parent=778871"}],"wp:term":[{"taxonomy":"product_brand","embeddable":true,"href":"https:\/\/roveyayinevi.com.tr\/index.php\/wp-json\/wp\/v2\/product_brand?post=778871"},{"taxonomy":"product_cat","embeddable":true,"href":"https:\/\/roveyayinevi.com.tr\/index.php\/wp-json\/wp\/v2\/product_cat?post=778871"},{"taxonomy":"product_tag","embeddable":true,"href":"https:\/\/roveyayinevi.com.tr\/index.php\/wp-json\/wp\/v2\/product_tag?post=778871"}],"curies":[{"name":"wp","href":"https:\/\/api.w.org\/{rel}","templated":true}]}}