{"id":778869,"date":"2025-12-30T09:35:36","date_gmt":"2025-12-30T06:35:36","guid":{"rendered":"https:\/\/roveyayinevi.com.tr\/index.php\/urun\/ibni-sina-2\/"},"modified":"2026-04-16T01:59:15","modified_gmt":"2026-04-15T22:59:15","slug":"ibni-sina-2","status":"publish","type":"product","link":"https:\/\/roveyayinevi.com.tr\/index.php\/urun\/ibni-sina-2\/","title":{"rendered":"\u0130bni Sina"},"content":{"rendered":"<p>Adil Yakubov bir \u00d6zbek T\u00fcrk\u00fc ve 1926 y\u0131l\u0131nda do\u011fmu\u015f. O d\u00f6nemin Sovyetler Birli\u011fi&#8217;nde babas\u0131   milliyet\u00e7ilik   su\u00e7lamas\u0131 ile kur\u015funa dizildi\u011finde y\u0131l 1944&#8217;m\u00fc\u015f. Buna kar\u015f\u0131n ve hen\u00fcz 17 ya\u015f\u0131ndayken \u0130kinci D\u00fcnya Sava\u015f\u0131&#8217;nda g\u00f6n\u00fcll\u00fc olarak Sovyet Ordusu&#8217;na kat\u0131lm\u0131\u015f ve g\u00f6rev yapm\u0131\u015f. Ba\u015feseri   Ulu\u011f Bey&#8217;in Hazinesi   ile b\u00fcy\u00fck ve hakl\u0131 bir \u00fcne kavu\u015fmu\u015f. <\/p>\n","protected":false},"excerpt":{"rendered":"<p>Adil Yakubov bir \u00d6zbek T\u00fcrk\u00fc ve 1926 y\u0131l\u0131nda do\u011fmu\u015f. O d\u00f6nemin Sovyetler Birli\u011fi&#8217;nde babas\u0131 milliyet\u00e7ilik su\u00e7lamas\u0131 ile kur\u015funa dizildi\u011finde y\u0131l 1944&#8217;m\u00fc\u015f. Buna kar\u015f\u0131n ve hen\u00fcz 17<span class=\"excerpt-hellip\"> [\u2026]<\/span><\/p>\n","protected":false},"featured_media":0,"template":"","meta":{"_monsterinsights_skip_tracking":false,"_monsterinsights_sitenote_active":false,"_monsterinsights_sitenote_note":"","_monsterinsights_sitenote_category":0},"product_brand":[],"product_cat":[12291,12745],"product_tag":[],"class_list":{"0":"post-778869","1":"product","2":"type-product","3":"status-publish","5":"product_cat-edebiyat","6":"product_cat-tarihi-roman","7":"pa_tur-kitap","8":"pa_yayinevi-ileri-yayinlari","9":"pa_yazar-adil-yakubov","11":"first","12":"instock","13":"sale","14":"shipping-taxable","15":"purchasable","16":"product-type-simple"},"_links":{"self":[{"href":"https:\/\/roveyayinevi.com.tr\/index.php\/wp-json\/wp\/v2\/product\/778869","targetHints":{"allow":["GET"]}}],"collection":[{"href":"https:\/\/roveyayinevi.com.tr\/index.php\/wp-json\/wp\/v2\/product"}],"about":[{"href":"https:\/\/roveyayinevi.com.tr\/index.php\/wp-json\/wp\/v2\/types\/product"}],"wp:attachment":[{"href":"https:\/\/roveyayinevi.com.tr\/index.php\/wp-json\/wp\/v2\/media?parent=778869"}],"wp:term":[{"taxonomy":"product_brand","embeddable":true,"href":"https:\/\/roveyayinevi.com.tr\/index.php\/wp-json\/wp\/v2\/product_brand?post=778869"},{"taxonomy":"product_cat","embeddable":true,"href":"https:\/\/roveyayinevi.com.tr\/index.php\/wp-json\/wp\/v2\/product_cat?post=778869"},{"taxonomy":"product_tag","embeddable":true,"href":"https:\/\/roveyayinevi.com.tr\/index.php\/wp-json\/wp\/v2\/product_tag?post=778869"}],"curies":[{"name":"wp","href":"https:\/\/api.w.org\/{rel}","templated":true}]}}