{"id":778867,"date":"2025-12-30T09:34:28","date_gmt":"2025-12-30T06:34:28","guid":{"rendered":"https:\/\/roveyayinevi.com.tr\/index.php\/urun\/dondurma-yok-mu-peli\/"},"modified":"2026-04-16T01:58:47","modified_gmt":"2026-04-15T22:58:47","slug":"dondurma-yok-mu-peli","status":"publish","type":"product","link":"https:\/\/roveyayinevi.com.tr\/index.php\/urun\/dondurma-yok-mu-peli\/","title":{"rendered":"Dondurma Yok mu Peli?"},"content":{"rendered":"<p>Lili\u2019nin yedi \u00e7ocu\u011fu var. Dizinin ikinci kitab\u0131nda Peli\u2019nin maceras\u0131n\u0131 okuyoruz. Peli dondurmay\u0131 \u00e7ok sever, s\u00fcrekli dondurma yemek ister. Annesi de s\u00fcrekli onun sevebilece\u011fi tarifler yaratmaya \u00e7al\u0131\u015f\u0131r, ama Peli hi\u00e7birini be\u011fenmez. Sonunda a\u00e7 duramayaca\u011f\u0131n\u0131 anlay\u0131nca, mutfakta ke\u015ffe \u00e7\u0131kar\u2026 \u201cB\u00fcy\u00fcmeye\u201d dair \u201cb\u00fcy\u00fck\u201d sorunlari i\u015fleyen renkli ve e\u011flenceli bir \u00e7ocuk dizisi&#8230;<\/p>\n","protected":false},"excerpt":{"rendered":"<p>Lili\u2019nin yedi \u00e7ocu\u011fu var. Dizinin ikinci kitab\u0131nda Peli\u2019nin maceras\u0131n\u0131 okuyoruz. Peli dondurmay\u0131 \u00e7ok sever, s\u00fcrekli dondurma yemek ister. Annesi de s\u00fcrekli onun sevebilece\u011fi tarifler yaratmaya \u00e7al\u0131\u015f\u0131r,<span class=\"excerpt-hellip\"> [\u2026]<\/span><\/p>\n","protected":false},"featured_media":0,"template":"","meta":{"_monsterinsights_skip_tracking":false,"_monsterinsights_sitenote_active":false,"_monsterinsights_sitenote_note":"","_monsterinsights_sitenote_category":0},"product_brand":[],"product_cat":[12274,12284],"product_tag":[],"class_list":{"0":"post-778867","1":"product","2":"type-product","3":"status-publish","5":"product_cat-cocuk-ve-genclik-kitaplari","6":"product_cat-hikayeler","7":"pa_cilt-ciltsiz","8":"pa_tur-kitap","9":"pa_yayinevi-iletisim-yayinlari","10":"pa_yazar-tulin-kozikoglu","12":"first","13":"instock","14":"sale","15":"shipping-taxable","16":"purchasable","17":"product-type-simple"},"_links":{"self":[{"href":"https:\/\/roveyayinevi.com.tr\/index.php\/wp-json\/wp\/v2\/product\/778867","targetHints":{"allow":["GET"]}}],"collection":[{"href":"https:\/\/roveyayinevi.com.tr\/index.php\/wp-json\/wp\/v2\/product"}],"about":[{"href":"https:\/\/roveyayinevi.com.tr\/index.php\/wp-json\/wp\/v2\/types\/product"}],"wp:attachment":[{"href":"https:\/\/roveyayinevi.com.tr\/index.php\/wp-json\/wp\/v2\/media?parent=778867"}],"wp:term":[{"taxonomy":"product_brand","embeddable":true,"href":"https:\/\/roveyayinevi.com.tr\/index.php\/wp-json\/wp\/v2\/product_brand?post=778867"},{"taxonomy":"product_cat","embeddable":true,"href":"https:\/\/roveyayinevi.com.tr\/index.php\/wp-json\/wp\/v2\/product_cat?post=778867"},{"taxonomy":"product_tag","embeddable":true,"href":"https:\/\/roveyayinevi.com.tr\/index.php\/wp-json\/wp\/v2\/product_tag?post=778867"}],"curies":[{"name":"wp","href":"https:\/\/api.w.org\/{rel}","templated":true}]}}