{"id":778864,"date":"2025-12-30T09:34:20","date_gmt":"2025-12-30T06:34:20","guid":{"rendered":"https:\/\/roveyayinevi.com.tr\/index.php\/urun\/populer-bilim-kitaplari-dizisi-01-isik-ses-ve-elektrik\/"},"modified":"2025-12-30T09:34:20","modified_gmt":"2025-12-30T06:34:20","slug":"populer-bilim-kitaplari-dizisi-01-isik-ses-ve-elektrik","status":"publish","type":"product","link":"https:\/\/roveyayinevi.com.tr\/index.php\/urun\/populer-bilim-kitaplari-dizisi-01-isik-ses-ve-elektrik\/","title":{"rendered":"Pop\u00fcler Bilim Kitaplar\u0131 Dizisi 01 &#8211; I\u015f\u0131k, Ses ve Elektrik"},"content":{"rendered":"<p>I\u015f\u0131k neden olu\u015fur? Ses dalgalar\u0131 nas\u0131l hareket eder? Elektrik enerjisi nas\u0131l g\u00fcce d\u00f6n\u00fc\u015f\u00fcr? CD \u00e7alarlar, cep telefonlar\u0131, radarlar, televizyonlar nas\u0131l \u00e7al\u0131\u015f\u0131r? Bunlar ve benzeri bir\u00e7ok sorunun cevab\u0131n\u0131 bu fizik ve teknolojiye giri\u015f kitab\u0131nda bulabilirsiniz.\u2022 Bilimsel terimlerin a\u00e7\u0131klamalar\u0131\u2022 Ayr\u0131nt\u0131l\u0131 \u00e7izimler, yak\u0131n plan foto\u011fraflar\u2022 Deneyler ve g\u00f6zlemler\u2022 \u00d6dev ve projeleriniz i\u00e7in resimler ve \u015femalar\u2022 Al\u0131\u015ft\u0131rmalar, kendinizi s\u0131nayabilece\u011fiz sorular \u0130nternet Ba\u011flant\u0131lar\u0131Bu kitaptan bilgisayar\u0131n\u0131z ve internet ba\u011flant\u0131n\u0131z olmaks\u0131z\u0131n da temel bilgi ve ba\u015fvuru kayna\u011f\u0131 olarak yararlanabilirsiniz. E\u011fer bilgisayar\u0131n\u0131z varsa ve internete ba\u011flanabiliyorsan\u0131z; www.usborne-quicklinks.com sitesi \u00fczerinden, bu kitapta anlat\u0131lanlarla ilgili ek bilgi ve g\u00f6r\u00fcnt\u00fcler i\u00e7eren g\u00fcncel web sayfalar\u0131na ula\u015fabilirsiniz. <\/p>\n","protected":false},"excerpt":{"rendered":"<p>I\u015f\u0131k neden olu\u015fur? Ses dalgalar\u0131 nas\u0131l hareket eder? Elektrik enerjisi nas\u0131l g\u00fcce d\u00f6n\u00fc\u015f\u00fcr? CD \u00e7alarlar, cep telefonlar\u0131, radarlar, televizyonlar nas\u0131l \u00e7al\u0131\u015f\u0131r? Bunlar ve benzeri bir\u00e7ok sorunun<span class=\"excerpt-hellip\"> [\u2026]<\/span><\/p>\n","protected":false},"featured_media":0,"template":"","meta":{"_monsterinsights_skip_tracking":false,"_monsterinsights_sitenote_active":false,"_monsterinsights_sitenote_note":"","_monsterinsights_sitenote_category":0},"product_brand":[],"product_cat":[13829,12274],"product_tag":[],"class_list":{"0":"post-778864","1":"product","2":"type-product","3":"status-publish","5":"product_cat-bilimsel-kitaplar","6":"product_cat-cocuk-ve-genclik-kitaplari","7":"pa_cilt-ciltsiz","8":"pa_tur-kitap","9":"pa_yayinevi-iletisim-yayinlari","10":"pa_yazar-kirsteen-rogers-phillip-clarke-alastair-smith-corinne-henderson","12":"first","13":"instock","14":"sale","15":"shipping-taxable","16":"purchasable","17":"product-type-simple"},"_links":{"self":[{"href":"https:\/\/roveyayinevi.com.tr\/index.php\/wp-json\/wp\/v2\/product\/778864","targetHints":{"allow":["GET"]}}],"collection":[{"href":"https:\/\/roveyayinevi.com.tr\/index.php\/wp-json\/wp\/v2\/product"}],"about":[{"href":"https:\/\/roveyayinevi.com.tr\/index.php\/wp-json\/wp\/v2\/types\/product"}],"wp:attachment":[{"href":"https:\/\/roveyayinevi.com.tr\/index.php\/wp-json\/wp\/v2\/media?parent=778864"}],"wp:term":[{"taxonomy":"product_brand","embeddable":true,"href":"https:\/\/roveyayinevi.com.tr\/index.php\/wp-json\/wp\/v2\/product_brand?post=778864"},{"taxonomy":"product_cat","embeddable":true,"href":"https:\/\/roveyayinevi.com.tr\/index.php\/wp-json\/wp\/v2\/product_cat?post=778864"},{"taxonomy":"product_tag","embeddable":true,"href":"https:\/\/roveyayinevi.com.tr\/index.php\/wp-json\/wp\/v2\/product_tag?post=778864"}],"curies":[{"name":"wp","href":"https:\/\/api.w.org\/{rel}","templated":true}]}}