{"id":778862,"date":"2025-12-30T09:34:09","date_gmt":"2025-12-30T06:34:09","guid":{"rendered":"https:\/\/roveyayinevi.com.tr\/index.php\/urun\/murtaza\/"},"modified":"2026-04-16T01:58:40","modified_gmt":"2026-04-15T22:58:40","slug":"murtaza","status":"publish","type":"product","link":"https:\/\/roveyayinevi.com.tr\/index.php\/urun\/murtaza\/","title":{"rendered":"Murtaza"},"content":{"rendered":"<p>\u0130nsan\u0131 en derininden kavrayarak anlatan kalemlerin ba\u015f\u0131nda gelen Orhan Kemal, \u00f6l\u00fcms\u00fcz karakteri Murtaza ile T\u00fcrk edebiyat\u0131na asla silinemeyecek bi\u00e7imde damgas\u0131n\u0131 vurmu\u015ftur. Yaz\u0131ld\u0131\u011f\u0131 g\u00fcnden beri defalarca filmlere, oyunlara konu olan bu karakter, insan\u0131n en \u00e7apra\u015f\u0131k durumlar\u0131ndan birini kara mizahla y\u00fckl\u00fc bir dille anlat\u0131r. Otorite ile do\u011fru kavram\u0131 aras\u0131nda s\u0131k\u0131\u015f\u0131p kalan, do\u011fruculu\u011fundan \u00f6d\u00fcn vermemek i\u00e7in \u00e7abalad\u0131k\u00e7a daha \u00e7\u00f6z\u00fcms\u00fcz durumlara d\u00fc\u015fen, bu arada gittik\u00e7e insan\u0131 anlamaktan uzakla\u015f\u0131p salt ilkelerini savunan bireyin ba\u015f\u0131na gelenlerin ac\u0131kl\u0131 bir g\u00fcld\u00fcr\u00fcs\u00fcd\u00fcr Murtaza&#8217;n\u0131n \u00f6yk\u00fcs\u00fc. T\u00fcrk edebiyat\u0131n\u0131n en \u00f6nemli klasiklerinden biri olan Murtaza, her okurun mutlaka okumas\u0131 gereken bir kitap.Orhan Kemal\u2019in kitaplar\u0131 bir okurun hayatta rastlayabilece\u011fi o \u00e7ok nadir hazineler aras\u0131nda yer al\u0131r. \u00c7ok az yazar okurun d\u00fcnyas\u0131nda onun kadar iz b\u0131rak\u0131r, okurunu onun kadar bi\u00e7imlendirir. Orhan Kemal umudu ve ayd\u0131nl\u0131\u011f\u0131 yeniden kazanman\u0131z i\u00e7in yol g\u00f6sterir bize. Edebiyat\u0131m\u0131z\u0131n  en de\u011ferli ustalar\u0131ndan biri olan Orhan Kemal\u2019in kitaplar\u0131n\u0131 yay\u0131mlamaktan onur duyuyoruz. <\/p>\n","protected":false},"excerpt":{"rendered":"<p>\u0130nsan\u0131 en derininden kavrayarak anlatan kalemlerin ba\u015f\u0131nda gelen Orhan Kemal, \u00f6l\u00fcms\u00fcz karakteri Murtaza ile T\u00fcrk edebiyat\u0131na asla silinemeyecek bi\u00e7imde damgas\u0131n\u0131 vurmu\u015ftur. Yaz\u0131ld\u0131\u011f\u0131 g\u00fcnden beri defalarca filmlere,<span class=\"excerpt-hellip\"> [\u2026]<\/span><\/p>\n","protected":false},"featured_media":0,"template":"","meta":{"_monsterinsights_skip_tracking":false,"_monsterinsights_sitenote_active":false,"_monsterinsights_sitenote_note":"","_monsterinsights_sitenote_category":0},"product_brand":[],"product_cat":[12291,12711],"product_tag":[],"class_list":{"0":"post-778862","1":"product","2":"type-product","3":"status-publish","5":"product_cat-edebiyat","6":"product_cat-roman-oyku","7":"pa_cilt-ciltsiz","8":"pa_tur-kitap","9":"pa_yayinevi-everest-yayinlari","10":"pa_yazar-orhan-kemal","12":"first","13":"instock","14":"sale","15":"shipping-taxable","16":"purchasable","17":"product-type-simple"},"_links":{"self":[{"href":"https:\/\/roveyayinevi.com.tr\/index.php\/wp-json\/wp\/v2\/product\/778862","targetHints":{"allow":["GET"]}}],"collection":[{"href":"https:\/\/roveyayinevi.com.tr\/index.php\/wp-json\/wp\/v2\/product"}],"about":[{"href":"https:\/\/roveyayinevi.com.tr\/index.php\/wp-json\/wp\/v2\/types\/product"}],"wp:attachment":[{"href":"https:\/\/roveyayinevi.com.tr\/index.php\/wp-json\/wp\/v2\/media?parent=778862"}],"wp:term":[{"taxonomy":"product_brand","embeddable":true,"href":"https:\/\/roveyayinevi.com.tr\/index.php\/wp-json\/wp\/v2\/product_brand?post=778862"},{"taxonomy":"product_cat","embeddable":true,"href":"https:\/\/roveyayinevi.com.tr\/index.php\/wp-json\/wp\/v2\/product_cat?post=778862"},{"taxonomy":"product_tag","embeddable":true,"href":"https:\/\/roveyayinevi.com.tr\/index.php\/wp-json\/wp\/v2\/product_tag?post=778862"}],"curies":[{"name":"wp","href":"https:\/\/api.w.org\/{rel}","templated":true}]}}