{"id":778860,"date":"2025-12-30T09:33:58","date_gmt":"2025-12-30T06:33:58","guid":{"rendered":"https:\/\/roveyayinevi.com.tr\/index.php\/urun\/bir-kasabadan-resimler\/"},"modified":"2026-04-16T01:58:35","modified_gmt":"2026-04-15T22:58:35","slug":"bir-kasabadan-resimler","status":"publish","type":"product","link":"https:\/\/roveyayinevi.com.tr\/index.php\/urun\/bir-kasabadan-resimler\/","title":{"rendered":"Bir Kasabadan Resimler"},"content":{"rendered":"<p>Adnan Binyazar,  Ceyhun Atuf Kansu ozan oldu\u011funca denemeci, denemeci oldu\u011funca ozand\u0131r. \u015eiirde ve d\u00fczyaz\u0131da ortak \u00fcslup yaratm\u0131\u015f tek yazard\u0131r&#8230;Halk\u00e7\u0131l\u0131k, Ceyhun Atuf\u2019un \u015fiirinde \u00e7ok \u00f6nemli kavramd\u0131r&#8230;Halk demek, hem d\u00fc\u015f\u00fcncesinin ba\u015flang\u0131c\u0131d\u0131r, hem \u015fiirinin ba\u015flang\u0131c\u0131d\u0131r&#8230;\u015eiiri halk kaynaklar\u0131ndan beslenecek, halk\u0131n\u0131n \u00f6n\u00fcnde bir \u015fiir \u015fava\u015f\u00e7\u0131s\u0131 olacakt\u0131r  diyor Ceyhun Atuf Kansu i\u00e7in&#8230; <\/p>\n","protected":false},"excerpt":{"rendered":"<p>Adnan Binyazar, Ceyhun Atuf Kansu ozan oldu\u011funca denemeci, denemeci oldu\u011funca ozand\u0131r. \u015eiirde ve d\u00fczyaz\u0131da ortak \u00fcslup yaratm\u0131\u015f tek yazard\u0131r&#8230;Halk\u00e7\u0131l\u0131k, Ceyhun Atuf\u2019un \u015fiirinde \u00e7ok \u00f6nemli kavramd\u0131r&#8230;Halk demek,<span class=\"excerpt-hellip\"> [\u2026]<\/span><\/p>\n","protected":false},"featured_media":0,"template":"","meta":{"_monsterinsights_skip_tracking":false,"_monsterinsights_sitenote_active":false,"_monsterinsights_sitenote_note":"","_monsterinsights_sitenote_category":0},"product_brand":[],"product_cat":[12291,12292],"product_tag":[],"class_list":{"0":"post-778860","1":"product","2":"type-product","3":"status-publish","5":"product_cat-edebiyat","6":"product_cat-turk-edebiyati","7":"pa_tur-kitap","8":"pa_yayinevi-bilgi-yayinevi","9":"pa_yazar-ceyhun-atuf-kansu","11":"first","12":"instock","13":"sale","14":"shipping-taxable","15":"purchasable","16":"product-type-simple"},"_links":{"self":[{"href":"https:\/\/roveyayinevi.com.tr\/index.php\/wp-json\/wp\/v2\/product\/778860","targetHints":{"allow":["GET"]}}],"collection":[{"href":"https:\/\/roveyayinevi.com.tr\/index.php\/wp-json\/wp\/v2\/product"}],"about":[{"href":"https:\/\/roveyayinevi.com.tr\/index.php\/wp-json\/wp\/v2\/types\/product"}],"wp:attachment":[{"href":"https:\/\/roveyayinevi.com.tr\/index.php\/wp-json\/wp\/v2\/media?parent=778860"}],"wp:term":[{"taxonomy":"product_brand","embeddable":true,"href":"https:\/\/roveyayinevi.com.tr\/index.php\/wp-json\/wp\/v2\/product_brand?post=778860"},{"taxonomy":"product_cat","embeddable":true,"href":"https:\/\/roveyayinevi.com.tr\/index.php\/wp-json\/wp\/v2\/product_cat?post=778860"},{"taxonomy":"product_tag","embeddable":true,"href":"https:\/\/roveyayinevi.com.tr\/index.php\/wp-json\/wp\/v2\/product_tag?post=778860"}],"curies":[{"name":"wp","href":"https:\/\/api.w.org\/{rel}","templated":true}]}}