{"id":778859,"date":"2025-12-30T09:33:57","date_gmt":"2025-12-30T06:33:57","guid":{"rendered":"https:\/\/roveyayinevi.com.tr\/index.php\/urun\/cagdas-sosyoloji-kuramlari\/"},"modified":"2026-04-16T01:58:35","modified_gmt":"2026-04-15T22:58:35","slug":"cagdas-sosyoloji-kuramlari","status":"publish","type":"product","link":"https:\/\/roveyayinevi.com.tr\/index.php\/urun\/cagdas-sosyoloji-kuramlari\/","title":{"rendered":"\u00c7a\u011fda\u015f Sosyoloji Kuramlar\u0131"},"content":{"rendered":"<p>\u0130nsanlar genel olarak kuram okumaya pek hevesli de\u011fillerdir. Onu okullar, fabrikalar ve banliy\u00f6ler ile se\u00e7imler, d\u00fc\u011f\u00fcnler, grevler, oyunlar ve futbol ma\u00e7lar\u0131ndan m\u00fcte\u015fekkil \u2018ger\u00e7ek d\u00fcnya\u2019n\u0131n \u00fcst\u00fcnde serbest\u00e7e y\u00fczen bir bilmeceler \u00f6be\u011fi gibi, yaln\u0131z birbirleri ile ili\u015fkili soyut anlat\u0131mlar gibi g\u00f6r\u00fcrler. Bu bir yan\u0131lg\u0131d\u0131r. \u00dcnl\u00fc iktisat\u00e7\u0131 Keynes\u2019in isabetle s\u00f6yledi\u011fi gibi; fikirler, do\u011fru da olsa, yanl\u0131\u015f da olsa, genel olarak zannedildi\u011finden daha kuvvetlidir. Hatt\u00e2 ger\u00e7ekte, d\u00fcnya daha ziyade bunlar taraf\u0131ndan idare edilmektedir. \u0130nsanlar bir\u00e7ok eylemlerinin arkas\u0131nda kuramlar\u0131n yatt\u0131\u011f\u0131n\u0131 fark etmezler, ama b\u00f6yledir. Neticede kimse entelekt\u00fcel etkilerden muaf olamaz. Bu zaviyeden bak\u0131ld\u0131\u011f\u0131nda sosyoloji kuramlar\u0131 da \u00e7al\u0131\u015fma ve aile, g\u00fc\u00e7, \u00f6zg\u00fcrl\u00fck ve otorite d\u00fcnyas\u0131 ile ilgili olmayan bi\u00e7imsel, bo\u015f kutular i\u00e7eren hay\u00e2l\u00ee bir d\u00fcnyadan olu\u015fmaz. Aksine, bizim bu d\u00fcnyay\u0131 nas\u0131l g\u00f6rd\u00fc\u011f\u00fcm\u00fcz, nas\u0131l anlad\u0131\u011f\u0131m\u0131z ve a\u00e7\u0131klad\u0131\u011f\u0131m\u0131z, ayn\u0131 zamanda i\u00e7inde nas\u0131l hareket etti\u011fimiz ve b\u00f6ylece, onun ne \u015fekil ald\u0131\u011f\u0131 ile yak\u0131ndan ilgilidir. Sosyologlar \u2018sosyoloji yaparken\u2019, konular\u0131na so\u011fuk ve zihinleri bo\u015f olarak yakla\u015fmazlar. Konular\u0131 ister insanlar\u0131n \u00f6l\u00fcmle ilgili davran\u0131\u015flar\u0131, ister g\u00fcn\u00fcm\u00fcz toplumunun b\u00fct\u00fcn geli\u015fimi ve muhtemel gelece\u011fi olsun, incelemekte olduklar\u0131 olaylara nesnel bir a\u00e7\u0131dan bakarlar. Somut verilerle \u00e7al\u0131\u015f\u0131r ve elde ettikleri sonu\u00e7lar\u0131 sistemli bir \u015fekilde ortaya koyarlar. Bu kitap sosyoloji kuram\u0131n\u0131 bug\u00fcn uygulanmakta oldu\u011fu \u015fekliyle tart\u0131\u015fmakta ve \u00e7\u00f6z\u00fcmlemektedir; \u00e7al\u0131\u015fmalar\u0131 toplumsal kuram\u0131 en \u00e7ok etkileyen yazar ve sosyologlar\u0131n halen ge\u00e7erli olan yakla\u015f\u0131mlar\u0131 ve \u00e7\u00f6z\u00fcmlemeleri \u00fczerine odaklanmaktad\u0131r. Metinde Marx, Parsons, Habermas, Giddens, Foucault, Goffman, Smith, Dahrendorf, Coleman gibi \u00f6nemli isimler etraf\u0131ndaki tart\u0131\u015fmalardan hareketle modern sosyoloji kuram\u0131n\u0131n en temel bak\u0131\u015f a\u00e7\u0131lar\u0131n\u0131 bulabileceksiniz. <\/p>\n","protected":false},"excerpt":{"rendered":"<p>\u0130nsanlar genel olarak kuram okumaya pek hevesli de\u011fillerdir. Onu okullar, fabrikalar ve banliy\u00f6ler ile se\u00e7imler, d\u00fc\u011f\u00fcnler, grevler, oyunlar ve futbol ma\u00e7lar\u0131ndan m\u00fcte\u015fekkil \u2018ger\u00e7ek d\u00fcnya\u2019n\u0131n \u00fcst\u00fcnde serbest\u00e7e<span class=\"excerpt-hellip\"> [\u2026]<\/span><\/p>\n","protected":false},"featured_media":0,"template":"","meta":{"_monsterinsights_skip_tracking":false,"_monsterinsights_sitenote_active":false,"_monsterinsights_sitenote_note":"","_monsterinsights_sitenote_category":0},"product_brand":[],"product_cat":[12325,12324],"product_tag":[],"class_list":{"0":"post-778859","1":"product","2":"type-product","3":"status-publish","5":"product_cat-diger-sosyoloji","6":"product_cat-sosyoloji","7":"pa_cilt-ciltsiz","8":"pa_tur-kitap","9":"pa_yayinevi-dogu-bati-yayinlari","10":"pa_yazar-ruth-a-wallace-alison-wolf","12":"first","13":"instock","14":"sale","15":"shipping-taxable","16":"purchasable","17":"product-type-simple"},"_links":{"self":[{"href":"https:\/\/roveyayinevi.com.tr\/index.php\/wp-json\/wp\/v2\/product\/778859","targetHints":{"allow":["GET"]}}],"collection":[{"href":"https:\/\/roveyayinevi.com.tr\/index.php\/wp-json\/wp\/v2\/product"}],"about":[{"href":"https:\/\/roveyayinevi.com.tr\/index.php\/wp-json\/wp\/v2\/types\/product"}],"wp:attachment":[{"href":"https:\/\/roveyayinevi.com.tr\/index.php\/wp-json\/wp\/v2\/media?parent=778859"}],"wp:term":[{"taxonomy":"product_brand","embeddable":true,"href":"https:\/\/roveyayinevi.com.tr\/index.php\/wp-json\/wp\/v2\/product_brand?post=778859"},{"taxonomy":"product_cat","embeddable":true,"href":"https:\/\/roveyayinevi.com.tr\/index.php\/wp-json\/wp\/v2\/product_cat?post=778859"},{"taxonomy":"product_tag","embeddable":true,"href":"https:\/\/roveyayinevi.com.tr\/index.php\/wp-json\/wp\/v2\/product_tag?post=778859"}],"curies":[{"name":"wp","href":"https:\/\/api.w.org\/{rel}","templated":true}]}}