{"id":778847,"date":"2025-11-22T04:44:24","date_gmt":"2025-11-22T01:44:24","guid":{"rendered":"https:\/\/roveyayinevi.com.tr\/index.php\/urun\/fatih-ve-fetih-fatih-sultan-mehmet\/"},"modified":"2025-11-22T04:44:24","modified_gmt":"2025-11-22T01:44:24","slug":"fatih-ve-fetih-fatih-sultan-mehmet","status":"publish","type":"product","link":"https:\/\/roveyayinevi.com.tr\/index.php\/urun\/fatih-ve-fetih-fatih-sultan-mehmet\/","title":{"rendered":"Fatih ve Fetih &#8211; Fatih Sultan Mehmet"},"content":{"rendered":"<p>Mithat Cemal\u2019in 1953 y\u0131l\u0131nda, \u0130stanbul\u2019un fethinin 500. y\u0131ld\u00f6n\u00fcm\u00fc kutlamalar\u0131 vesilesiyle Son Posta gazetesinde tefrika edilen eseri olup sa\u011fl\u0131\u011f\u0131nda kitapla\u015ft\u0131r\u0131lmam\u0131\u015ft\u0131r. Kar\u015f\u0131la\u015ft\u0131rmal\u0131 tarih\u00e7ili\u011fin en g\u00fczel \u00f6rneklerinden biri olan elinizdeki bu eserde Mithat Cemal, \u0130stanbul\u2019un fethinin bilinen ve bilinmeyen y\u00f6nlerini mercek alt\u0131na al\u0131yor. Eserde, \u0130stanbul\u2019un fethine dair yerli kaynaklardan Tursun Bey, Evliya \u00c7elebi ve T\u00e2c\u00fcttev\u00e2rih yazar\u0131 Hoca Sadeddin, Nam\u0131k Kemal, yabanc\u0131 kaynaklardan ise ba\u015fta Hammer olmak \u00fczere Rus tarih\u00e7i Vasiliyev, \u0130ngiliz tarih\u00e7i Gibbon, Frans\u0131z yazar Gustave Schlumberger ve Bizans tarih\u00e7ilerinden Ducas gibi yazarlar\u0131 ve eserlerini kritik eden Mithat Cemal, onlar\u0131n yapt\u0131klar\u0131hatalar\u0131 da g\u00f6zler \u00f6n\u00fcne seriyor.Alfa Yay\u0131nlar\u0131 Mithat Cemal Kuntay\u2019\u0131n kaleminden Fatih Sultan Mehmet\u2019i ve \u0130stanbul\u2019un fethini yay\u0131mlad\u0131\u011f\u0131 i\u00e7in gurur duyuyor. <\/p>\n","protected":false},"excerpt":{"rendered":"<p>Mithat Cemal\u2019in 1953 y\u0131l\u0131nda, \u0130stanbul\u2019un fethinin 500. y\u0131ld\u00f6n\u00fcm\u00fc kutlamalar\u0131 vesilesiyle Son Posta gazetesinde tefrika edilen eseri olup sa\u011fl\u0131\u011f\u0131nda kitapla\u015ft\u0131r\u0131lmam\u0131\u015ft\u0131r. Kar\u015f\u0131la\u015ft\u0131rmal\u0131 tarih\u00e7ili\u011fin en g\u00fczel \u00f6rneklerinden biri olan<span class=\"excerpt-hellip\"> [\u2026]<\/span><\/p>\n","protected":false},"featured_media":0,"template":"","meta":{"_monsterinsights_skip_tracking":false,"_monsterinsights_sitenote_active":false,"_monsterinsights_sitenote_note":"","_monsterinsights_sitenote_category":0},"product_brand":[],"product_cat":[12291,12745],"product_tag":[],"class_list":{"0":"post-778847","1":"product","2":"type-product","3":"status-publish","5":"product_cat-edebiyat","6":"product_cat-tarihi-roman","7":"pa_cilt-ciltsiz","8":"pa_tur-kitap","9":"pa_yayinevi-alfa-yayinlari","10":"pa_yazar-mithat-cemal-kuntay","12":"first","13":"instock","14":"sale","15":"shipping-taxable","16":"purchasable","17":"product-type-simple"},"_links":{"self":[{"href":"https:\/\/roveyayinevi.com.tr\/index.php\/wp-json\/wp\/v2\/product\/778847","targetHints":{"allow":["GET"]}}],"collection":[{"href":"https:\/\/roveyayinevi.com.tr\/index.php\/wp-json\/wp\/v2\/product"}],"about":[{"href":"https:\/\/roveyayinevi.com.tr\/index.php\/wp-json\/wp\/v2\/types\/product"}],"wp:attachment":[{"href":"https:\/\/roveyayinevi.com.tr\/index.php\/wp-json\/wp\/v2\/media?parent=778847"}],"wp:term":[{"taxonomy":"product_brand","embeddable":true,"href":"https:\/\/roveyayinevi.com.tr\/index.php\/wp-json\/wp\/v2\/product_brand?post=778847"},{"taxonomy":"product_cat","embeddable":true,"href":"https:\/\/roveyayinevi.com.tr\/index.php\/wp-json\/wp\/v2\/product_cat?post=778847"},{"taxonomy":"product_tag","embeddable":true,"href":"https:\/\/roveyayinevi.com.tr\/index.php\/wp-json\/wp\/v2\/product_tag?post=778847"}],"curies":[{"name":"wp","href":"https:\/\/api.w.org\/{rel}","templated":true}]}}