{"id":778843,"date":"2025-11-22T02:49:13","date_gmt":"2025-11-21T23:49:13","guid":{"rendered":"https:\/\/roveyayinevi.com.tr\/index.php\/urun\/tas-devri-ekonomisi\/"},"modified":"2026-04-16T02:06:45","modified_gmt":"2026-04-15T23:06:45","slug":"tas-devri-ekonomisi","status":"publish","type":"product","link":"https:\/\/roveyayinevi.com.tr\/index.php\/urun\/tas-devri-ekonomisi\/","title":{"rendered":"Ta\u015f Devri Ekonomisi"},"content":{"rendered":"<p>Marshall Sahlins\u2019in \u201cTa\u015f Devri Ekonomisi\u201d, antropolojide \u00e7\u0131\u011f\u0131r a\u00e7an eserlerden birisidir. Eser ilk bask\u0131s\u0131ndan 38 y\u0131l sonra ilk kez T\u00fcrk\u00e7e yay\u0131mlan\u0131yor. \u201cTa\u015f Devri Ekonomisi\u201dnin iki temel teziyle \u00f6zg\u00fcrl\u00fck\u00e7\u00fc antropolojinin kurucu eserlerinden biri oldu\u011fu s\u00f6ylenebilir. Birincisi, ilkel toplumlar\u0131n, burjuva iktisat teorisinin mant\u0131\u011f\u0131yla ele al\u0131namayaca\u011f\u0131d\u0131r. \u0130lkel toplumlar, s\u0131n\u0131rs\u0131z ihtiya\u00e7lara ve azami \u00f6l\u00e7\u00fcde tatmin edilmeyi bekleyen \u00e7\u0131karlara sahip bireylerden olu\u015fmazlar. \u201cTa\u015f Devri\u201d insanlar\u0131, s\u0131n\u0131rl\u0131 tuttuklar\u0131 ihtiya\u00e7lar\u0131n\u0131 do\u011fan\u0131n imk\u00e2nlar\u0131yla kar\u015f\u0131lamay\u0131 \u00f6\u011frenmi\u015flerdir. M\u00fctevaz\u0131 ya\u015fam standartlar\u0131na kar\u015f\u0131n, modern insana g\u00f6re daha az \u00e7al\u0131\u015f\u0131p \u201cbolluk\u201d i\u00e7inde ya\u015fam\u0131\u015flard\u0131r. O halde uygarl\u0131\u011f\u0131n insanlara daha y\u00fcksek bir refah sa\u011flad\u0131\u011f\u0131 g\u00f6r\u00fc\u015f\u00fc bir hayli tart\u0131\u015fmal\u0131d\u0131r. Sahlins\u2019e g\u00f6re, Avrupa-merkezli bak\u0131\u015f a\u00e7\u0131s\u0131 ve tan\u0131mlarla ilkel toplumlar\u0131n dinamiklerini ke\u015ffetmek m\u00fcmk\u00fcn de\u011fildir. <\/p>\n","protected":false},"excerpt":{"rendered":"<p>Marshall Sahlins\u2019in \u201cTa\u015f Devri Ekonomisi\u201d, antropolojide \u00e7\u0131\u011f\u0131r a\u00e7an eserlerden birisidir. Eser ilk bask\u0131s\u0131ndan 38 y\u0131l sonra ilk kez T\u00fcrk\u00e7e yay\u0131mlan\u0131yor. \u201cTa\u015f Devri Ekonomisi\u201dnin iki temel teziyle<span class=\"excerpt-hellip\"> [\u2026]<\/span><\/p>\n","protected":false},"featured_media":0,"template":"","meta":{"_monsterinsights_skip_tracking":false,"_monsterinsights_sitenote_active":false,"_monsterinsights_sitenote_note":"","_monsterinsights_sitenote_category":0},"product_brand":[],"product_cat":[15499,13488],"product_tag":[],"class_list":{"0":"post-778843","1":"product","2":"type-product","3":"status-publish","5":"product_cat-antropoloji","6":"product_cat-toplum-ve-insan","7":"pa_cilt-ciltsiz","8":"pa_tur-kitap","9":"pa_yayinevi-bgst-yayinlari","10":"pa_yazar-marshall-sahlins","12":"first","13":"instock","14":"sale","15":"shipping-taxable","16":"purchasable","17":"product-type-simple"},"_links":{"self":[{"href":"https:\/\/roveyayinevi.com.tr\/index.php\/wp-json\/wp\/v2\/product\/778843","targetHints":{"allow":["GET"]}}],"collection":[{"href":"https:\/\/roveyayinevi.com.tr\/index.php\/wp-json\/wp\/v2\/product"}],"about":[{"href":"https:\/\/roveyayinevi.com.tr\/index.php\/wp-json\/wp\/v2\/types\/product"}],"wp:attachment":[{"href":"https:\/\/roveyayinevi.com.tr\/index.php\/wp-json\/wp\/v2\/media?parent=778843"}],"wp:term":[{"taxonomy":"product_brand","embeddable":true,"href":"https:\/\/roveyayinevi.com.tr\/index.php\/wp-json\/wp\/v2\/product_brand?post=778843"},{"taxonomy":"product_cat","embeddable":true,"href":"https:\/\/roveyayinevi.com.tr\/index.php\/wp-json\/wp\/v2\/product_cat?post=778843"},{"taxonomy":"product_tag","embeddable":true,"href":"https:\/\/roveyayinevi.com.tr\/index.php\/wp-json\/wp\/v2\/product_tag?post=778843"}],"curies":[{"name":"wp","href":"https:\/\/api.w.org\/{rel}","templated":true}]}}