{"id":778842,"date":"2025-11-22T02:48:02","date_gmt":"2025-11-21T23:48:02","guid":{"rendered":"https:\/\/roveyayinevi.com.tr\/index.php\/urun\/armidan-firatin-ote-yani\/"},"modified":"2026-04-16T02:06:24","modified_gmt":"2026-04-15T23:06:24","slug":"armidan-firatin-ote-yani","status":"publish","type":"product","link":"https:\/\/roveyayinevi.com.tr\/index.php\/urun\/armidan-firatin-ote-yani\/","title":{"rendered":"Arm\u0131dan F\u0131rat&#8217;\u0131n \u00d6te Yan\u0131"},"content":{"rendered":"<p>Arm\u0131dan: F\u0131rat\u2019\u0131n \u00d6te Yan\u0131 ilk olarak 1996 y\u0131l\u0131nda, son olarak \u00fc\u00e7\u00fcnc\u00fc bask\u0131s\u0131yla 2003 y\u0131l\u0131nda Aras Yay\u0131nc\u0131l\u0131k taraf\u0131ndan yay\u0131mland\u0131. Hagop M\u0131ntzuri\u2019nin do\u011fdu\u011fu topraklara, Erzincan\u2019\u0131n da\u011flar\u0131na, k\u00f6ylerine, F\u0131rat\u2019\u0131n iki yakas\u0131ndaki insanlara uzanan \u00f6yk\u00fcleri, yitirilmi\u015f bir d\u00fcnyan\u0131n sesini, kokusunu ve rengini, unutulmaz bir sadelikle diriltir. 1886\u2019da Erzincan\u2019\u0131n Arm\u0131dan k\u00f6y\u00fcnde do\u011fan Hagop M\u0131ntzuri, hayat\u0131 boyunca k\u00f6y\u00fcn\u00fcn insanlar\u0131n\u0131, dillerini, geleneklerini ve k\u00fclt\u00fcr\u00fcn\u00fc anlatmaktan vazge\u00e7medi. Onun hik\u00e2yelerinde yaln\u0131zca Ermeni k\u00f6yl\u00fcs\u00fc de\u011fil; T\u00fcrk, K\u00fcrt, K\u0131z\u0131lba\u015f kom\u015fular da vard\u0131r. Bu co\u011frafyada bir zamanlar yan yana t\u00fcrk\u00fc s\u00f6yleyen insanlar\u0131n \u00f6yk\u00fcleri, M\u0131ntzuri\u2019nin kaleminde hem i\u00e7ten bir tan\u0131kl\u0131\u011fa hem de ortak bir haf\u0131zaya d\u00f6n\u00fc\u015f\u00fcr. F\u0131rat k\u0131y\u0131lar\u0131nda s\u00f6ylenmi\u015f \u015fark\u0131lar\u0131n, \u015f\u00f6lenlerin, g\u00f6\u00e7lerin ve dayan\u0131\u015fman\u0131n hik\u00e2yesi olan Arm\u0131dan: F\u0131rat\u2019\u0131n \u00d6te Yan\u0131, M\u0131ntzuri\u2019nin \u201can\u0131 do\u011fru vermek, canland\u0131rmak\u201d arzusunun en duru ifadesidir. Ger\u00e7e\u011fin d\u00fc\u015fle harmanland\u0131\u011f\u0131 bu kitapta Anadolu\u2019nun \u00e7oksesli ge\u00e7mi\u015fi yeniden hayat bulur. Bu yeni bas\u0131mda metin g\u00f6zden ge\u00e7irilmi\u015f, M\u0131ntzuri\u2019nin do\u011fdu\u011fu topraklar\u0131n ruhunu yans\u0131tan yeni bir kapakla yeniden okura sunulmu\u015ftur. <\/p>\n","protected":false},"excerpt":{"rendered":"<p>Arm\u0131dan: F\u0131rat\u2019\u0131n \u00d6te Yan\u0131 ilk olarak 1996 y\u0131l\u0131nda, son olarak \u00fc\u00e7\u00fcnc\u00fc bask\u0131s\u0131yla 2003 y\u0131l\u0131nda Aras Yay\u0131nc\u0131l\u0131k taraf\u0131ndan yay\u0131mland\u0131. Hagop M\u0131ntzuri\u2019nin do\u011fdu\u011fu topraklara, Erzincan\u2019\u0131n da\u011flar\u0131na, k\u00f6ylerine, F\u0131rat\u2019\u0131n<span class=\"excerpt-hellip\"> [\u2026]<\/span><\/p>\n","protected":false},"featured_media":0,"template":"","meta":{"_monsterinsights_skip_tracking":false,"_monsterinsights_sitenote_active":false,"_monsterinsights_sitenote_note":"","_monsterinsights_sitenote_category":0},"product_brand":[],"product_cat":[12291,12292],"product_tag":[],"class_list":{"0":"post-778842","1":"product","2":"type-product","3":"status-publish","5":"product_cat-edebiyat","6":"product_cat-turk-edebiyati","7":"pa_cilt-ciltsiz","8":"pa_tur-kitap","9":"pa_yayinevi-aras-yayinlari","10":"pa_yazar-hagop-mintzuri","12":"first","13":"instock","14":"sale","15":"shipping-taxable","16":"purchasable","17":"product-type-simple"},"_links":{"self":[{"href":"https:\/\/roveyayinevi.com.tr\/index.php\/wp-json\/wp\/v2\/product\/778842","targetHints":{"allow":["GET"]}}],"collection":[{"href":"https:\/\/roveyayinevi.com.tr\/index.php\/wp-json\/wp\/v2\/product"}],"about":[{"href":"https:\/\/roveyayinevi.com.tr\/index.php\/wp-json\/wp\/v2\/types\/product"}],"wp:attachment":[{"href":"https:\/\/roveyayinevi.com.tr\/index.php\/wp-json\/wp\/v2\/media?parent=778842"}],"wp:term":[{"taxonomy":"product_brand","embeddable":true,"href":"https:\/\/roveyayinevi.com.tr\/index.php\/wp-json\/wp\/v2\/product_brand?post=778842"},{"taxonomy":"product_cat","embeddable":true,"href":"https:\/\/roveyayinevi.com.tr\/index.php\/wp-json\/wp\/v2\/product_cat?post=778842"},{"taxonomy":"product_tag","embeddable":true,"href":"https:\/\/roveyayinevi.com.tr\/index.php\/wp-json\/wp\/v2\/product_tag?post=778842"}],"curies":[{"name":"wp","href":"https:\/\/api.w.org\/{rel}","templated":true}]}}