{"id":778841,"date":"2025-11-22T02:45:25","date_gmt":"2025-11-21T23:45:25","guid":{"rendered":"https:\/\/roveyayinevi.com.tr\/index.php\/urun\/dort-mevsim-sonbahar\/"},"modified":"2026-04-16T02:05:53","modified_gmt":"2026-04-15T23:05:53","slug":"dort-mevsim-sonbahar","status":"publish","type":"product","link":"https:\/\/roveyayinevi.com.tr\/index.php\/urun\/dort-mevsim-sonbahar\/","title":{"rendered":"D\u00f6rt Mevsim Sonbahar"},"content":{"rendered":"<p>Bu romanda herkesin g\u00f6zleri lacivert. Hi\u00e7 lacivert g\u00f6z g\u00f6rmedim ama lacivert g\u00f6zleri severim. Lacivert g\u00f6zlerin derinliklerinde, bilinmeyen diyarlardan maceraperest seyyahlar\u0131n getirdi\u011fi anlamlar yatar. Bence tabii&#8230; <\/p>\n","protected":false},"excerpt":{"rendered":"<p>Bu romanda herkesin g\u00f6zleri lacivert. Hi\u00e7 lacivert g\u00f6z g\u00f6rmedim ama lacivert g\u00f6zleri severim. Lacivert g\u00f6zlerin derinliklerinde, bilinmeyen diyarlardan maceraperest seyyahlar\u0131n getirdi\u011fi anlamlar yatar. Bence tabii&#8230;<\/p>\n","protected":false},"featured_media":0,"template":"","meta":{"_monsterinsights_skip_tracking":false,"_monsterinsights_sitenote_active":false,"_monsterinsights_sitenote_note":"","_monsterinsights_sitenote_category":0},"product_brand":[],"product_cat":[12291,12292],"product_tag":[],"class_list":{"0":"post-778841","1":"product","2":"type-product","3":"status-publish","5":"product_cat-edebiyat","6":"product_cat-turk-edebiyati","7":"pa_tur-kitap","8":"pa_yayinevi-everest-yayinlari","9":"pa_yazar-ahmet-altan","11":"first","12":"instock","13":"sale","14":"shipping-taxable","15":"purchasable","16":"product-type-simple"},"_links":{"self":[{"href":"https:\/\/roveyayinevi.com.tr\/index.php\/wp-json\/wp\/v2\/product\/778841","targetHints":{"allow":["GET"]}}],"collection":[{"href":"https:\/\/roveyayinevi.com.tr\/index.php\/wp-json\/wp\/v2\/product"}],"about":[{"href":"https:\/\/roveyayinevi.com.tr\/index.php\/wp-json\/wp\/v2\/types\/product"}],"wp:attachment":[{"href":"https:\/\/roveyayinevi.com.tr\/index.php\/wp-json\/wp\/v2\/media?parent=778841"}],"wp:term":[{"taxonomy":"product_brand","embeddable":true,"href":"https:\/\/roveyayinevi.com.tr\/index.php\/wp-json\/wp\/v2\/product_brand?post=778841"},{"taxonomy":"product_cat","embeddable":true,"href":"https:\/\/roveyayinevi.com.tr\/index.php\/wp-json\/wp\/v2\/product_cat?post=778841"},{"taxonomy":"product_tag","embeddable":true,"href":"https:\/\/roveyayinevi.com.tr\/index.php\/wp-json\/wp\/v2\/product_tag?post=778841"}],"curies":[{"name":"wp","href":"https:\/\/api.w.org\/{rel}","templated":true}]}}