{"id":778838,"date":"2025-11-21T12:17:08","date_gmt":"2025-11-21T09:17:08","guid":{"rendered":"https:\/\/roveyayinevi.com.tr\/index.php\/urun\/o-yil\/"},"modified":"2026-02-23T12:51:49","modified_gmt":"2026-02-23T09:51:49","slug":"o-yil","status":"publish","type":"product","link":"https:\/\/roveyayinevi.com.tr\/index.php\/urun\/o-yil\/","title":{"rendered":"O Y\u0131l"},"content":{"rendered":"<p>Y\u0131l 1915. Conkbay\u0131r\u0131 g\u00f6rkemli bir zafere haz\u0131rlan\u0131yor. Herkes ayn\u0131 soruyu soruyor birbirine: \u201c\u00c7anakkale\u2019den haber var m\u0131?\u201d Toplumun bir hik\u00e2yesi oldu\u011fu gibi, yazg\u0131s\u0131 de\u011fi\u015fen her bireyin de yaz\u0131lmaya de\u011fer bir hik\u00e2yesi var o g\u00fcnlerde&#8230;Ahmet Altan, O Y\u0131l \u2019da, imparatorlu\u011fun her k\u00f6\u015fesinde ayr\u0131 bir ate\u015fin yand\u0131\u011f\u0131 g\u00fcnleri, \u00e7at\u0131\u015fan fikirler, s\u00f6ylenemeyen c\u00fcmleler, tutulamayan s\u00f6zler \u00fczerinden anlat\u0131yor. Bir yanda iki karde\u015fin farkl\u0131 u\u00e7lara savrulma hik\u00e2yesi, di\u011fer yanda T\u00fcrk subay\u0131 Rag\u0131p ile s\u00fcrg\u00fcne yollanan Ermeni hem\u015fire Efronya\u2019n\u0131n emirler, yollar, tren vagonlar\u0131 taraf\u0131ndan engellenen a\u015fk\u0131\u2026 \u201c\u00d6l\u00fcleriyle konu\u015fan\u201d Osman\u2019a, anlat\u0131lanlar\u0131 hem dinleme hem aktarma g\u00f6revinin verildi\u011fi romanda, o \u00e7alkant\u0131l\u0131 d\u00f6nemde ya\u015fayanlar\u0131n zihnine girilerek \u00e7oksesli bir atmosfer yarat\u0131l\u0131yor, tarihin girdapl\u0131 sayfalar\u0131 bir kez de kurmaca evrende a\u00e7\u0131l\u0131yor. Ger\u00e7ekleri \u00f6lu\u0308ler biliyordu. Osman buna inan\u0131yordu. \u201cHayat\u0131 \u00f6lu\u0308lerden \u00f6\u011freneceksin&#8230; Ya\u015fayanlar hayat hakk\u0131nda bir \u015fey bilmiyor \u00e7u\u0308nku\u0308,\u201d demi\u015fti bir keresinde Efronya. Kap\u0131s\u0131na ailesinin hizmetk\u00e2rlar\u0131ndan birinin b\u0131rakt\u0131\u011f\u0131 konserveleri yiyerek, dedesinden kalan eski usul entarisiyle odalardan odalara dola\u015farak ya\u015fad\u0131\u011f\u0131 bu \u0131ss\u0131z konakta yaln\u0131zca \u00f6lu\u0308leriyle konu\u015fuyordu. Hayattan, canl\u0131lardan, bug\u00fcnden vazge\u00e7mi\u015f, daima ileriye gitmek zorunda oldu\u011fu s\u00f6ylenen zaman\u0131n hoyrat zorbal\u0131\u011f\u0131ndankurtulmu\u015ftu, istedi\u011fi her \u015feyi g\u00f6rebildi\u011fi, bu\u0308tu\u0308n s\u0131rlar\u0131 \u00e7\u00f6zebildi\u011fi ge\u00e7mi\u015fin i\u00e7inde zamana hu\u0308kmederek dola\u015f\u0131yordu.<\/p>\n","protected":false},"excerpt":{"rendered":"<p>Y\u0131l 1915. Conkbay\u0131r\u0131 g\u00f6rkemli bir zafere haz\u0131rlan\u0131yor. Herkes ayn\u0131 soruyu soruyor birbirine: \u201c\u00c7anakkale\u2019den haber var m\u0131?\u201d Toplumun bir hik\u00e2yesi oldu\u011fu gibi, yazg\u0131s\u0131 de\u011fi\u015fen her bireyin de<span class=\"excerpt-hellip\"> [\u2026]<\/span><\/p>\n","protected":false},"featured_media":0,"template":"","meta":{"_monsterinsights_skip_tracking":false,"_monsterinsights_sitenote_active":false,"_monsterinsights_sitenote_note":"","_monsterinsights_sitenote_category":0},"product_brand":[],"product_cat":[12291,12745],"product_tag":[],"class_list":{"0":"post-778838","1":"product","2":"type-product","3":"status-publish","5":"product_cat-edebiyat","6":"product_cat-tarihi-roman","7":"pa_cilt-ciltsiz","8":"pa_tur-kitap","9":"pa_yayinevi-everest-yayinlari","10":"pa_yazar-ahmet-altan","12":"first","13":"instock","14":"sale","15":"shipping-taxable","16":"purchasable","17":"product-type-simple"},"_links":{"self":[{"href":"https:\/\/roveyayinevi.com.tr\/index.php\/wp-json\/wp\/v2\/product\/778838","targetHints":{"allow":["GET"]}}],"collection":[{"href":"https:\/\/roveyayinevi.com.tr\/index.php\/wp-json\/wp\/v2\/product"}],"about":[{"href":"https:\/\/roveyayinevi.com.tr\/index.php\/wp-json\/wp\/v2\/types\/product"}],"wp:attachment":[{"href":"https:\/\/roveyayinevi.com.tr\/index.php\/wp-json\/wp\/v2\/media?parent=778838"}],"wp:term":[{"taxonomy":"product_brand","embeddable":true,"href":"https:\/\/roveyayinevi.com.tr\/index.php\/wp-json\/wp\/v2\/product_brand?post=778838"},{"taxonomy":"product_cat","embeddable":true,"href":"https:\/\/roveyayinevi.com.tr\/index.php\/wp-json\/wp\/v2\/product_cat?post=778838"},{"taxonomy":"product_tag","embeddable":true,"href":"https:\/\/roveyayinevi.com.tr\/index.php\/wp-json\/wp\/v2\/product_tag?post=778838"}],"curies":[{"name":"wp","href":"https:\/\/api.w.org\/{rel}","templated":true}]}}