{"id":778835,"date":"2025-11-21T12:17:01","date_gmt":"2025-11-21T09:17:01","guid":{"rendered":"https:\/\/roveyayinevi.com.tr\/index.php\/urun\/ben-bir-dahi-degilim-leonardo-da-vincinin-gizemli-tablosu\/"},"modified":"2026-04-15T03:44:12","modified_gmt":"2026-04-15T00:44:12","slug":"ben-bir-dahi-degilim-leonardo-da-vincinin-gizemli-tablosu","status":"publish","type":"product","link":"https:\/\/roveyayinevi.com.tr\/index.php\/urun\/ben-bir-dahi-degilim-leonardo-da-vincinin-gizemli-tablosu\/","title":{"rendered":"Ben Bir Dahi De\u011filim-Leonardo Da Vincinin Gizemli Tablosu"},"content":{"rendered":"<p>\u201cResim yapmak, d\u00fcnyay\u0131 ke\u015ffetmenin ilk ve en asil yoludur. \u00c7izmeye ba\u015flad\u0131\u011f\u0131m\u0131z zaman d\u00fcnyan\u0131n nas\u0131l olu\u015ftu\u011funu tam olarak anlad\u0131\u011f\u0131m\u0131z\u0131 iddia edebiliriz.\u201d <\/p>\n","protected":false},"excerpt":{"rendered":"<p>\u201cResim yapmak, d\u00fcnyay\u0131 ke\u015ffetmenin ilk ve en asil yoludur. \u00c7izmeye ba\u015flad\u0131\u011f\u0131m\u0131z zaman d\u00fcnyan\u0131n nas\u0131l olu\u015ftu\u011funu tam olarak anlad\u0131\u011f\u0131m\u0131z\u0131 iddia edebiliriz.\u201d<\/p>\n","protected":false},"featured_media":0,"template":"","meta":{"_monsterinsights_skip_tracking":false,"_monsterinsights_sitenote_active":false,"_monsterinsights_sitenote_note":"","_monsterinsights_sitenote_category":0},"product_brand":[],"product_cat":[12274],"product_tag":[],"class_list":{"0":"post-778835","1":"product","2":"type-product","3":"status-publish","5":"product_cat-cocuk-ve-genclik-kitaplari","6":"pa_cilt-ciltsiz","7":"pa_tur-kitap","8":"pa_yayinevi-mandolin-yayinlari","9":"pa_yazar-cecilia-latella","11":"first","12":"instock","13":"sale","14":"shipping-taxable","15":"purchasable","16":"product-type-simple"},"_links":{"self":[{"href":"https:\/\/roveyayinevi.com.tr\/index.php\/wp-json\/wp\/v2\/product\/778835","targetHints":{"allow":["GET"]}}],"collection":[{"href":"https:\/\/roveyayinevi.com.tr\/index.php\/wp-json\/wp\/v2\/product"}],"about":[{"href":"https:\/\/roveyayinevi.com.tr\/index.php\/wp-json\/wp\/v2\/types\/product"}],"wp:attachment":[{"href":"https:\/\/roveyayinevi.com.tr\/index.php\/wp-json\/wp\/v2\/media?parent=778835"}],"wp:term":[{"taxonomy":"product_brand","embeddable":true,"href":"https:\/\/roveyayinevi.com.tr\/index.php\/wp-json\/wp\/v2\/product_brand?post=778835"},{"taxonomy":"product_cat","embeddable":true,"href":"https:\/\/roveyayinevi.com.tr\/index.php\/wp-json\/wp\/v2\/product_cat?post=778835"},{"taxonomy":"product_tag","embeddable":true,"href":"https:\/\/roveyayinevi.com.tr\/index.php\/wp-json\/wp\/v2\/product_tag?post=778835"}],"curies":[{"name":"wp","href":"https:\/\/api.w.org\/{rel}","templated":true}]}}