{"id":778829,"date":"2025-11-21T12:16:45","date_gmt":"2025-11-21T09:16:45","guid":{"rendered":"https:\/\/roveyayinevi.com.tr\/index.php\/urun\/guzel-cirkin\/"},"modified":"2026-04-15T03:44:09","modified_gmt":"2026-04-15T00:44:09","slug":"guzel-cirkin","status":"publish","type":"product","link":"https:\/\/roveyayinevi.com.tr\/index.php\/urun\/guzel-cirkin\/","title":{"rendered":"G\u00fczel \u00c7irkin"},"content":{"rendered":"<p>EVL\u0130L\u0130K VE \u0130NT\u0130KAM \u00dcZER\u0130NE KARANLIK B\u0130R H\u0130K\u00c2YE\u2026Yazar Grady Green, e\u015fi Abby\u2019nin arabas\u0131n\u0131 u\u00e7urumun kenar\u0131nda buldu\u011funda farlar\u0131 h\u00e2l\u00e2 yan\u0131yordu, s\u00fcr\u00fcc\u00fc kap\u0131s\u0131 a\u00e7\u0131kt\u0131 ve Abby\u2019nin telefonu i\u00e7erideydi. Ama ondan hi\u00e7bir iz yoktu.Abby\u2019nin ortadan kaybolmas\u0131n\u0131n \u00fczerinden bir y\u0131l ge\u00e7mi\u015fti. Grady, e\u015fine ne oldu\u011funu \u00f6\u011frenmek i\u00e7in umutsuzca \u00e7abalam\u0131\u015f ama t\u00fcm \u00e7abalar\u0131 sonu\u00e7suz kalm\u0131\u015ft\u0131. H\u00e2l\u00e2 keder i\u00e7inde e\u015finin yas\u0131n\u0131 tutmaktan ba\u015fka yapacak hi\u00e7bir \u015feyi yoktu. Ancak bir an \u00f6nce yazarl\u0131\u011fa geri d\u00f6nmesi gerekiyordu. B\u00f6ylece Grady, k\u00fc\u00e7\u00fck bir \u0130sko\u00e7 adas\u0131nda inzivaya \u00e7ekilip yeni kitab\u0131n\u0131 yazmaya karar verdi.Amac\u0131 \u015fehirdeki t\u00fcm karma\u015fadan uzakta kal\u0131p bu izole adada biraz huzur bulmakt\u0131. Ancak adaya giden feribotta Abby\u2019ye \u00e7ok benzeyen bir kad\u0131n\u0131 g\u00f6rd\u00fc\u011f\u00fcnde bu adan\u0131n d\u00fc\u015f\u00fcnd\u00fc\u011f\u00fcnden \u00e7ok daha farkl\u0131 bir yer oldu\u011funu anlayacakt\u0131. Grady, hayalle ger\u00e7ek aras\u0131nda s\u0131k\u0131\u015f\u0131p kald\u0131\u011f\u0131, karanl\u0131k s\u0131rlarla dolu bir d\u00fcnyaya ad\u0131m atm\u0131\u015ft\u0131. Ve art\u0131k her \u015fey i\u00e7in \u00e7ok ge\u00e7ti.   \u201cAlice Feeney, bir ba\u015fyap\u0131t kaleme alm\u0131\u015f.\u201d\u2014JANICE HALLETT\u201cTahmin etmesi imk\u00e2ns\u0131z. Her kelimesine bay\u0131ld\u0131m.\u201d\u2014CLAIRE DOUGLAS\u201cTERS K\u00d6\u015eELERLE DOLU B\u0130R KURGU.\u201dTHE OBSERVER\u201cOKUDU\u011eUM EN \u0130Y\u0130 ALICE FEENEY K\u0130TABI.\u201dHARLAN COBEN\u201c\u015eA\u015eIRTICI VE ETK\u0130LEY\u0130C\u0130.\u201dCHRIS WHITAKER\u201cBEKLENMED\u0130K S\u00dcRPR\u0130ZLERLE DOLU.\u201dBELFAST TELEGRAPH\u201cNEREDEYSE HER SAYFADA B\u0130R TERS K\u00d6\u015eE VAR.\u201dARAMINTA HALL\u201cKUSURSUZ B\u0130R PS\u0130KOLOJ\u0130K GER\u0130L\u0130M.\u201dDAILY MAIL\u201cAKILLICA KURGULANMI\u015e.\u201dNATALIE CHANDLER\u201cS\u00dcR\u00dcKLEY\u0130C\u0130.\u201dIRISH INDEPENDENT\u201cUSTACA KALEME ALINMI\u015e.\u201dLOUISE SWANSON<\/p>\n","protected":false},"excerpt":{"rendered":"<p>EVL\u0130L\u0130K VE \u0130NT\u0130KAM \u00dcZER\u0130NE KARANLIK B\u0130R H\u0130K\u00c2YE\u2026Yazar Grady Green, e\u015fi Abby\u2019nin arabas\u0131n\u0131 u\u00e7urumun kenar\u0131nda buldu\u011funda farlar\u0131 h\u00e2l\u00e2 yan\u0131yordu, s\u00fcr\u00fcc\u00fc kap\u0131s\u0131 a\u00e7\u0131kt\u0131 ve Abby\u2019nin telefonu i\u00e7erideydi. Ama<span class=\"excerpt-hellip\"> [\u2026]<\/span><\/p>\n","protected":false},"featured_media":0,"template":"","meta":{"_monsterinsights_skip_tracking":false,"_monsterinsights_sitenote_active":false,"_monsterinsights_sitenote_note":"","_monsterinsights_sitenote_category":0},"product_brand":[],"product_cat":[12291,17033],"product_tag":[],"class_list":{"0":"post-778829","1":"product","2":"type-product","3":"status-publish","5":"product_cat-edebiyat","6":"product_cat-korku-gerilim","7":"pa_cilt-ciltsiz","8":"pa_tur-kitap","9":"pa_yayinevi-yabanci-yayinevi","10":"pa_yazar-alice-feeney","12":"first","13":"instock","14":"sale","15":"shipping-taxable","16":"purchasable","17":"product-type-simple"},"_links":{"self":[{"href":"https:\/\/roveyayinevi.com.tr\/index.php\/wp-json\/wp\/v2\/product\/778829","targetHints":{"allow":["GET"]}}],"collection":[{"href":"https:\/\/roveyayinevi.com.tr\/index.php\/wp-json\/wp\/v2\/product"}],"about":[{"href":"https:\/\/roveyayinevi.com.tr\/index.php\/wp-json\/wp\/v2\/types\/product"}],"wp:attachment":[{"href":"https:\/\/roveyayinevi.com.tr\/index.php\/wp-json\/wp\/v2\/media?parent=778829"}],"wp:term":[{"taxonomy":"product_brand","embeddable":true,"href":"https:\/\/roveyayinevi.com.tr\/index.php\/wp-json\/wp\/v2\/product_brand?post=778829"},{"taxonomy":"product_cat","embeddable":true,"href":"https:\/\/roveyayinevi.com.tr\/index.php\/wp-json\/wp\/v2\/product_cat?post=778829"},{"taxonomy":"product_tag","embeddable":true,"href":"https:\/\/roveyayinevi.com.tr\/index.php\/wp-json\/wp\/v2\/product_tag?post=778829"}],"curies":[{"name":"wp","href":"https:\/\/api.w.org\/{rel}","templated":true}]}}