{"id":778825,"date":"2025-11-21T12:16:30","date_gmt":"2025-11-21T09:16:30","guid":{"rendered":"https:\/\/roveyayinevi.com.tr\/index.php\/urun\/modern-dunyanin-kokenleri\/"},"modified":"2026-04-15T03:44:08","modified_gmt":"2026-04-15T00:44:08","slug":"modern-dunyanin-kokenleri","status":"publish","type":"product","link":"https:\/\/roveyayinevi.com.tr\/index.php\/urun\/modern-dunyanin-kokenleri\/","title":{"rendered":"Modern D\u00fcnyan\u0131n K\u00f6kenleri"},"content":{"rendered":"<p>Gu\u0308nu\u0308mu\u0308zde \u201cBat\u0131 medeniyeti\u201d olarak tan\u0131mlanan u\u0308lkelerde, Mu\u0308slu\u0308manlar ve Yahudiler ba\u015fta olmak u\u0308zere Hristiyan olmayanlar\u0131n sistematik olarak yok edilmesi ne zaman, nerede, nas\u0131l ve neden ba\u015flad\u0131? Modern Du\u0308nyan\u0131n K\u00f6kenleri; i\u015fte bu bu\u0308yu\u0308k soruya cevaben, Orta \u00c7a\u011f Bat\u0131 Avrupa\u2019s\u0131ndaki tu\u0308m Mu\u0308slu\u0308man ve Yahudi topluluklar\u0131n ortadan kald\u0131r\u0131lmas\u0131n\u0131 ilk defa bir bu\u0308tu\u0308n olarak ve \u00f6zgu\u0308n bir soyk\u0131r\u0131m kuram\u0131 \u00e7er\u00e7evesinde a\u00e7\u0131klamaktad\u0131r. Avrupa\u2019daki Mu\u0308slu\u0308man ve Yahudilerin yok edilmesiyle birlikte, yaln\u0131zca Hristiyanlardan -hatta sadece Katolik Hristiyanlardan- olu\u015fan toplumlar ve devletlerden meydana gelen bir b\u00f6lgesel sistem ortaya \u00e7\u0131km\u0131\u015ft\u0131r. Esasen bu su\u0308re\u00e7, \u201cBat\u0131 medeniyeti\u201d olarak bilinen devletler u\u0308stu\u0308 ve toplumlar u\u0308stu\u0308 kimli\u011fin do\u011fu\u015funa e\u015fde\u011ferdir. Bu do\u011frultuda, Bat\u0131 Avrupa\u2019da ortaya \u00e7\u0131kan demokrasinin, ulus devletin ve Bat\u0131 merkezli uluslararas\u0131 sistemin tek din ve tek mezhepten ibaret bir zemin u\u0308zerinde yu\u0308kseldi\u011fini g\u00f6stermek, mevcut teorik tart\u0131\u015fmalarda k\u00f6klu\u0308 bir paradigma de\u011fi\u015fikli\u011fini zorunlu k\u0131lmaktad\u0131r. Zihinsel s\u00f6mu\u0308rgele\u015fme, fark\u0131na var\u0131lmad\u0131k\u00e7a kurtulu\u015fu mu\u0308mku\u0308n olmayan sinsi bir belad\u0131r ve elinizdeki eser, Bat\u0131 merkezci ve Bat\u0131 \u00f6vgu\u0308cu\u0308 sosyal bilim hiyerar\u015fisine kar\u015f\u0131 \u00e7\u0131k\u0131\u015f\u0131n somut bir tezahu\u0308ru\u0308du\u0308r.<\/p>\n","protected":false},"excerpt":{"rendered":"<p>Gu\u0308nu\u0308mu\u0308zde \u201cBat\u0131 medeniyeti\u201d olarak tan\u0131mlanan u\u0308lkelerde, Mu\u0308slu\u0308manlar ve Yahudiler ba\u015fta olmak u\u0308zere Hristiyan olmayanlar\u0131n sistematik olarak yok edilmesi ne zaman, nerede, nas\u0131l ve neden ba\u015flad\u0131? Modern<span class=\"excerpt-hellip\"> [\u2026]<\/span><\/p>\n","protected":false},"featured_media":0,"template":"","meta":{"_monsterinsights_skip_tracking":false,"_monsterinsights_sitenote_active":false,"_monsterinsights_sitenote_note":"","_monsterinsights_sitenote_category":0},"product_brand":[],"product_cat":[13036,12718,12719],"product_tag":[],"class_list":{"0":"post-778825","1":"product","2":"type-product","3":"status-publish","5":"product_cat-arastirma-inceleme-islam","6":"product_cat-din","7":"product_cat-islam","8":"pa_cilt-ciltsiz","9":"pa_tur-kitap","10":"pa_yayinevi-paradigma-yayinlari","11":"pa_yazar-sener-akturk","13":"first","14":"instock","15":"sale","16":"shipping-taxable","17":"purchasable","18":"product-type-simple"},"_links":{"self":[{"href":"https:\/\/roveyayinevi.com.tr\/index.php\/wp-json\/wp\/v2\/product\/778825","targetHints":{"allow":["GET"]}}],"collection":[{"href":"https:\/\/roveyayinevi.com.tr\/index.php\/wp-json\/wp\/v2\/product"}],"about":[{"href":"https:\/\/roveyayinevi.com.tr\/index.php\/wp-json\/wp\/v2\/types\/product"}],"wp:attachment":[{"href":"https:\/\/roveyayinevi.com.tr\/index.php\/wp-json\/wp\/v2\/media?parent=778825"}],"wp:term":[{"taxonomy":"product_brand","embeddable":true,"href":"https:\/\/roveyayinevi.com.tr\/index.php\/wp-json\/wp\/v2\/product_brand?post=778825"},{"taxonomy":"product_cat","embeddable":true,"href":"https:\/\/roveyayinevi.com.tr\/index.php\/wp-json\/wp\/v2\/product_cat?post=778825"},{"taxonomy":"product_tag","embeddable":true,"href":"https:\/\/roveyayinevi.com.tr\/index.php\/wp-json\/wp\/v2\/product_tag?post=778825"}],"curies":[{"name":"wp","href":"https:\/\/api.w.org\/{rel}","templated":true}]}}