{"id":778823,"date":"2025-11-21T12:15:52","date_gmt":"2025-11-21T09:15:52","guid":{"rendered":"https:\/\/roveyayinevi.com.tr\/index.php\/urun\/gelecegin-bellegi\/"},"modified":"2026-02-03T03:42:48","modified_gmt":"2026-02-03T00:42:48","slug":"gelecegin-bellegi","status":"publish","type":"product","link":"https:\/\/roveyayinevi.com.tr\/index.php\/urun\/gelecegin-bellegi\/","title":{"rendered":"Gelece\u011fin Belle\u011fi"},"content":{"rendered":"<p>T\u00fcrkiye co\u011frafyas\u0131 1960-80 y\u0131llar\u0131 aras\u0131nda sosyalizm m\u00fccadelesinin benzersiz bir sekans\u0131n\u0131 ya\u015fad\u0131. Bu kabar\u0131\u015f y\u0131llar\u0131, egemen s\u0131n\u0131flar\u0131n tam uzla\u015f\u0131 sergiledikleri bir darbeyle ve takip eden y\u0131llarda da reel sosyalizmin \u00e7\u00f6z\u00fcl\u00fc\u015f\u00fcyle bitiverdi. Sosyalist solda bir d\u00f6nem kapand\u0131. A\u00e7\u0131lan d\u00f6nemde her ge\u00e7en y\u0131l onun i\u00e7in daha kaotik ve karanl\u0131k oldu. Buna kar\u015f\u0131l\u0131k her ko\u015fulda devrede olan ve sosyal yap\u0131y\u0131 giderek daha fazla belirleyen sermaye birikimi ve s\u0131n\u0131fsal \u00e7eli\u015fkiler tarihin zembere\u011fini kurmaya devam ediyor. Bu iki dinamik, 1980\u2019lerden beri, \u00e7ok daha geni\u015f \u00f6l\u00e7ekte alt-\u00fcst olu\u015flar yaratarak, n\u00fcfusun \u00e7ok daha b\u00fcy\u00fck b\u00f6l\u00fcm\u00fcn\u00fc proleterle\u015ftiriyor. Haliyle s\u0131n\u0131f kavgas\u0131n\u0131n mek\u00e2nsal da\u011f\u0131l\u0131m\u0131 geni\u015fleyip, daha b\u00fcy\u00fck m\u00fccadelelerin potansiyelleri birikiyor. Elinizdeki kitap T\u00fcrkiye\u2019deki e\u015fitlik, adalet ve sosyalizm m\u00fccadelesi tarihinin bu \u00f6zg\u00fcn y\u00fckseli\u015f d\u00f6nemindeki yerel deneyimleri, gelece\u011fi m\u00fcjdeleyecek bi\u00e7imde ortaya sermeyi hedefliyor. Sol siyasetin 1960 ve 1970\u2019lerde hangi yerelliklerde, hangi sosyo-ekonomik dinamik ve \u00e7eli\u015fkilerin etkisiyle a\u00e7\u0131\u011fa \u00e7\u0131k\u0131p, nas\u0131l serpilip, geli\u015fti\u011fini anlatan bu \u00e7al\u0131\u015fma, d\u00f6nemi belirleyen olgu ve olaylar\u0131 Marksist diyalektikle serimleme \u00e7abas\u0131n\u0131n bir \u00fcr\u00fcn\u00fc. Kitap, bu ba\u011flamda, yerel deneyimleri t\u00fcm sosyal ve mek\u00e2nsal \u00f6zg\u00fcnl\u00fckleriyle yeni ku\u015fak devrimcilere aktarman\u0131n yan\u0131 s\u0131ra, bug\u00fcn\u00fcn ve gelece\u011fin m\u00fccadele stratejilerini belirleyecek \u00f6zneler i\u00e7in tarihsel materyalist bir bilgi havuzu olu\u015fturmay\u0131 hedefliyor.<\/p>\n","protected":false},"excerpt":{"rendered":"<p>T\u00fcrkiye co\u011frafyas\u0131 1960-80 y\u0131llar\u0131 aras\u0131nda sosyalizm m\u00fccadelesinin benzersiz bir sekans\u0131n\u0131 ya\u015fad\u0131. Bu kabar\u0131\u015f y\u0131llar\u0131, egemen s\u0131n\u0131flar\u0131n tam uzla\u015f\u0131 sergiledikleri bir darbeyle ve takip eden y\u0131llarda da<span class=\"excerpt-hellip\"> [\u2026]<\/span><\/p>\n","protected":false},"featured_media":0,"template":"","meta":{"_monsterinsights_skip_tracking":false,"_monsterinsights_sitenote_active":false,"_monsterinsights_sitenote_note":"","_monsterinsights_sitenote_category":0},"product_brand":[],"product_cat":[12337,14543],"product_tag":[],"class_list":{"0":"post-778823","1":"product","2":"type-product","3":"status-publish","5":"product_cat-politika-siyaset","6":"product_cat-turkiye-siyaseti-ve-politikasi","7":"pa_cilt-ciltsiz","8":"pa_tur-kitap","9":"pa_yayinevi-dipnot-yayinlari","10":"pa_yazar-ali-ekber-dogan","12":"first","13":"instock","14":"sale","15":"shipping-taxable","16":"purchasable","17":"product-type-simple"},"_links":{"self":[{"href":"https:\/\/roveyayinevi.com.tr\/index.php\/wp-json\/wp\/v2\/product\/778823","targetHints":{"allow":["GET"]}}],"collection":[{"href":"https:\/\/roveyayinevi.com.tr\/index.php\/wp-json\/wp\/v2\/product"}],"about":[{"href":"https:\/\/roveyayinevi.com.tr\/index.php\/wp-json\/wp\/v2\/types\/product"}],"wp:attachment":[{"href":"https:\/\/roveyayinevi.com.tr\/index.php\/wp-json\/wp\/v2\/media?parent=778823"}],"wp:term":[{"taxonomy":"product_brand","embeddable":true,"href":"https:\/\/roveyayinevi.com.tr\/index.php\/wp-json\/wp\/v2\/product_brand?post=778823"},{"taxonomy":"product_cat","embeddable":true,"href":"https:\/\/roveyayinevi.com.tr\/index.php\/wp-json\/wp\/v2\/product_cat?post=778823"},{"taxonomy":"product_tag","embeddable":true,"href":"https:\/\/roveyayinevi.com.tr\/index.php\/wp-json\/wp\/v2\/product_tag?post=778823"}],"curies":[{"name":"wp","href":"https:\/\/api.w.org\/{rel}","templated":true}]}}