{"id":778818,"date":"2025-11-21T12:15:38","date_gmt":"2025-11-21T09:15:38","guid":{"rendered":"https:\/\/roveyayinevi.com.tr\/index.php\/urun\/anneannemin-soylemedigi-sarkilar\/"},"modified":"2026-04-15T03:43:49","modified_gmt":"2026-04-15T00:43:49","slug":"anneannemin-soylemedigi-sarkilar","status":"publish","type":"product","link":"https:\/\/roveyayinevi.com.tr\/index.php\/urun\/anneannemin-soylemedigi-sarkilar\/","title":{"rendered":"Anneannemin S\u00f6ylemedi\u011fi \u015eark\u0131lar"},"content":{"rendered":"<p>Funda \u015eenol, kendi tabiriyle okumay\u0131, yazmay\u0131 ve anlatmay\u0131 direnme bi\u00e7imine d\u00f6n\u00fc\u015ft\u00fcrm\u00fc\u015f bir ara\u015ft\u0131rmac\u0131, \u00fcretmeyi hi\u00e7 b\u0131rakmayan bir yazar&#8230; Anneannemin S\u00f6ylemedi\u011fi \u015eark\u0131lar\u2019da \u00f6nce maziye bir bak\u0131\u015f at\u0131yor \u015eenol; annesiyle, anneannesiyle ve hayat\u0131na giren c\u00fcmle kad\u0131nla hem halle\u015fiyor hem hesapla\u015f\u0131yor; anlamaya \u00e7al\u0131\u015farak, cesurca\u2026 Sonra bug\u00fcn\u00fcn d\u00fcnyas\u0131n\u0131, g\u00fcndelik hallerimizi \u015fa\u015f\u0131rarak, \u015fa\u015f\u0131rtarak g\u00f6zlemliyor. Kendi zaviyesinden tan\u0131maya de\u011fer buldu\u011fu isimlerin hayatlar\u0131na dokunuyor ard\u0131ndan, onlar\u0131 tarihe not ediyor. Bazen ne\u015feli, bazen h\u00fcz\u00fcnl\u00fc, bazen sivri, bazen \u015fefkatli kalemiyle hallerimizi anl\u0131yor, bizi bize anlat\u0131yor. Kad\u0131n g\u00f6z\u00fcyle, ince ince, oya yapar gibi; nazik ve hep ele\u015ftirel y\u00f6n\u00fcn\u00fc koruyarak\u2026<\/p>\n","protected":false},"excerpt":{"rendered":"<p>Funda \u015eenol, kendi tabiriyle okumay\u0131, yazmay\u0131 ve anlatmay\u0131 direnme bi\u00e7imine d\u00f6n\u00fc\u015ft\u00fcrm\u00fc\u015f bir ara\u015ft\u0131rmac\u0131, \u00fcretmeyi hi\u00e7 b\u0131rakmayan bir yazar&#8230; Anneannemin S\u00f6ylemedi\u011fi \u015eark\u0131lar\u2019da \u00f6nce maziye bir bak\u0131\u015f at\u0131yor<span class=\"excerpt-hellip\"> [\u2026]<\/span><\/p>\n","protected":false},"featured_media":0,"template":"","meta":{"_monsterinsights_skip_tracking":false,"_monsterinsights_sitenote_active":false,"_monsterinsights_sitenote_note":"","_monsterinsights_sitenote_category":0},"product_brand":[],"product_cat":[13701,12291],"product_tag":[],"class_list":{"0":"post-778818","1":"product","2":"type-product","3":"status-publish","5":"product_cat-ani-mektup-gunluk","6":"product_cat-edebiyat","7":"pa_cilt-ciltsiz","8":"pa_tur-kitap","9":"pa_yayinevi-iletisim-yayinlari","10":"pa_yazar-funda-senol","12":"first","13":"instock","14":"sale","15":"shipping-taxable","16":"purchasable","17":"product-type-simple"},"_links":{"self":[{"href":"https:\/\/roveyayinevi.com.tr\/index.php\/wp-json\/wp\/v2\/product\/778818","targetHints":{"allow":["GET"]}}],"collection":[{"href":"https:\/\/roveyayinevi.com.tr\/index.php\/wp-json\/wp\/v2\/product"}],"about":[{"href":"https:\/\/roveyayinevi.com.tr\/index.php\/wp-json\/wp\/v2\/types\/product"}],"wp:attachment":[{"href":"https:\/\/roveyayinevi.com.tr\/index.php\/wp-json\/wp\/v2\/media?parent=778818"}],"wp:term":[{"taxonomy":"product_brand","embeddable":true,"href":"https:\/\/roveyayinevi.com.tr\/index.php\/wp-json\/wp\/v2\/product_brand?post=778818"},{"taxonomy":"product_cat","embeddable":true,"href":"https:\/\/roveyayinevi.com.tr\/index.php\/wp-json\/wp\/v2\/product_cat?post=778818"},{"taxonomy":"product_tag","embeddable":true,"href":"https:\/\/roveyayinevi.com.tr\/index.php\/wp-json\/wp\/v2\/product_tag?post=778818"}],"curies":[{"name":"wp","href":"https:\/\/api.w.org\/{rel}","templated":true}]}}