{"id":778816,"date":"2025-11-21T12:14:55","date_gmt":"2025-11-21T09:14:55","guid":{"rendered":"https:\/\/roveyayinevi.com.tr\/index.php\/urun\/dogu-ve-bati-arasinda-otekilik\/"},"modified":"2026-04-15T03:43:44","modified_gmt":"2026-04-15T00:43:44","slug":"dogu-ve-bati-arasinda-otekilik","status":"publish","type":"product","link":"https:\/\/roveyayinevi.com.tr\/index.php\/urun\/dogu-ve-bati-arasinda-otekilik\/","title":{"rendered":"Do\u011fu ve Bat\u0131 Aras\u0131nda \u00d6tekilik"},"content":{"rendered":"<p>Do\u011fu ve Bat\u0131 Aras\u0131nda \u00d6tekilik: Ortado\u011fu\u2019da Pop\u00fclizm ba\u015fl\u0131kl\u0131 bu derleme eser, uzun y\u0131llard\u0131r g\u00f6z ard\u0131 edilen Ortado\u011fu&#8217;da pop\u00fclizm alan\u0131n\u0131n akademik haritas\u0131n\u0131 titizlikle yeniden \u00e7iziyor. Disiplinleraras\u0131 bir yakla\u015f\u0131mla kaleme al\u0131nan bu \u00e7al\u0131\u015fma, hem siyasal s\u00f6ylemin hem de uluslararas\u0131 ili\u015fkilerin dinamikleri bak\u0131m\u0131ndan b\u00f6lgeye ili\u015fkin kal\u0131pla\u015fm\u0131\u015f analizlerin \u00f6tesine ge\u00e7iyor. Bu y\u00f6n\u00fcyle elinizdeki eser, yaln\u0131zca akademik bir eksikli\u011fi tamamlam\u0131yor; ayn\u0131 zamanda T\u00fcrkiye\u2019de Ortado\u011fu \u00e7al\u0131\u015fmalar\u0131n\u0131n geldi\u011fi entelekt\u00fcel d\u00fczeyi de g\u00f6zler \u00f6n\u00fcne seriyor. Pop\u00fclizm olgusu \u00e7o\u011funlukla Avrupa merkezli bir fenomen olarak incelenmi\u015f, Latin Amerika deneyimlerinden dahi s\u0131n\u0131rl\u0131 bi\u00e7imde beslenmi\u015f bir kuramsal \u00e7er\u00e7evede anla\u015f\u0131lmaya \u00e7al\u0131\u015f\u0131lm\u0131\u015ft\u0131r. Oysa pop\u00fclizmin temel dinamikleri -halk ile se\u00e7kinler aras\u0131ndaki gerilim, lider-karizmatik fig\u00fcr ili\u015fkisinin kurucu rol\u00fc, siyasi me\u015fruiyetin retorik \u00fczerinden yeniden in\u015fas\u0131- Ortado\u011fu gibi siyasi istikrar\u0131 k\u0131r\u0131lgan, kimliklerin \u00e7ok katmanl\u0131 ve otorite yap\u0131lar\u0131n\u0131n tarihsel olarak \u00e7e\u015fitlenmi\u015f oldu\u011fu b\u00f6lgelerde \u00e7ok daha keskin bi\u00e7imde ortaya \u00e7\u0131kmaktad\u0131r. Dolay\u0131s\u0131yla pop\u00fclizmin, Ortado\u011fu\u2019da yaln\u0131zca bir siyasal strateji ya da kampanya s\u00f6ylemi de\u011fil; ayn\u0131 zamanda toplumsal yap\u0131n\u0131n s\u00fcreklili\u011fiyle i\u00e7 i\u00e7e ge\u00e7mi\u015f bir ger\u00e7eklik oldu\u011fu g\u00f6r\u00fclmektedir. Akademinin asli sorumluluklar\u0131ndan biri, d\u00fc\u015f\u00fcnsel konfor alanlar\u0131n\u0131 terk ederek yeni sorular sormakt\u0131r. Do\u011fu ve Bat\u0131 Aras\u0131nda \u00d6tekilik: Ortado\u011fu\u2019da Pop\u00fclizm, tam da bu sorumlulu\u011fun bilinciyle, yaln\u0131zca cevaplar sunmakla kalmay\u0131p yeni tart\u0131\u015fmalar\u0131n da kap\u0131s\u0131n\u0131 aralamaktad\u0131r. <\/p>\n","protected":false},"excerpt":{"rendered":"<p>Do\u011fu ve Bat\u0131 Aras\u0131nda \u00d6tekilik: Ortado\u011fu\u2019da Pop\u00fclizm ba\u015fl\u0131kl\u0131 bu derleme eser, uzun y\u0131llard\u0131r g\u00f6z ard\u0131 edilen Ortado\u011fu&#8217;da pop\u00fclizm alan\u0131n\u0131n akademik haritas\u0131n\u0131 titizlikle yeniden \u00e7iziyor. Disiplinleraras\u0131 bir<span class=\"excerpt-hellip\"> [\u2026]<\/span><\/p>\n","protected":false},"featured_media":0,"template":"","meta":{"_monsterinsights_skip_tracking":false,"_monsterinsights_sitenote_active":false,"_monsterinsights_sitenote_note":"","_monsterinsights_sitenote_category":0},"product_brand":[],"product_cat":[12337,17225],"product_tag":[],"class_list":{"0":"post-778816","1":"product","2":"type-product","3":"status-publish","5":"product_cat-politika-siyaset","6":"product_cat-uluslararasi-iliskiler","7":"pa_cilt-ciltsiz","8":"pa_tur-kitap","9":"pa_yayinevi-ideal-kultur-akademik","10":"pa_yazar-kolektif","12":"first","13":"instock","14":"sale","15":"shipping-taxable","16":"purchasable","17":"product-type-simple"},"_links":{"self":[{"href":"https:\/\/roveyayinevi.com.tr\/index.php\/wp-json\/wp\/v2\/product\/778816","targetHints":{"allow":["GET"]}}],"collection":[{"href":"https:\/\/roveyayinevi.com.tr\/index.php\/wp-json\/wp\/v2\/product"}],"about":[{"href":"https:\/\/roveyayinevi.com.tr\/index.php\/wp-json\/wp\/v2\/types\/product"}],"wp:attachment":[{"href":"https:\/\/roveyayinevi.com.tr\/index.php\/wp-json\/wp\/v2\/media?parent=778816"}],"wp:term":[{"taxonomy":"product_brand","embeddable":true,"href":"https:\/\/roveyayinevi.com.tr\/index.php\/wp-json\/wp\/v2\/product_brand?post=778816"},{"taxonomy":"product_cat","embeddable":true,"href":"https:\/\/roveyayinevi.com.tr\/index.php\/wp-json\/wp\/v2\/product_cat?post=778816"},{"taxonomy":"product_tag","embeddable":true,"href":"https:\/\/roveyayinevi.com.tr\/index.php\/wp-json\/wp\/v2\/product_tag?post=778816"}],"curies":[{"name":"wp","href":"https:\/\/api.w.org\/{rel}","templated":true}]}}