{"id":778813,"date":"2025-11-21T12:13:15","date_gmt":"2025-11-21T09:13:15","guid":{"rendered":"https:\/\/roveyayinevi.com.tr\/index.php\/urun\/turkiyenin-grand-stratejisi-kavramsal-bir-giris\/"},"modified":"2026-04-15T03:43:36","modified_gmt":"2026-04-15T00:43:36","slug":"turkiyenin-grand-stratejisi-kavramsal-bir-giris","status":"publish","type":"product","link":"https:\/\/roveyayinevi.com.tr\/index.php\/urun\/turkiyenin-grand-stratejisi-kavramsal-bir-giris\/","title":{"rendered":"T\u00fcrkiye\u2019nin Grand Stratejisi Kavramsal Bir Giri\u015f"},"content":{"rendered":"<p>Tu\u0308rkiye\u2019nin en \u00f6nemli gu\u0308venlik sorunu ne?    Yunanistan\u2019la on y\u0131llard\u0131r ya\u015fanan anla\u015fmazl\u0131klar \u00e7at\u0131\u015fma boyutuna t\u0131rman\u0131r m\u0131 yoksa ortak \u00e7\u0131karlar etraf\u0131nda bir uzla\u015f\u0131 mu\u0308mku\u0308n mu\u0308?    \u0130srail\u2019in yay\u0131lmac\u0131l\u0131\u011f\u0131 Tu\u0308rkiye i\u00e7in ne kadar yak\u0131n bir tehdit?    Rusya-Ukrayna Sava\u015f\u0131 Tu\u0308rkiye\u2019nin ulusal \u00e7\u0131karlar\u0131n\u0131 nas\u0131l etkiliyor?    FET\u00d6 ile mu\u0308cadelede sona yakla\u015f\u0131ld\u0131 m\u0131?    PKK ter\u00f6ru\u0308 nihayet bitiyor mu?    ABD ile ili\u015fkiler Tu\u0308rk gu\u0308venlik sekt\u00f6ru\u0308nu\u0308 nas\u0131l etkiliyor? Bu kitap, Tu\u0308rkiye\u2019nin gu\u0308venli\u011fini sa\u011flamak amac\u0131yla izledi\u011fi grand stratejilerin tarihsel geli\u015fimini askeri ve diplomatik boyutlar\u0131yla ele al\u0131yor. Kurtulu\u015f Sava\u015f\u0131\u2019ndan erken Cumhuriyet y\u0131llar\u0131na, \u0130kinci Du\u0308nya Sava\u015f\u0131\u2019ndan So\u011fuk Sava\u015f d\u00f6nemine, 2000\u2019lerin ba\u015f\u0131ndan bugu\u0308ne uzanan su\u0308re\u00e7te; ter\u00f6rle mu\u0308cadeleden isyan bast\u0131rmaya, konvansiyonel sava\u015flardan cayd\u0131r\u0131c\u0131 tedbirlere, uzla\u015f\u0131 mekanizmalar\u0131ndan ittifak ili\u015fkilerine kadar Tu\u0308rkiye\u2019nin gu\u0308venlik politikalar\u0131n\u0131 kavramsal bir zeminde inceliyor. Bu noktada yazar, gu\u0308venlik stratejilerini yaln\u0131zca kronolojik bir olaylar dizisi olarak aktarm\u0131yor; bunlar\u0131 uluslararas\u0131 ili\u015fkiler teorileri, strateji literatu\u0308ru\u0308 ve eski-yeni gu\u0308venlik kavramlar\u0131yla ili\u015fkilendirerek de\u011ferlendiriyor. Tu\u0308rkiye\u2019nin farkl\u0131 d\u00f6nemlerde takip etti\u011fi grand stratejileri anlamak isteyen ara\u015ft\u0131rmac\u0131lar, \u00f6\u011frenciler ve uluslararas\u0131 gu\u0308venlik \u00e7al\u0131\u015fmalar\u0131na ilgi duyan herkes i\u00e7in kapsaml\u0131 bir ba\u015fvuru kayna\u011f\u0131 niteli\u011finde olan bu eser, Tu\u0308rkiye\u2019nin d\u0131\u015f politika ve savunma alan\u0131nda ald\u0131\u011f\u0131 kararlar\u0131 ve uygulad\u0131\u011f\u0131 politikalar\u0131 daha iyi yorumlayabilmeyi ama\u00e7l\u0131yor. <\/p>\n","protected":false},"excerpt":{"rendered":"<p>Tu\u0308rkiye\u2019nin en \u00f6nemli gu\u0308venlik sorunu ne? Yunanistan\u2019la on y\u0131llard\u0131r ya\u015fanan anla\u015fmazl\u0131klar \u00e7at\u0131\u015fma boyutuna t\u0131rman\u0131r m\u0131 yoksa ortak \u00e7\u0131karlar etraf\u0131nda bir uzla\u015f\u0131 mu\u0308mku\u0308n mu\u0308? \u0130srail\u2019in yay\u0131lmac\u0131l\u0131\u011f\u0131 Tu\u0308rkiye<span class=\"excerpt-hellip\"> [\u2026]<\/span><\/p>\n","protected":false},"featured_media":0,"template":"","meta":{"_monsterinsights_skip_tracking":false,"_monsterinsights_sitenote_active":false,"_monsterinsights_sitenote_note":"","_monsterinsights_sitenote_category":0},"product_brand":[],"product_cat":[13590,12337],"product_tag":[],"class_list":{"0":"post-778813","1":"product","2":"type-product","3":"status-publish","5":"product_cat-arastirma-inceleme-politika-siyaset","6":"product_cat-politika-siyaset","7":"pa_cilt-ciltsiz","8":"pa_tur-kitap","9":"pa_yayinevi-paradigma-yayinlari","10":"pa_yazar-huseyin-alptekin","12":"first","13":"instock","14":"sale","15":"shipping-taxable","16":"purchasable","17":"product-type-simple"},"_links":{"self":[{"href":"https:\/\/roveyayinevi.com.tr\/index.php\/wp-json\/wp\/v2\/product\/778813","targetHints":{"allow":["GET"]}}],"collection":[{"href":"https:\/\/roveyayinevi.com.tr\/index.php\/wp-json\/wp\/v2\/product"}],"about":[{"href":"https:\/\/roveyayinevi.com.tr\/index.php\/wp-json\/wp\/v2\/types\/product"}],"wp:attachment":[{"href":"https:\/\/roveyayinevi.com.tr\/index.php\/wp-json\/wp\/v2\/media?parent=778813"}],"wp:term":[{"taxonomy":"product_brand","embeddable":true,"href":"https:\/\/roveyayinevi.com.tr\/index.php\/wp-json\/wp\/v2\/product_brand?post=778813"},{"taxonomy":"product_cat","embeddable":true,"href":"https:\/\/roveyayinevi.com.tr\/index.php\/wp-json\/wp\/v2\/product_cat?post=778813"},{"taxonomy":"product_tag","embeddable":true,"href":"https:\/\/roveyayinevi.com.tr\/index.php\/wp-json\/wp\/v2\/product_tag?post=778813"}],"curies":[{"name":"wp","href":"https:\/\/api.w.org\/{rel}","templated":true}]}}