{"id":778812,"date":"2025-11-21T12:13:13","date_gmt":"2025-11-21T09:13:13","guid":{"rendered":"https:\/\/roveyayinevi.com.tr\/index.php\/urun\/cinin-afrika-stratejisi\/"},"modified":"2026-04-15T03:43:36","modified_gmt":"2026-04-15T00:43:36","slug":"cinin-afrika-stratejisi","status":"publish","type":"product","link":"https:\/\/roveyayinevi.com.tr\/index.php\/urun\/cinin-afrika-stratejisi\/","title":{"rendered":"\u00c7in\u2019in Afrika Stratejisi"},"content":{"rendered":"<p>\u00c7in\u2019in ekonomik y\u00fckseli\u015fi k\u00fcresel d\u00fczen i\u00e7erisinde bir\u00e7ok de\u011fi\u015fimi beraberinde getirdi. Siyasi, ekonomik ve k\u00fclt\u00fcrel kabullerin d\u00f6n\u00fc\u015f\u00fcm\u00fcne \u00f6nc\u00fcl\u00fck eden bu s\u00fcre\u00e7, elbette az geli\u015fmi\u015f ve geli\u015fmekte olan \u00fclkeleri \u00c7in ile i\u015f birli\u011fi yapmaya te\u015fvik ediyor. Bu \u00fclkeler aras\u0131nda en \u00f6ne \u00e7\u0131kanlar ise Nijerya, Kenya ve G\u00fcney Afrika. Anglosakson k\u00fclt\u00fcrel miras\u0131n\u0131n temsilcisi olan bu \u00fc\u00e7 \u00fclke; \u00c7in ile siyasi, ekonomik, k\u00fclt\u00fcrel ve tarihsel g\u00fc\u00e7l\u00fc ili\u015fkilere sahip. Ge\u00e7mi\u015ften g\u00fcn\u00fcm\u00fcze geli\u015ferek gelen \u00c7in, Nijerya, Kenya ve G\u00fcney Afrika ili\u015fkileri uluslararas\u0131 \u00f6rg\u00fctlerde de i\u015f birli\u011fini g\u00fc\u00e7lendiriyor. Bu \u00f6rg\u00fctlerin ba\u015f\u0131nda Birle\u015fmi\u015f Milletler gelirken IMF, D\u00fcnya Bankas\u0131 ve D\u00fcnya Ticaret \u00d6rg\u00fct\u00fc gibi geni\u015f bir ekonomik kurumlar skalas\u0131nda da bu d\u00f6rt \u00fclke birlikte hareket etmeye \u00f6zen g\u00f6steriyor. \u00c7in\u2019in Afrika Stratejisi: Yat\u0131r\u0131m, Ba\u011f\u0131ml\u0131l\u0131k, Rekabet; k\u00fcresel sistemdeki de\u011fi\u015fimleri dikkate alarak \u00c7in\u2019in y\u00fckseli\u015fini, alternatif model olu\u015fturma \u00e7abalar\u0131n\u0131, d\u0131\u015f ticaret ve yat\u0131r\u0131m \u00fczerinden olu\u015fturulan adaletsiz kar\u015f\u0131l\u0131kl\u0131 ba\u011f\u0131ml\u0131l\u0131k ili\u015fkilerini istatistiksel veriler yard\u0131m\u0131yla analiz ediyor ve \u00c7in\u2019in Afrika politikas\u0131n\u0131n k\u00fcresel d\u00fczendeki yans\u0131malar\u0131na odaklan\u0131yor. Bu kapsamda bu kitap; ne y\u00f6ne evrilece\u011fi belli olmayan fakat her h\u00e2l\u00fck\u00e2rda ciddi bir potansiyel bar\u0131nd\u0131ran \u00c7in ve Afrika k\u0131tas\u0131 aras\u0131ndaki dinamik ili\u015fkiyi ve bu ili\u015fkinin de\u011fi\u015ftirebilece\u011fi jeopolitik dengeleri kavramak i\u00e7in b\u00fcy\u00fck \u00f6nem ta\u015f\u0131yor.<\/p>\n","protected":false},"excerpt":{"rendered":"<p>\u00c7in\u2019in ekonomik y\u00fckseli\u015fi k\u00fcresel d\u00fczen i\u00e7erisinde bir\u00e7ok de\u011fi\u015fimi beraberinde getirdi. Siyasi, ekonomik ve k\u00fclt\u00fcrel kabullerin d\u00f6n\u00fc\u015f\u00fcm\u00fcne \u00f6nc\u00fcl\u00fck eden bu s\u00fcre\u00e7, elbette az geli\u015fmi\u015f ve geli\u015fmekte olan<span class=\"excerpt-hellip\"> [\u2026]<\/span><\/p>\n","protected":false},"featured_media":0,"template":"","meta":{"_monsterinsights_skip_tracking":false,"_monsterinsights_sitenote_active":false,"_monsterinsights_sitenote_note":"","_monsterinsights_sitenote_category":0},"product_brand":[],"product_cat":[14841,13043],"product_tag":[],"class_list":{"0":"post-778812","1":"product","2":"type-product","3":"status-publish","5":"product_cat-arastirma-inceleme-kuram","6":"product_cat-ekonomi","7":"pa_cilt-ciltsiz","8":"pa_tur-kitap","9":"pa_yayinevi-paradigma-yayinlari","10":"pa_yazar-deniz-istikbal","12":"first","13":"instock","14":"sale","15":"shipping-taxable","16":"purchasable","17":"product-type-simple"},"_links":{"self":[{"href":"https:\/\/roveyayinevi.com.tr\/index.php\/wp-json\/wp\/v2\/product\/778812","targetHints":{"allow":["GET"]}}],"collection":[{"href":"https:\/\/roveyayinevi.com.tr\/index.php\/wp-json\/wp\/v2\/product"}],"about":[{"href":"https:\/\/roveyayinevi.com.tr\/index.php\/wp-json\/wp\/v2\/types\/product"}],"wp:attachment":[{"href":"https:\/\/roveyayinevi.com.tr\/index.php\/wp-json\/wp\/v2\/media?parent=778812"}],"wp:term":[{"taxonomy":"product_brand","embeddable":true,"href":"https:\/\/roveyayinevi.com.tr\/index.php\/wp-json\/wp\/v2\/product_brand?post=778812"},{"taxonomy":"product_cat","embeddable":true,"href":"https:\/\/roveyayinevi.com.tr\/index.php\/wp-json\/wp\/v2\/product_cat?post=778812"},{"taxonomy":"product_tag","embeddable":true,"href":"https:\/\/roveyayinevi.com.tr\/index.php\/wp-json\/wp\/v2\/product_tag?post=778812"}],"curies":[{"name":"wp","href":"https:\/\/api.w.org\/{rel}","templated":true}]}}