{"id":778811,"date":"2025-11-21T12:12:16","date_gmt":"2025-11-21T09:12:16","guid":{"rendered":"https:\/\/roveyayinevi.com.tr\/index.php\/urun\/cocuk-gelisimi-alaninda-guncel-calismalar-i\/"},"modified":"2026-04-15T03:43:12","modified_gmt":"2026-04-15T00:43:12","slug":"cocuk-gelisimi-alaninda-guncel-calismalar-i","status":"publish","type":"product","link":"https:\/\/roveyayinevi.com.tr\/index.php\/urun\/cocuk-gelisimi-alaninda-guncel-calismalar-i\/","title":{"rendered":"\u00c7ocuk Geli\u015fimi Alan\u0131nda G\u00fcncel \u00c7al\u0131\u015fmalar &#8211; I"},"content":{"rendered":"<p>\u00c7ocuk Geli\u015fimi Alan\u0131nda G\u00fcncel Ara\u015ft\u0131rmalar-l, \u00e7ocuklar\u0131n geli\u015fim s\u00fcre\u00e7lerini farkl\u0131 y\u00f6nleriyle ele alan g\u00fcncel ve kapsaml\u0131 bir \u00e7al\u0131\u015fmad\u0131r. Kitapta; dikkat eksikli\u011fi ve hiperaktivite bozuklu\u011fu (DEHB), \u00f6zel \u00f6\u011frenme g\u00fc\u00e7l\u00fc\u011f\u00fc ve \u00fcst\u00fcn yeteneklilik gibi n\u00f6rogeli\u015fimsel \u00f6zelliklerin yan\u0131 s\u0131ra, erken d\u00f6nemde dil, ileti\u015fim ve \u00f6zerklik geli\u015fimi konular\u0131 da i\u015flenmektedir. Alan\u0131nda uzman yazarlar taraf\u0131ndan haz\u0131rlanan b\u00f6l\u00fcmler, hem akademik bilgi aray\u0131\u015f\u0131nda olan ara\u015ft\u0131rmac\u0131lar ve \u00f6\u011frenciler i\u00e7in hem de \u00e7ocuk geli\u015fimine ilgi duyan ebeveynler ve profesyoneller i\u00e7in yol g\u00f6sterici bir i\u00e7erik sunmaktad\u0131r. <\/p>\n","protected":false},"excerpt":{"rendered":"<p>\u00c7ocuk Geli\u015fimi Alan\u0131nda G\u00fcncel Ara\u015ft\u0131rmalar-l, \u00e7ocuklar\u0131n geli\u015fim s\u00fcre\u00e7lerini farkl\u0131 y\u00f6nleriyle ele alan g\u00fcncel ve kapsaml\u0131 bir \u00e7al\u0131\u015fmad\u0131r. Kitapta; dikkat eksikli\u011fi ve hiperaktivite bozuklu\u011fu (DEHB), \u00f6zel \u00f6\u011frenme<span class=\"excerpt-hellip\"> [\u2026]<\/span><\/p>\n","protected":false},"featured_media":0,"template":"","meta":{"_monsterinsights_skip_tracking":false,"_monsterinsights_sitenote_active":false,"_monsterinsights_sitenote_note":"","_monsterinsights_sitenote_category":0},"product_brand":[],"product_cat":[12357],"product_tag":[],"class_list":{"0":"post-778811","1":"product","2":"type-product","3":"status-publish","5":"product_cat-psikoloji","6":"pa_cilt-ciltsiz","7":"pa_tur-kitap","8":"pa_yayinevi-aktif-yayinevi","9":"pa_yazar-kolektif","11":"first","12":"instock","13":"sale","14":"shipping-taxable","15":"purchasable","16":"product-type-simple"},"_links":{"self":[{"href":"https:\/\/roveyayinevi.com.tr\/index.php\/wp-json\/wp\/v2\/product\/778811","targetHints":{"allow":["GET"]}}],"collection":[{"href":"https:\/\/roveyayinevi.com.tr\/index.php\/wp-json\/wp\/v2\/product"}],"about":[{"href":"https:\/\/roveyayinevi.com.tr\/index.php\/wp-json\/wp\/v2\/types\/product"}],"wp:attachment":[{"href":"https:\/\/roveyayinevi.com.tr\/index.php\/wp-json\/wp\/v2\/media?parent=778811"}],"wp:term":[{"taxonomy":"product_brand","embeddable":true,"href":"https:\/\/roveyayinevi.com.tr\/index.php\/wp-json\/wp\/v2\/product_brand?post=778811"},{"taxonomy":"product_cat","embeddable":true,"href":"https:\/\/roveyayinevi.com.tr\/index.php\/wp-json\/wp\/v2\/product_cat?post=778811"},{"taxonomy":"product_tag","embeddable":true,"href":"https:\/\/roveyayinevi.com.tr\/index.php\/wp-json\/wp\/v2\/product_tag?post=778811"}],"curies":[{"name":"wp","href":"https:\/\/api.w.org\/{rel}","templated":true}]}}