{"id":778810,"date":"2025-11-21T12:12:14","date_gmt":"2025-11-21T09:12:14","guid":{"rendered":"https:\/\/roveyayinevi.com.tr\/index.php\/urun\/cocuk-gelisimi-alaninda-guncel-calismalar-ii\/"},"modified":"2026-04-15T03:43:12","modified_gmt":"2026-04-15T00:43:12","slug":"cocuk-gelisimi-alaninda-guncel-calismalar-ii","status":"publish","type":"product","link":"https:\/\/roveyayinevi.com.tr\/index.php\/urun\/cocuk-gelisimi-alaninda-guncel-calismalar-ii\/","title":{"rendered":"\u00c7ocuk Geli\u015fimi Alan\u0131nda G\u00fcncel \u00c7al\u0131\u015fmalar * II"},"content":{"rendered":"<p>\u00c7ocuk Geli\u015fimi Alan\u0131nda G\u00fcncel Ara\u015ft\u0131rmalar-ll, \u00e7ocuk ve ergen geli\u015fiminin farkl\u0131 y\u00f6nlerini g\u00fcncel bir bak\u0131\u015f a\u00e7\u0131s\u0131yla elealan kapsaml\u0131 bir eserdir. Kitapta; ba\u011flanman\u0131n geli\u015fim \u00fczerindeki etkileri, \u00e7ocuklarda g\u00f6r\u00fclen davran\u0131\u015f sorunlar\u0131, erken d\u00f6nemde uyku problemleri, ku\u015faklar aras\u0131 travma aktar\u0131m\u0131n\u0131n ebeveyn tutumlar\u0131na yans\u0131malar\u0131 ve ergenlik d\u00f6neminde depresyon gibi \u00f6nemli konular i\u015flenmektedir. Alan\u0131nda uzman yazarlar\u0131n katk\u0131lar\u0131yla haz\u0131rlanan bu eser; ara\u015ft\u0131rmac\u0131lar, \u00f6\u011frenciler ve profesyoneller i\u00e7in de\u011ferli bir ba\u015fvuru kayna\u011f\u0131 olman\u0131n yan\u0131 s\u0131ra, \u00e7ocuklar\u0131n geli\u015fimini yak\u0131ndan anlamak isteyen ebeveynler i\u00e7in de yol g\u00f6sterici bilgiler sunmaktad\u0131r. <\/p>\n","protected":false},"excerpt":{"rendered":"<p>\u00c7ocuk Geli\u015fimi Alan\u0131nda G\u00fcncel Ara\u015ft\u0131rmalar-ll, \u00e7ocuk ve ergen geli\u015fiminin farkl\u0131 y\u00f6nlerini g\u00fcncel bir bak\u0131\u015f a\u00e7\u0131s\u0131yla elealan kapsaml\u0131 bir eserdir. Kitapta; ba\u011flanman\u0131n geli\u015fim \u00fczerindeki etkileri, \u00e7ocuklarda g\u00f6r\u00fclen<span class=\"excerpt-hellip\"> [\u2026]<\/span><\/p>\n","protected":false},"featured_media":0,"template":"","meta":{"_monsterinsights_skip_tracking":false,"_monsterinsights_sitenote_active":false,"_monsterinsights_sitenote_note":"","_monsterinsights_sitenote_category":0},"product_brand":[],"product_cat":[12357],"product_tag":[],"class_list":{"0":"post-778810","1":"product","2":"type-product","3":"status-publish","5":"product_cat-psikoloji","6":"pa_cilt-ciltsiz","7":"pa_tur-kitap","8":"pa_yayinevi-aktif-yayinevi","9":"pa_yazar-kolektif","11":"first","12":"instock","13":"sale","14":"shipping-taxable","15":"purchasable","16":"product-type-simple"},"_links":{"self":[{"href":"https:\/\/roveyayinevi.com.tr\/index.php\/wp-json\/wp\/v2\/product\/778810","targetHints":{"allow":["GET"]}}],"collection":[{"href":"https:\/\/roveyayinevi.com.tr\/index.php\/wp-json\/wp\/v2\/product"}],"about":[{"href":"https:\/\/roveyayinevi.com.tr\/index.php\/wp-json\/wp\/v2\/types\/product"}],"wp:attachment":[{"href":"https:\/\/roveyayinevi.com.tr\/index.php\/wp-json\/wp\/v2\/media?parent=778810"}],"wp:term":[{"taxonomy":"product_brand","embeddable":true,"href":"https:\/\/roveyayinevi.com.tr\/index.php\/wp-json\/wp\/v2\/product_brand?post=778810"},{"taxonomy":"product_cat","embeddable":true,"href":"https:\/\/roveyayinevi.com.tr\/index.php\/wp-json\/wp\/v2\/product_cat?post=778810"},{"taxonomy":"product_tag","embeddable":true,"href":"https:\/\/roveyayinevi.com.tr\/index.php\/wp-json\/wp\/v2\/product_tag?post=778810"}],"curies":[{"name":"wp","href":"https:\/\/api.w.org\/{rel}","templated":true}]}}