{"id":778809,"date":"2025-11-21T12:10:36","date_gmt":"2025-11-21T09:10:36","guid":{"rendered":"https:\/\/roveyayinevi.com.tr\/index.php\/urun\/antik-ve-klasik-kaynaklarin-isiginda-sinop-ve-cevresinin-tarihi\/"},"modified":"2026-04-15T03:43:04","modified_gmt":"2026-04-15T00:43:04","slug":"antik-ve-klasik-kaynaklarin-isiginda-sinop-ve-cevresinin-tarihi","status":"publish","type":"product","link":"https:\/\/roveyayinevi.com.tr\/index.php\/urun\/antik-ve-klasik-kaynaklarin-isiginda-sinop-ve-cevresinin-tarihi\/","title":{"rendered":"Antik Ve Klasik Kaynaklar\u0131n I\u015f\u0131\u011f\u0131nda Sinop Ve \u00c7evresinin Tarihi"},"content":{"rendered":"<p>Kendisi k\u00fc\u00e7\u00fck ama fonksiyonu b\u00fcy\u00fck bir kenttir Sinop. Do\u011fal ve korunakl\u0131 limanlar\u0131, bu kente hem g\u00fcvenlik a\u00e7\u0131s\u0131ndan hem de ticar\u00ee a\u00e7\u0131dan b\u00fcy\u00fck avantajlar sa\u011flam\u0131\u015ft\u0131r.      Hititler \u00e7a\u011f\u0131nda Hititlerin amans\u0131z d\u00fc\u015fmanlar\u0131 aras\u0131nda g\u00f6sterilen Ga\u015fkalar\u0131n ya\u015fam alanlar\u0131ndan biri olan Sinop, M\u00d6 8. y\u00fczy\u0131l\u0131n sonlar\u0131nda Kimmerlerin i\u015fgaline u\u011fram\u0131\u015f ve uzun s\u00fcre Kimmerlere ba\u015fkentlik etmi\u015ftir. M\u00d6 7. y\u00fczy\u0131l ortalar\u0131nda Miletos\u2019lular taraf\u0131ndan kolonize edilen ve art\u0131k Sinope ad\u0131yla an\u0131lmaya ba\u015flanan kent, ayn\u0131 zamanda Amisos (Samsun), Kotyora (Ordu), Kerasus (Giresun) ve Trapezus (Trabzon) kolonilerinin de kurucusudur. M\u00d6 2. y\u00fczy\u0131ldan itibaren de Pontos Krall\u0131\u011f\u0131\u2019n\u0131n ba\u015fkenti olmu\u015ftur. Sinope, en mutlu d\u00f6nemini Romal\u0131lar\u0131n egemenli\u011fi alt\u0131ndayken ya\u015fam\u0131\u015ft\u0131r.      Sinop\u2019un g\u00fcn\u00fcm\u00fczde bile en mutlu kent olarak g\u00f6sterilmesinin temeli asl\u0131nda zaman\u0131m\u0131zdan yakla\u015f\u0131k 2100 y\u0131l \u00f6ncesinde ya\u015fanan bir hadiseye dayanmaktad\u0131r. Yunanl\u0131 Tarih\u00e7i Plutarkhos\u2019un (MS 46-120) \u201cParalel Hayatlar\u201d adl\u0131 eserinden anla\u015f\u0131ld\u0131\u011f\u0131na g\u00f6re, Romal\u0131 komutan Lukullus, M\u00d6 70 y\u0131l\u0131nda Sinope\u2019yi Kilikyal\u0131 korsanlardan temizlemi\u015f ve bu korsanlar\u0131n Sinope halk\u0131ndan zorla ald\u0131\u011f\u0131 mallar\u0131n\u0131 da onlara iade etmi\u015f ve bundan sonra Sinope\u2019lileri mutlu bir \u015fekilde ya\u015fataca\u011f\u0131na dair s\u00f6z vermi\u015f, hatta Roma ad\u0131na, onlar\u0131n mutlulu\u011funu garanti etmi\u015ftir.      Demek oluyor ki, Sinop\u2019un ve Sinoplular\u0131n mutlulu\u011fu anketlerden \u00e7ok, yukar\u0131da bahsi ge\u00e7en ve g\u00fcn\u00fcm\u00fczden neredeyse 2100 y\u0131l \u00f6nce vuku buldu\u011fu anla\u015f\u0131lan hadiseye dayanmaktad\u0131r. Ger\u00e7ekten, Sinope ve \u00e7evresi Romal\u0131lar\u0131n idaresi alt\u0131nda gerek sosyal gerekse ekonomik y\u00f6nden \u00e7ok rahat etmi\u015f, zenginle\u015fmi\u015ftir. <\/p>\n","protected":false},"excerpt":{"rendered":"<p>Kendisi k\u00fc\u00e7\u00fck ama fonksiyonu b\u00fcy\u00fck bir kenttir Sinop. Do\u011fal ve korunakl\u0131 limanlar\u0131, bu kente hem g\u00fcvenlik a\u00e7\u0131s\u0131ndan hem de ticar\u00ee a\u00e7\u0131dan b\u00fcy\u00fck avantajlar sa\u011flam\u0131\u015ft\u0131r. Hititler \u00e7a\u011f\u0131nda<span class=\"excerpt-hellip\"> [\u2026]<\/span><\/p>\n","protected":false},"featured_media":0,"template":"","meta":{"_monsterinsights_skip_tracking":false,"_monsterinsights_sitenote_active":false,"_monsterinsights_sitenote_note":"","_monsterinsights_sitenote_category":0},"product_brand":[],"product_cat":[12370,12304],"product_tag":[],"class_list":{"0":"post-778809","1":"product","2":"type-product","3":"status-publish","5":"product_cat-arastirma-inceleme","6":"product_cat-tarih","7":"pa_cilt-ciltsiz","8":"pa_tur-kitap","9":"pa_yayinevi-ideal-kultur-akademik","10":"pa_yazar-ekrem-memis","12":"first","13":"instock","14":"sale","15":"shipping-taxable","16":"purchasable","17":"product-type-simple"},"_links":{"self":[{"href":"https:\/\/roveyayinevi.com.tr\/index.php\/wp-json\/wp\/v2\/product\/778809","targetHints":{"allow":["GET"]}}],"collection":[{"href":"https:\/\/roveyayinevi.com.tr\/index.php\/wp-json\/wp\/v2\/product"}],"about":[{"href":"https:\/\/roveyayinevi.com.tr\/index.php\/wp-json\/wp\/v2\/types\/product"}],"wp:attachment":[{"href":"https:\/\/roveyayinevi.com.tr\/index.php\/wp-json\/wp\/v2\/media?parent=778809"}],"wp:term":[{"taxonomy":"product_brand","embeddable":true,"href":"https:\/\/roveyayinevi.com.tr\/index.php\/wp-json\/wp\/v2\/product_brand?post=778809"},{"taxonomy":"product_cat","embeddable":true,"href":"https:\/\/roveyayinevi.com.tr\/index.php\/wp-json\/wp\/v2\/product_cat?post=778809"},{"taxonomy":"product_tag","embeddable":true,"href":"https:\/\/roveyayinevi.com.tr\/index.php\/wp-json\/wp\/v2\/product_tag?post=778809"}],"curies":[{"name":"wp","href":"https:\/\/api.w.org\/{rel}","templated":true}]}}