{"id":778805,"date":"2025-11-21T06:08:55","date_gmt":"2025-11-21T03:08:55","guid":{"rendered":"https:\/\/roveyayinevi.com.tr\/index.php\/urun\/korkma-ben-varim\/"},"modified":"2026-04-16T02:32:53","modified_gmt":"2026-04-15T23:32:53","slug":"korkma-ben-varim","status":"publish","type":"product","link":"https:\/\/roveyayinevi.com.tr\/index.php\/urun\/korkma-ben-varim\/","title":{"rendered":"Korkma Ben Var\u0131m"},"content":{"rendered":"<p>\u201cTuhaf adamlar acayip ko\u015fullarda laz\u0131m olabilir.\u201dFu, G\u00f6n\u00fcl \u0130\u015fleri Bakanl\u0131\u011f\u0131\u2019n\u0131n 22 \u00fcyesini katledenleri bulabilecek mi?M\u00fcntekim G\u0131c\u0131rbey ba\u015fkalar\u0131n\u0131n intikam\u0131n\u0131 alarak nereye varacak?Enver Pa\u015fa nas\u0131l bu kadar \u00e7ekici bir centilmen olmu\u015f?Hayati Tehlike ne t\u00fcr bir canavar?..\u015eebnem \u015eibumi yanl\u0131\u015f adama m\u0131 verdi kalbini?Bakanl\u0131ktan A\u015fKart almak, a\u015fk\u0131 kan\u0131tlamaya yeter mi?Dev Abd\u00fclcabbar, Ruhiye Teyze, Abidin Dandini, U\u00e7an K\u0131z,Atom Bombac\u0131yan, Korkut \u00dcneli, cin Jajha ve papa\u011fan Huduni&#8230;hepsi bu destans\u0131 macerada.Korkma Ben Var\u0131m, a\u015fk dolu bir macera roman\u0131.Yo, macera dolu bir a\u015fk roman\u0131!<\/p>\n","protected":false},"excerpt":{"rendered":"<p>\u201cTuhaf adamlar acayip ko\u015fullarda laz\u0131m olabilir.\u201dFu, G\u00f6n\u00fcl \u0130\u015fleri Bakanl\u0131\u011f\u0131\u2019n\u0131n 22 \u00fcyesini katledenleri bulabilecek mi?M\u00fcntekim G\u0131c\u0131rbey ba\u015fkalar\u0131n\u0131n intikam\u0131n\u0131 alarak nereye varacak?Enver Pa\u015fa nas\u0131l bu kadar \u00e7ekici bir<span class=\"excerpt-hellip\"> [\u2026]<\/span><\/p>\n","protected":false},"featured_media":0,"template":"","meta":{"_monsterinsights_skip_tracking":false,"_monsterinsights_sitenote_active":false,"_monsterinsights_sitenote_note":"","_monsterinsights_sitenote_category":0},"product_brand":[],"product_cat":[12291,12711],"product_tag":[],"class_list":{"0":"post-778805","1":"product","2":"type-product","3":"status-publish","5":"product_cat-edebiyat","6":"product_cat-roman-oyku","7":"pa_cilt-ciltsiz","8":"pa_tur-kitap","9":"pa_yayinevi-alfa-yayinlari","10":"pa_yazar-murat-mentes","12":"first","13":"instock","14":"sale","15":"shipping-taxable","16":"purchasable","17":"product-type-simple"},"_links":{"self":[{"href":"https:\/\/roveyayinevi.com.tr\/index.php\/wp-json\/wp\/v2\/product\/778805","targetHints":{"allow":["GET"]}}],"collection":[{"href":"https:\/\/roveyayinevi.com.tr\/index.php\/wp-json\/wp\/v2\/product"}],"about":[{"href":"https:\/\/roveyayinevi.com.tr\/index.php\/wp-json\/wp\/v2\/types\/product"}],"wp:attachment":[{"href":"https:\/\/roveyayinevi.com.tr\/index.php\/wp-json\/wp\/v2\/media?parent=778805"}],"wp:term":[{"taxonomy":"product_brand","embeddable":true,"href":"https:\/\/roveyayinevi.com.tr\/index.php\/wp-json\/wp\/v2\/product_brand?post=778805"},{"taxonomy":"product_cat","embeddable":true,"href":"https:\/\/roveyayinevi.com.tr\/index.php\/wp-json\/wp\/v2\/product_cat?post=778805"},{"taxonomy":"product_tag","embeddable":true,"href":"https:\/\/roveyayinevi.com.tr\/index.php\/wp-json\/wp\/v2\/product_tag?post=778805"}],"curies":[{"name":"wp","href":"https:\/\/api.w.org\/{rel}","templated":true}]}}