{"id":778803,"date":"2025-11-20T12:06:34","date_gmt":"2025-11-20T09:06:34","guid":{"rendered":"https:\/\/roveyayinevi.com.tr\/index.php\/urun\/akilli-tavsan-momo-boyama-kitabi\/"},"modified":"2025-11-21T12:17:05","modified_gmt":"2025-11-21T09:17:05","slug":"akilli-tavsan-momo-boyama-kitabi","status":"publish","type":"product","link":"https:\/\/roveyayinevi.com.tr\/index.php\/urun\/akilli-tavsan-momo-boyama-kitabi\/","title":{"rendered":"Ak\u0131ll\u0131 Tav\u015fan Momo Boyama Kitab\u0131"},"content":{"rendered":"<p>TRT \u00c7ocuk\u2019un sevilen karakteri Ak\u0131ll\u0131 Tav\u015fan Momo, \u015fimdi \u00e7ocuklar\u0131n ellerinde canlan\u0131yor!   Her biri \u00f6zenle haz\u0131rlanm\u0131\u015f 36 (otuzalt\u0131) sayfadan olu\u015fan bu boyama kitab\u0131nda, Ak\u0131ll\u0131 Tav\u015fan Momo ve arkada\u015flar\u0131n\u0131n maceralar\u0131 \u00e7ocuklar\u0131n hayal g\u00fcc\u00fcyle birle\u015fiyor.Sayfalar\u0131n arka y\u00fczlerinin bo\u015f ve perforajl\u0131 olmas\u0131 sayesinde minikler boyad\u0131klar\u0131 sahneleri kolayca kopar\u0131p sevdiklerine hediye edebiliyor ya da odalar\u0131n\u0131n duvarlar\u0131n\u0131 s\u00fcsleyebiliyor. \u00dcstelik her sayfa \u00e7er\u00e7eve i\u00e7ine al\u0131nm\u0131\u015f \u00f6zel tasar\u0131m\u0131yla, \u00e7ocuklar\u0131n sayfan\u0131n tamam\u0131n\u0131 boyamas\u0131na olanak tan\u0131yor \u2014 b\u00f6ylece hem dikkat becerileri geli\u015fiyor hem de ortaya \u00e7\u0131kan eser bir tablo kadar de\u011ferli oluyor. <\/p>\n","protected":false},"excerpt":{"rendered":"<p>TRT \u00c7ocuk\u2019un sevilen karakteri Ak\u0131ll\u0131 Tav\u015fan Momo, \u015fimdi \u00e7ocuklar\u0131n ellerinde canlan\u0131yor! Her biri \u00f6zenle haz\u0131rlanm\u0131\u015f 36 (otuzalt\u0131) sayfadan olu\u015fan bu boyama kitab\u0131nda, Ak\u0131ll\u0131 Tav\u015fan Momo ve<span class=\"excerpt-hellip\"> [\u2026]<\/span><\/p>\n","protected":false},"featured_media":0,"template":"","meta":{"_monsterinsights_skip_tracking":false,"_monsterinsights_sitenote_active":false,"_monsterinsights_sitenote_note":"","_monsterinsights_sitenote_category":0},"product_brand":[],"product_cat":[12644,12274],"product_tag":[],"class_list":{"0":"post-778803","1":"product","2":"type-product","3":"status-publish","5":"product_cat-boyama-kitaplari","6":"product_cat-cocuk-ve-genclik-kitaplari","7":"pa_cilt-ciltsiz","8":"pa_tur-kitap","9":"pa_yayinevi-sayda-yayincilik","10":"pa_yazar-kolektif","12":"first","13":"instock","14":"sale","15":"shipping-taxable","16":"purchasable","17":"product-type-simple"},"_links":{"self":[{"href":"https:\/\/roveyayinevi.com.tr\/index.php\/wp-json\/wp\/v2\/product\/778803","targetHints":{"allow":["GET"]}}],"collection":[{"href":"https:\/\/roveyayinevi.com.tr\/index.php\/wp-json\/wp\/v2\/product"}],"about":[{"href":"https:\/\/roveyayinevi.com.tr\/index.php\/wp-json\/wp\/v2\/types\/product"}],"wp:attachment":[{"href":"https:\/\/roveyayinevi.com.tr\/index.php\/wp-json\/wp\/v2\/media?parent=778803"}],"wp:term":[{"taxonomy":"product_brand","embeddable":true,"href":"https:\/\/roveyayinevi.com.tr\/index.php\/wp-json\/wp\/v2\/product_brand?post=778803"},{"taxonomy":"product_cat","embeddable":true,"href":"https:\/\/roveyayinevi.com.tr\/index.php\/wp-json\/wp\/v2\/product_cat?post=778803"},{"taxonomy":"product_tag","embeddable":true,"href":"https:\/\/roveyayinevi.com.tr\/index.php\/wp-json\/wp\/v2\/product_tag?post=778803"}],"curies":[{"name":"wp","href":"https:\/\/api.w.org\/{rel}","templated":true}]}}